{"id":603,"date":"2018-10-10T19:08:36","date_gmt":"2018-10-10T19:08:36","guid":{"rendered":"http:\/\/shopwcseu.com\/?post_type=product&#038;p=603"},"modified":"2023-12-05T06:44:02","modified_gmt":"2023-12-05T06:44:02","slug":"tomahawk-203","status":"publish","type":"product","link":"https:\/\/shopwcseu.com\/es\/producto\/tomahawk-203\/","title":{"rendered":"TOMAHAWK 203"},"content":{"rendered":"<p>Trampa plegable USA<\/p>\n<p>Cage piege pliable made in USA<\/p>\n<p>Dimensions: 60,96 x15,24 x 15,24 cms..<\/p>\n<p><strong>Tomahawk Live Trap, Model 203<\/strong>, is a collapsible trap with two trap doors for squirrels, muskrats and similar size animals.<\/p>\n<p><strong>Tomahawk Live Traps<\/strong>\u00a0Original Collapsible Traps with Two Trap Doors<\/p>\n<ul>\n<li><strong>Superior quality.<\/strong>\u00a0Same great design, materials, and specifications as all of our traps in the Tomahawk Original Series.<\/li>\n<li><strong>Minimal storage space required.<\/strong>\u00a0Folds flat when not in use and take about 1\/10th the storage space as rigid traps.<\/li>\n<li><strong>Simple to fold and unfold.\u00a0<\/strong>Traps fold flat in just a few seconds, and set up just as quickly.<\/li>\n<li><strong>No assembly required.<\/strong>\u00a0Collapsible traps come completely assembled.<\/li>\n<li><strong>Carry more traps at one time.<\/strong>\u00a0Collapsible traps allow you to carry and deploy more of them in the field at one time.<\/li>\n<li><strong>Calms weary animals.<\/strong>\u00a0Trap doors at both ends allow animals to see through the trap without obstruction and enter with confidence.<\/li>\n<li><strong>Allows entry from either end.\u00a0<\/strong>Trap doors at both ends allow animals to enter the trap from either end, increasing your chances of success.<\/li>\n<li><strong>Two locking trap doors.<\/strong>\u00a0When an animal sets off the trap by stepping on the trip pan, both spring loaded doors simultaneously snap shut and lock into place, making escape virtually impossible.<\/li>\n<\/ul>\n<p>Le mod\u00e8le 203 de Tomahawk Live Trap est un pi\u00e8ge pliable avec deux trappes pour les \u00e9cureuils, les rats musqu\u00e9s et les animaux de taille similaire.<\/p>\n<p>Tomahawk Live Traps Pi\u00e8ges d\u00e9montables d&#8217;origine avec deux portes de pi\u00e8ge<\/p>\n<p>Qualit\u00e9 sup\u00e9rieure. Les m\u00eames conception, mat\u00e9riaux et sp\u00e9cifications que tous nos pi\u00e8ges de la s\u00e9rie Tomahawk Original.<br \/>\nEspace de stockage minimal requis. Se plie \u00e0 plat lorsqu&#8217;il n&#8217;est pas utilis\u00e9 et occupe environ 1\/10 de l&#8217;espace de stockage sous forme de pi\u00e8ge rigide.<br \/>\nSimple \u00e0 plier et d\u00e9plier. Les pi\u00e8ges se plient en quelques secondes et se mettent en place tout aussi rapidement.<br \/>\nAucun assemblage requis. Les pi\u00e8ges pliants sont livr\u00e9s compl\u00e8tement assembl\u00e9s.<br \/>\nPortez plus de pi\u00e8ges en m\u00eame temps. Les pi\u00e8ges pliables vous permettent de transporter et de d\u00e9ployer plusieurs d&#8217;entre eux sur le terrain en m\u00eame temps.<br \/>\nCalme les animaux fatigu\u00e9s. Les portes des pi\u00e8ges aux deux extr\u00e9mit\u00e9s permettent aux animaux de voir \u00e0 travers le pi\u00e8ge sans obstruction et d&#8217;entrer avec confiance.<br \/>\nPermet l&#8217;entr\u00e9e de chaque extr\u00e9mit\u00e9. Les portes des pi\u00e8ges aux deux extr\u00e9mit\u00e9s permettent aux animaux de p\u00e9n\u00e9trer dans le pi\u00e8ge, ce qui augmente vos chances de r\u00e9ussite.<br \/>\nDeux trappes verrouillables. Lorsqu&#8217;un animal d\u00e9clenche le pi\u00e8ge en marchant sur le plateau de d\u00e9clenchement, les deux portes \u00e0 ressort se referment et se verrouillent simultan\u00e9ment, ce qui rend la fuite pratiquement impossible.<\/p>\n","protected":false},"excerpt":{"rendered":"<p>Trampa plegable USA Cage piege pliable made in USA Dimensions: 60,96 x15,24 x 15,24 cms.. Tomahawk Live Trap, Model 203, is a collapsible trap with two trap doors for squirrels, muskrats and similar size animals. Tomahawk Live Traps\u00a0Original Collapsible Traps with Two Trap Doors Superior quality.\u00a0Same great design, materials, and specifications as all of our [&hellip;]<\/p>\n","protected":false},"featured_media":601,"template":"","meta":[],"product_brand":[],"product_cat":[38],"product_tag":[],"class_list":{"0":"post-603","1":"product","2":"type-product","3":"status-publish","4":"has-post-thumbnail","6":"product_cat-jaulas-trampa","8":"first","9":"instock","10":"shipping-taxable","11":"purchasable","12":"product-type-simple"},"yoast_head":"<!-- This site is optimized with the Yoast SEO plugin v27.0 - https:\/\/yoast.com\/product\/yoast-seo-wordpress\/ -->\n<title>TOMAHAWK 203 - Wildlife Control Supplies EU<\/title>\n<meta name=\"robots\" content=\"index, follow, max-snippet:-1, max-image-preview:large, max-video-preview:-1\" \/>\n<link rel=\"canonical\" href=\"https:\/\/shopwcseu.com\/producto\/tomahawk-203\/\" \/>\n<meta property=\"og:locale\" content=\"es_ES\" \/>\n<meta property=\"og:type\" content=\"article\" \/>\n<meta property=\"og:title\" content=\"TOMAHAWK 203 - Wildlife Control Supplies EU\" \/>\n<meta property=\"og:description\" content=\"Trampa plegable USA Cage piege pliable made in USA Dimensions: 60,96 x15,24 x 15,24 cms.. Tomahawk Live Trap, Model 203, is a collapsible trap with two trap doors for squirrels, muskrats and similar size animals. Tomahawk Live Traps\u00a0Original Collapsible Traps with Two Trap Doors Superior quality.\u00a0Same great design, materials, and specifications as all of our [&hellip;]\" \/>\n<meta property=\"og:url\" content=\"https:\/\/shopwcseu.com\/producto\/tomahawk-203\/\" \/>\n<meta property=\"og:site_name\" content=\"Wildlife Control Supplies EU\" \/>\n<meta property=\"article:modified_time\" content=\"2023-12-05T06:44:02+00:00\" \/>\n<meta property=\"og:image\" content=\"https:\/\/shopwcseu.com\/wp-content\/uploads\/2018\/10\/TLT207_1000px_242x242.jpg\" \/>\n\t<meta property=\"og:image:width\" content=\"242\" \/>\n\t<meta property=\"og:image:height\" content=\"242\" \/>\n\t<meta property=\"og:image:type\" content=\"image\/jpeg\" \/>\n<meta name=\"twitter:card\" content=\"summary_large_image\" \/>\n<meta name=\"twitter:label1\" content=\"Tiempo de lectura\" \/>\n\t<meta name=\"twitter:data1\" content=\"2 minutos\" \/>\n<script type=\"application\/ld+json\" class=\"yoast-schema-graph\">{\"@context\":\"https:\/\/schema.org\",\"@graph\":[{\"@type\":\"WebPage\",\"@id\":\"https:\/\/shopwcseu.com\/producto\/tomahawk-203\/\",\"url\":\"https:\/\/shopwcseu.com\/producto\/tomahawk-203\/\",\"name\":\"TOMAHAWK 203 - Wildlife Control Supplies EU\",\"isPartOf\":{\"@id\":\"https:\/\/shopwcseu.com\/es\/#website\"},\"primaryImageOfPage\":{\"@id\":\"https:\/\/shopwcseu.com\/producto\/tomahawk-203\/#primaryimage\"},\"image\":{\"@id\":\"https:\/\/shopwcseu.com\/producto\/tomahawk-203\/#primaryimage\"},\"thumbnailUrl\":\"https:\/\/shopwcseu.com\/wp-content\/uploads\/2018\/10\/TLT207_1000px_242x242.jpg\",\"datePublished\":\"2018-10-10T19:08:36+00:00\",\"dateModified\":\"2023-12-05T06:44:02+00:00\",\"breadcrumb\":{\"@id\":\"https:\/\/shopwcseu.com\/producto\/tomahawk-203\/#breadcrumb\"},\"inLanguage\":\"es\",\"potentialAction\":[{\"@type\":\"ReadAction\",\"target\":[\"https:\/\/shopwcseu.com\/producto\/tomahawk-203\/\"]}]},{\"@type\":\"ImageObject\",\"inLanguage\":\"es\",\"@id\":\"https:\/\/shopwcseu.com\/producto\/tomahawk-203\/#primaryimage\",\"url\":\"https:\/\/shopwcseu.com\/wp-content\/uploads\/2018\/10\/TLT207_1000px_242x242.jpg\",\"contentUrl\":\"https:\/\/shopwcseu.com\/wp-content\/uploads\/2018\/10\/TLT207_1000px_242x242.jpg\",\"width\":242,\"height\":242},{\"@type\":\"BreadcrumbList\",\"@id\":\"https:\/\/shopwcseu.com\/producto\/tomahawk-203\/#breadcrumb\",\"itemListElement\":[{\"@type\":\"ListItem\",\"position\":1,\"name\":\"Home\",\"item\":\"https:\/\/shopwcseu.com\/es\/\"},{\"@type\":\"ListItem\",\"position\":2,\"name\":\"Productos\",\"item\":\"https:\/\/shopwcseu.com\/es\/products\/\"},{\"@type\":\"ListItem\",\"position\":3,\"name\":\"TOMAHAWK 203\"}]},{\"@type\":\"WebSite\",\"@id\":\"https:\/\/shopwcseu.com\/es\/#website\",\"url\":\"https:\/\/shopwcseu.com\/es\/\",\"name\":\"Wildlife Control Supplies EU\",\"description\":\"La tienda de suministros de material de captura m\u00e1s grande de Europa\",\"potentialAction\":[{\"@type\":\"SearchAction\",\"target\":{\"@type\":\"EntryPoint\",\"urlTemplate\":\"https:\/\/shopwcseu.com\/es\/?s={search_term_string}\"},\"query-input\":{\"@type\":\"PropertyValueSpecification\",\"valueRequired\":true,\"valueName\":\"search_term_string\"}}],\"inLanguage\":\"es\"}]}<\/script>\n<!-- \/ Yoast SEO plugin. -->","yoast_head_json":{"title":"TOMAHAWK 203 - Wildlife Control Supplies EU","robots":{"index":"index","follow":"follow","max-snippet":"max-snippet:-1","max-image-preview":"max-image-preview:large","max-video-preview":"max-video-preview:-1"},"canonical":"https:\/\/shopwcseu.com\/producto\/tomahawk-203\/","og_locale":"es_ES","og_type":"article","og_title":"TOMAHAWK 203 - Wildlife Control Supplies EU","og_description":"Trampa plegable USA Cage piege pliable made in USA Dimensions: 60,96 x15,24 x 15,24 cms.. Tomahawk Live Trap, Model 203, is a collapsible trap with two trap doors for squirrels, muskrats and similar size animals. Tomahawk Live Traps\u00a0Original Collapsible Traps with Two Trap Doors Superior quality.\u00a0Same great design, materials, and specifications as all of our [&hellip;]","og_url":"https:\/\/shopwcseu.com\/producto\/tomahawk-203\/","og_site_name":"Wildlife Control Supplies EU","article_modified_time":"2023-12-05T06:44:02+00:00","og_image":[{"width":242,"height":242,"url":"https:\/\/shopwcseu.com\/wp-content\/uploads\/2018\/10\/TLT207_1000px_242x242.jpg","type":"image\/jpeg"}],"twitter_card":"summary_large_image","twitter_misc":{"Tiempo de lectura":"2 minutos"},"schema":{"@context":"https:\/\/schema.org","@graph":[{"@type":"WebPage","@id":"https:\/\/shopwcseu.com\/producto\/tomahawk-203\/","url":"https:\/\/shopwcseu.com\/producto\/tomahawk-203\/","name":"TOMAHAWK 203 - Wildlife Control Supplies EU","isPartOf":{"@id":"https:\/\/shopwcseu.com\/es\/#website"},"primaryImageOfPage":{"@id":"https:\/\/shopwcseu.com\/producto\/tomahawk-203\/#primaryimage"},"image":{"@id":"https:\/\/shopwcseu.com\/producto\/tomahawk-203\/#primaryimage"},"thumbnailUrl":"https:\/\/shopwcseu.com\/wp-content\/uploads\/2018\/10\/TLT207_1000px_242x242.jpg","datePublished":"2018-10-10T19:08:36+00:00","dateModified":"2023-12-05T06:44:02+00:00","breadcrumb":{"@id":"https:\/\/shopwcseu.com\/producto\/tomahawk-203\/#breadcrumb"},"inLanguage":"es","potentialAction":[{"@type":"ReadAction","target":["https:\/\/shopwcseu.com\/producto\/tomahawk-203\/"]}]},{"@type":"ImageObject","inLanguage":"es","@id":"https:\/\/shopwcseu.com\/producto\/tomahawk-203\/#primaryimage","url":"https:\/\/shopwcseu.com\/wp-content\/uploads\/2018\/10\/TLT207_1000px_242x242.jpg","contentUrl":"https:\/\/shopwcseu.com\/wp-content\/uploads\/2018\/10\/TLT207_1000px_242x242.jpg","width":242,"height":242},{"@type":"BreadcrumbList","@id":"https:\/\/shopwcseu.com\/producto\/tomahawk-203\/#breadcrumb","itemListElement":[{"@type":"ListItem","position":1,"name":"Home","item":"https:\/\/shopwcseu.com\/es\/"},{"@type":"ListItem","position":2,"name":"Productos","item":"https:\/\/shopwcseu.com\/es\/products\/"},{"@type":"ListItem","position":3,"name":"TOMAHAWK 203"}]},{"@type":"WebSite","@id":"https:\/\/shopwcseu.com\/es\/#website","url":"https:\/\/shopwcseu.com\/es\/","name":"Wildlife Control Supplies EU","description":"La tienda de suministros de material de captura m\u00e1s grande de Europa","potentialAction":[{"@type":"SearchAction","target":{"@type":"EntryPoint","urlTemplate":"https:\/\/shopwcseu.com\/es\/?s={search_term_string}"},"query-input":{"@type":"PropertyValueSpecification","valueRequired":true,"valueName":"search_term_string"}}],"inLanguage":"es"}]}},"_links":{"self":[{"href":"https:\/\/shopwcseu.com\/es\/wp-json\/wp\/v2\/product\/603","targetHints":{"allow":["GET"]}}],"collection":[{"href":"https:\/\/shopwcseu.com\/es\/wp-json\/wp\/v2\/product"}],"about":[{"href":"https:\/\/shopwcseu.com\/es\/wp-json\/wp\/v2\/types\/product"}],"wp:featuredmedia":[{"embeddable":true,"href":"https:\/\/shopwcseu.com\/es\/wp-json\/wp\/v2\/media\/601"}],"wp:attachment":[{"href":"https:\/\/shopwcseu.com\/es\/wp-json\/wp\/v2\/media?parent=603"}],"wp:term":[{"taxonomy":"product_brand","embeddable":true,"href":"https:\/\/shopwcseu.com\/es\/wp-json\/wp\/v2\/product_brand?post=603"},{"taxonomy":"product_cat","embeddable":true,"href":"https:\/\/shopwcseu.com\/es\/wp-json\/wp\/v2\/product_cat?post=603"},{"taxonomy":"product_tag","embeddable":true,"href":"https:\/\/shopwcseu.com\/es\/wp-json\/wp\/v2\/product_tag?post=603"}],"curies":[{"name":"wp","href":"https:\/\/api.w.org\/{rel}","templated":true}]}}