{"id":554,"date":"2018-10-04T08:44:13","date_gmt":"2018-10-04T08:44:13","guid":{"rendered":"http:\/\/shopwcseu.com\/?post_type=product&#038;p=554"},"modified":"2024-01-03T10:56:33","modified_gmt":"2024-01-03T10:56:33","slug":"havalon-original-piranta-pro-skinning-knife","status":"publish","type":"product","link":"https:\/\/shopwcseu.com\/es\/producto\/havalon-original-piranta-pro-skinning-knife\/","title":{"rendered":"HAVALON ORIGINAL PIRANTA @ PRO SKINNING KNIFE"},"content":{"rendered":"<p>Para despellejar las pieles.<\/p>\n<p>The Havalon Original Piranta Pro Skinning Knife features a stainless steel handle with G-10 inlay.\u00a0 It comes with 12 additional stainless steel #60XT 2 3\/4&#8243; blades and a belt holster.\u00a0 Time and again satisfied customers skin and cape a whitetail with one blade.\u00a0 Some guys skin an entire elk with one blade.\u00a0 So 12 additional blades is like getting 12 fresh knives, and they only weigh three ounces.<\/p>\n<div class=\"product-tab-header-footer\">The overall length of the knife open is 6-3\/4&#8243;.\u00a0 You&#8217;ll like the easy-grip finger grooves, ambidextrous thumb studs for one hand opening, frame lock construction, bead blasted finish, lanyard opening and pocket clip.<\/div>\n<div class=\"product-tab-header-footer\">It&#8217;s a Piranta, so it&#8217;s the sharpest knife you&#8217;ll ever use.\u00a0 And with no more sharpening &#8211; just snap on another blade and go &#8211; you&#8217;ll get your hide home faster<\/div>\n<div><\/div>\n<div>\n<p>Le couteau \u00e0 r\u00e9curer Havanta Original Piranta Pro est dot\u00e9 d&#8217;un manche en acier inoxydable avec incrustation G-10. Il est fourni avec 12 lames suppl\u00e9mentaires en acier inoxydable n \u00b0 60XT de 2 3\/4 \u00abet un \u00e9tui de ceinture. Les clients toujours satisfaits satisfont \u00e0 la peau et coiffent un voile blanc avec une lame. Certains joueurs \u00e9corchent un wapiti entier avec une lame. Ainsi, 12 lames suppl\u00e9mentaires obtenir 12 couteaux frais, et ils ne p\u00e8sent que trois onces.<\/p>\n<p>La longueur totale du couteau ouvert est de 6 3\/4 \u00ab. Vous aimerez les rainures pour les doigts, les goujons de pouce ambidextre pour une ouverture \u00e0 la main, la construction \u00e0 cadenas, la finition souffl\u00e9e aux perles, l\u2019ouverture du cordon et le clip de poche.<br \/>\nC&#8217;est un Piranta, donc c&#8217;est le couteau le plus tranchant que vous utiliserez jamais. Et sans plus d&#8217;aff\u00fbtage &#8211; il suffit de casser une autre lame et de partir &#8211; vous obtiendrez votre peau plus rapidement<\/p>\n<\/div>\n","protected":false},"excerpt":{"rendered":"<p>https:\/\/youtu.be\/aOKpTACZ8lk<\/p>\n","protected":false},"featured_media":542,"template":"","meta":[],"product_brand":[],"product_cat":[26],"product_tag":[],"class_list":{"0":"post-554","1":"product","2":"type-product","3":"status-publish","4":"has-post-thumbnail","6":"product_cat-cuchillos","8":"first","9":"instock","10":"shipping-taxable","11":"purchasable","12":"product-type-simple"},"yoast_head":"<!-- This site is optimized with the Yoast SEO plugin v27.0 - https:\/\/yoast.com\/product\/yoast-seo-wordpress\/ -->\n<title>HAVALON ORIGINAL PIRANTA @ PRO SKINNING KNIFE - Wildlife Control Supplies EU<\/title>\n<meta name=\"robots\" content=\"index, follow, max-snippet:-1, max-image-preview:large, max-video-preview:-1\" \/>\n<link rel=\"canonical\" href=\"https:\/\/shopwcseu.com\/producto\/havalon-original-piranta-pro-skinning-knife\/\" \/>\n<meta property=\"og:locale\" content=\"es_ES\" \/>\n<meta property=\"og:type\" content=\"article\" \/>\n<meta property=\"og:title\" content=\"HAVALON ORIGINAL PIRANTA @ PRO SKINNING KNIFE - Wildlife Control Supplies EU\" \/>\n<meta property=\"og:description\" content=\"https:\/\/youtu.be\/aOKpTACZ8lk\" \/>\n<meta property=\"og:url\" content=\"https:\/\/shopwcseu.com\/producto\/havalon-original-piranta-pro-skinning-knife\/\" \/>\n<meta property=\"og:site_name\" content=\"Wildlife Control Supplies EU\" \/>\n<meta property=\"article:modified_time\" content=\"2024-01-03T10:56:33+00:00\" \/>\n<meta property=\"og:image\" content=\"https:\/\/shopwcseu.com\/wp-content\/uploads\/2018\/10\/original-piranta_316px_v2_242x242.jpg\" \/>\n\t<meta property=\"og:image:width\" content=\"242\" \/>\n\t<meta property=\"og:image:height\" content=\"242\" \/>\n\t<meta property=\"og:image:type\" content=\"image\/jpeg\" \/>\n<meta name=\"twitter:card\" content=\"summary_large_image\" \/>\n<meta name=\"twitter:label1\" content=\"Tiempo de lectura\" \/>\n\t<meta name=\"twitter:data1\" content=\"1 minuto\" \/>\n<script type=\"application\/ld+json\" class=\"yoast-schema-graph\">{\"@context\":\"https:\/\/schema.org\",\"@graph\":[{\"@type\":\"WebPage\",\"@id\":\"https:\/\/shopwcseu.com\/producto\/havalon-original-piranta-pro-skinning-knife\/\",\"url\":\"https:\/\/shopwcseu.com\/producto\/havalon-original-piranta-pro-skinning-knife\/\",\"name\":\"HAVALON ORIGINAL PIRANTA @ PRO SKINNING KNIFE - Wildlife Control Supplies EU\",\"isPartOf\":{\"@id\":\"https:\/\/shopwcseu.com\/es\/#website\"},\"primaryImageOfPage\":{\"@id\":\"https:\/\/shopwcseu.com\/producto\/havalon-original-piranta-pro-skinning-knife\/#primaryimage\"},\"image\":{\"@id\":\"https:\/\/shopwcseu.com\/producto\/havalon-original-piranta-pro-skinning-knife\/#primaryimage\"},\"thumbnailUrl\":\"https:\/\/shopwcseu.com\/wp-content\/uploads\/2018\/10\/original-piranta_316px_v2_242x242.jpg\",\"datePublished\":\"2018-10-04T08:44:13+00:00\",\"dateModified\":\"2024-01-03T10:56:33+00:00\",\"breadcrumb\":{\"@id\":\"https:\/\/shopwcseu.com\/producto\/havalon-original-piranta-pro-skinning-knife\/#breadcrumb\"},\"inLanguage\":\"es\",\"potentialAction\":[{\"@type\":\"ReadAction\",\"target\":[\"https:\/\/shopwcseu.com\/producto\/havalon-original-piranta-pro-skinning-knife\/\"]}]},{\"@type\":\"ImageObject\",\"inLanguage\":\"es\",\"@id\":\"https:\/\/shopwcseu.com\/producto\/havalon-original-piranta-pro-skinning-knife\/#primaryimage\",\"url\":\"https:\/\/shopwcseu.com\/wp-content\/uploads\/2018\/10\/original-piranta_316px_v2_242x242.jpg\",\"contentUrl\":\"https:\/\/shopwcseu.com\/wp-content\/uploads\/2018\/10\/original-piranta_316px_v2_242x242.jpg\",\"width\":242,\"height\":242},{\"@type\":\"BreadcrumbList\",\"@id\":\"https:\/\/shopwcseu.com\/producto\/havalon-original-piranta-pro-skinning-knife\/#breadcrumb\",\"itemListElement\":[{\"@type\":\"ListItem\",\"position\":1,\"name\":\"Home\",\"item\":\"https:\/\/shopwcseu.com\/es\/\"},{\"@type\":\"ListItem\",\"position\":2,\"name\":\"Productos\",\"item\":\"https:\/\/shopwcseu.com\/es\/products\/\"},{\"@type\":\"ListItem\",\"position\":3,\"name\":\"HAVALON ORIGINAL PIRANTA @ PRO SKINNING KNIFE\"}]},{\"@type\":\"WebSite\",\"@id\":\"https:\/\/shopwcseu.com\/es\/#website\",\"url\":\"https:\/\/shopwcseu.com\/es\/\",\"name\":\"Wildlife Control Supplies EU\",\"description\":\"La tienda de suministros de material de captura m\u00e1s grande de Europa\",\"potentialAction\":[{\"@type\":\"SearchAction\",\"target\":{\"@type\":\"EntryPoint\",\"urlTemplate\":\"https:\/\/shopwcseu.com\/es\/?s={search_term_string}\"},\"query-input\":{\"@type\":\"PropertyValueSpecification\",\"valueRequired\":true,\"valueName\":\"search_term_string\"}}],\"inLanguage\":\"es\"}]}<\/script>\n<!-- \/ Yoast SEO plugin. -->","yoast_head_json":{"title":"HAVALON ORIGINAL PIRANTA @ PRO SKINNING KNIFE - Wildlife Control Supplies EU","robots":{"index":"index","follow":"follow","max-snippet":"max-snippet:-1","max-image-preview":"max-image-preview:large","max-video-preview":"max-video-preview:-1"},"canonical":"https:\/\/shopwcseu.com\/producto\/havalon-original-piranta-pro-skinning-knife\/","og_locale":"es_ES","og_type":"article","og_title":"HAVALON ORIGINAL PIRANTA @ PRO SKINNING KNIFE - Wildlife Control Supplies EU","og_description":"https:\/\/youtu.be\/aOKpTACZ8lk","og_url":"https:\/\/shopwcseu.com\/producto\/havalon-original-piranta-pro-skinning-knife\/","og_site_name":"Wildlife Control Supplies EU","article_modified_time":"2024-01-03T10:56:33+00:00","og_image":[{"width":242,"height":242,"url":"https:\/\/shopwcseu.com\/wp-content\/uploads\/2018\/10\/original-piranta_316px_v2_242x242.jpg","type":"image\/jpeg"}],"twitter_card":"summary_large_image","twitter_misc":{"Tiempo de lectura":"1 minuto"},"schema":{"@context":"https:\/\/schema.org","@graph":[{"@type":"WebPage","@id":"https:\/\/shopwcseu.com\/producto\/havalon-original-piranta-pro-skinning-knife\/","url":"https:\/\/shopwcseu.com\/producto\/havalon-original-piranta-pro-skinning-knife\/","name":"HAVALON ORIGINAL PIRANTA @ PRO SKINNING KNIFE - Wildlife Control Supplies EU","isPartOf":{"@id":"https:\/\/shopwcseu.com\/es\/#website"},"primaryImageOfPage":{"@id":"https:\/\/shopwcseu.com\/producto\/havalon-original-piranta-pro-skinning-knife\/#primaryimage"},"image":{"@id":"https:\/\/shopwcseu.com\/producto\/havalon-original-piranta-pro-skinning-knife\/#primaryimage"},"thumbnailUrl":"https:\/\/shopwcseu.com\/wp-content\/uploads\/2018\/10\/original-piranta_316px_v2_242x242.jpg","datePublished":"2018-10-04T08:44:13+00:00","dateModified":"2024-01-03T10:56:33+00:00","breadcrumb":{"@id":"https:\/\/shopwcseu.com\/producto\/havalon-original-piranta-pro-skinning-knife\/#breadcrumb"},"inLanguage":"es","potentialAction":[{"@type":"ReadAction","target":["https:\/\/shopwcseu.com\/producto\/havalon-original-piranta-pro-skinning-knife\/"]}]},{"@type":"ImageObject","inLanguage":"es","@id":"https:\/\/shopwcseu.com\/producto\/havalon-original-piranta-pro-skinning-knife\/#primaryimage","url":"https:\/\/shopwcseu.com\/wp-content\/uploads\/2018\/10\/original-piranta_316px_v2_242x242.jpg","contentUrl":"https:\/\/shopwcseu.com\/wp-content\/uploads\/2018\/10\/original-piranta_316px_v2_242x242.jpg","width":242,"height":242},{"@type":"BreadcrumbList","@id":"https:\/\/shopwcseu.com\/producto\/havalon-original-piranta-pro-skinning-knife\/#breadcrumb","itemListElement":[{"@type":"ListItem","position":1,"name":"Home","item":"https:\/\/shopwcseu.com\/es\/"},{"@type":"ListItem","position":2,"name":"Productos","item":"https:\/\/shopwcseu.com\/es\/products\/"},{"@type":"ListItem","position":3,"name":"HAVALON ORIGINAL PIRANTA @ PRO SKINNING KNIFE"}]},{"@type":"WebSite","@id":"https:\/\/shopwcseu.com\/es\/#website","url":"https:\/\/shopwcseu.com\/es\/","name":"Wildlife Control Supplies EU","description":"La tienda de suministros de material de captura m\u00e1s grande de Europa","potentialAction":[{"@type":"SearchAction","target":{"@type":"EntryPoint","urlTemplate":"https:\/\/shopwcseu.com\/es\/?s={search_term_string}"},"query-input":{"@type":"PropertyValueSpecification","valueRequired":true,"valueName":"search_term_string"}}],"inLanguage":"es"}]}},"_links":{"self":[{"href":"https:\/\/shopwcseu.com\/es\/wp-json\/wp\/v2\/product\/554","targetHints":{"allow":["GET"]}}],"collection":[{"href":"https:\/\/shopwcseu.com\/es\/wp-json\/wp\/v2\/product"}],"about":[{"href":"https:\/\/shopwcseu.com\/es\/wp-json\/wp\/v2\/types\/product"}],"wp:featuredmedia":[{"embeddable":true,"href":"https:\/\/shopwcseu.com\/es\/wp-json\/wp\/v2\/media\/542"}],"wp:attachment":[{"href":"https:\/\/shopwcseu.com\/es\/wp-json\/wp\/v2\/media?parent=554"}],"wp:term":[{"taxonomy":"product_brand","embeddable":true,"href":"https:\/\/shopwcseu.com\/es\/wp-json\/wp\/v2\/product_brand?post=554"},{"taxonomy":"product_cat","embeddable":true,"href":"https:\/\/shopwcseu.com\/es\/wp-json\/wp\/v2\/product_cat?post=554"},{"taxonomy":"product_tag","embeddable":true,"href":"https:\/\/shopwcseu.com\/es\/wp-json\/wp\/v2\/product_tag?post=554"}],"curies":[{"name":"wp","href":"https:\/\/api.w.org\/{rel}","templated":true}]}}