{"id":553,"date":"2018-10-04T08:42:22","date_gmt":"2018-10-04T08:42:22","guid":{"rendered":"http:\/\/shopwcseu.com\/?post_type=product&#038;p=553"},"modified":"2023-12-05T06:59:10","modified_gmt":"2023-12-05T06:59:10","slug":"freedom-brand-pro-series-fleshing-knives-ask-for-size","status":"publish","type":"product","link":"https:\/\/shopwcseu.com\/es\/producto\/freedom-brand-pro-series-fleshing-knives-ask-for-size\/","title":{"rendered":"FREEDOM BRAND PRO SERIES FLESHING KNIVES"},"content":{"rendered":"<p>Para quitar la grasa de las pieles de las piezas de caza sin hacer ning\u00fan agujero.<\/p>\n<p><strong>Freedom Brand Pro Series Fleshing Knives<\/strong>\u00a0are excellent for beginners and high volume professional fur handlers alike. \u00a0They help to make fleshing easier and produce top quality results.\u00a0FB Pro Series Fleshing Knives are made of high quality 400 series stainless steel. \u00a0The blades are double sided and curved to match the curve of a fleshing beam. \u00a0The bottom side of these fleshing knives is dull for pushing and the top side is sharp for shaving the hard to flesh areas of pelts.<\/p>\n<p><strong>Freedom Brand Pro Series Fleshing Knives\u00a0<\/strong>are available in three sizes:<\/p>\n<p>The smallest one has a blade that is 1 1\/4&#8243; x 10&#8243; and is excellent for smaller animals like mink, muskrat, opossum, small beaver and small raccoon and other similarly sized animals. \u00a0This one is also excellent for otter tails. The overall length, including handles, is 20&#8243;.<\/p>\n<p>The middle sized one has a blade that is 1 1\/2&#8243; x 14&#8243; and is most often used for raccoon, fox, beaver, coyote, bobcat, badger, etc. \u00a0The overall length, including handles, is 24&#8243;. \u00a0If buying just one fleshing knife for your fur shed, this is the one to choose as it does a great job on all animals.<\/p>\n<p>The largest one has a blade that is 2 1\/2&#8243; x 16&#8243; and is best used for coyote, large beaver and for big game such as deer, bear, moose and elk. \u00a0The overall length, including handles, is 25 1\/2&#8243;.<\/p>\n<p>Les couteaux \u00e0 tricoter Freedom Brand de la s\u00e9rie Pro sont parfaits pour les d\u00e9butants et les gros manutentionnaires de fourrures professionnels. Ils aident \u00e0 faciliter la mise en forme et produisent des r\u00e9sultats de qualit\u00e9 sup\u00e9rieure. Les couteaux \u00e0 trancher FB Pro Series sont fabriqu\u00e9s en acier inoxydable 400 de haute qualit\u00e9. Les pales sont \u00e0 double face et incurv\u00e9es pour correspondre \u00e0 la courbe d&#8217;une poutre flottante. Le c\u00f4t\u00e9 inf\u00e9rieur de ces beaux couteaux est terne pour pousser et le c\u00f4t\u00e9 sup\u00e9rieur est tranchant pour raser les zones dures \u00e0 chair des peaux.<\/p>\n<p>Les couteaux \u00e0 chair Freedom Series Pro sont disponibles en trois tailles:<\/p>\n<p>Le plus petit a une lame de 1 1\/4 \u00abx 10\u00bb et est excellent pour les animaux plus petits comme le vison, le rat musqu\u00e9, l&#8217;opossum, le petit castor et le petit raton laveur et autres animaux de taille similaire. Celui-ci est \u00e9galement excellent pour les queues de loutre. La longueur totale, poign\u00e9es comprises, est de 20 \u00ab.<\/p>\n<p>Celui de taille moyenne a une lame de 1 1\/2 \u00abx 14\u00bb et est le plus souvent utilis\u00e9 pour le raton laveur, le renard, le castor, le coyote, le lynx roux, le blaireau, etc. La longueur totale, poign\u00e9es comprises, est de 24 \u00ab. un seul couteau pour votre hangar \u00e0 fourrure, c&#8217;est celui-l\u00e0 \u00e0 choisir car il fait un excellent travail sur tous les animaux.<\/p>\n<p>Le plus grand a une lame de 2 1\/2 \u00abx 16\u00bb et convient particuli\u00e8rement au coyote, au gros castor et au gros gibier comme le cerf, l\u2019ours, l\u2019orignal et le wapiti. La longueur totale, poign\u00e9es comprises, est de 25 1\/2 \u00ab.<\/p>\n","protected":false},"excerpt":{"rendered":"<p>Para quitar la grasa de las pieles de las piezas de caza sin hacer ning\u00fan agujero. Freedom Brand Pro Series Fleshing Knives\u00a0are excellent for beginners and high volume professional fur handlers alike. \u00a0They help to make fleshing easier and produce top quality results.\u00a0FB Pro Series Fleshing Knives are made of high quality 400 series stainless [&hellip;]<\/p>\n","protected":false},"featured_media":532,"template":"","meta":[],"product_brand":[],"product_cat":[26],"product_tag":[],"class_list":{"0":"post-553","1":"product","2":"type-product","3":"status-publish","4":"has-post-thumbnail","6":"product_cat-cuchillos","8":"first","9":"instock","10":"shipping-taxable","11":"purchasable","12":"product-type-simple"},"yoast_head":"<!-- This site is optimized with the Yoast SEO plugin v27.0 - https:\/\/yoast.com\/product\/yoast-seo-wordpress\/ -->\n<title>FREEDOM BRAND PRO SERIES FLESHING KNIVES - Wildlife Control Supplies EU<\/title>\n<meta name=\"robots\" content=\"index, follow, max-snippet:-1, max-image-preview:large, max-video-preview:-1\" \/>\n<link rel=\"canonical\" href=\"https:\/\/shopwcseu.com\/producto\/freedom-brand-pro-series-fleshing-knives-ask-for-size\/\" \/>\n<meta property=\"og:locale\" content=\"es_ES\" \/>\n<meta property=\"og:type\" content=\"article\" \/>\n<meta property=\"og:title\" content=\"FREEDOM BRAND PRO SERIES FLESHING KNIVES - Wildlife Control Supplies EU\" \/>\n<meta property=\"og:description\" content=\"Para quitar la grasa de las pieles de las piezas de caza sin hacer ning\u00fan agujero. Freedom Brand Pro Series Fleshing Knives\u00a0are excellent for beginners and high volume professional fur handlers alike. \u00a0They help to make fleshing easier and produce top quality results.\u00a0FB Pro Series Fleshing Knives are made of high quality 400 series stainless [&hellip;]\" \/>\n<meta property=\"og:url\" content=\"https:\/\/shopwcseu.com\/producto\/freedom-brand-pro-series-fleshing-knives-ask-for-size\/\" \/>\n<meta property=\"og:site_name\" content=\"Wildlife Control Supplies EU\" \/>\n<meta property=\"article:modified_time\" content=\"2023-12-05T06:59:10+00:00\" \/>\n<meta property=\"og:image\" content=\"https:\/\/shopwcseu.com\/wp-content\/uploads\/2018\/10\/FB_Pro_Series_Fleshing_Knives_Collage_500px_242x242.jpg\" \/>\n\t<meta property=\"og:image:width\" content=\"242\" \/>\n\t<meta property=\"og:image:height\" content=\"242\" \/>\n\t<meta property=\"og:image:type\" content=\"image\/jpeg\" \/>\n<meta name=\"twitter:card\" content=\"summary_large_image\" \/>\n<meta name=\"twitter:label1\" content=\"Tiempo de lectura\" \/>\n\t<meta name=\"twitter:data1\" content=\"3 minutos\" \/>\n<script type=\"application\/ld+json\" class=\"yoast-schema-graph\">{\"@context\":\"https:\/\/schema.org\",\"@graph\":[{\"@type\":\"WebPage\",\"@id\":\"https:\/\/shopwcseu.com\/producto\/freedom-brand-pro-series-fleshing-knives-ask-for-size\/\",\"url\":\"https:\/\/shopwcseu.com\/producto\/freedom-brand-pro-series-fleshing-knives-ask-for-size\/\",\"name\":\"FREEDOM BRAND PRO SERIES FLESHING KNIVES - Wildlife Control Supplies EU\",\"isPartOf\":{\"@id\":\"https:\/\/shopwcseu.com\/es\/#website\"},\"primaryImageOfPage\":{\"@id\":\"https:\/\/shopwcseu.com\/producto\/freedom-brand-pro-series-fleshing-knives-ask-for-size\/#primaryimage\"},\"image\":{\"@id\":\"https:\/\/shopwcseu.com\/producto\/freedom-brand-pro-series-fleshing-knives-ask-for-size\/#primaryimage\"},\"thumbnailUrl\":\"https:\/\/shopwcseu.com\/wp-content\/uploads\/2018\/10\/FB_Pro_Series_Fleshing_Knives_Collage_500px_242x242.jpg\",\"datePublished\":\"2018-10-04T08:42:22+00:00\",\"dateModified\":\"2023-12-05T06:59:10+00:00\",\"breadcrumb\":{\"@id\":\"https:\/\/shopwcseu.com\/producto\/freedom-brand-pro-series-fleshing-knives-ask-for-size\/#breadcrumb\"},\"inLanguage\":\"es\",\"potentialAction\":[{\"@type\":\"ReadAction\",\"target\":[\"https:\/\/shopwcseu.com\/producto\/freedom-brand-pro-series-fleshing-knives-ask-for-size\/\"]}]},{\"@type\":\"ImageObject\",\"inLanguage\":\"es\",\"@id\":\"https:\/\/shopwcseu.com\/producto\/freedom-brand-pro-series-fleshing-knives-ask-for-size\/#primaryimage\",\"url\":\"https:\/\/shopwcseu.com\/wp-content\/uploads\/2018\/10\/FB_Pro_Series_Fleshing_Knives_Collage_500px_242x242.jpg\",\"contentUrl\":\"https:\/\/shopwcseu.com\/wp-content\/uploads\/2018\/10\/FB_Pro_Series_Fleshing_Knives_Collage_500px_242x242.jpg\",\"width\":242,\"height\":242},{\"@type\":\"BreadcrumbList\",\"@id\":\"https:\/\/shopwcseu.com\/producto\/freedom-brand-pro-series-fleshing-knives-ask-for-size\/#breadcrumb\",\"itemListElement\":[{\"@type\":\"ListItem\",\"position\":1,\"name\":\"Home\",\"item\":\"https:\/\/shopwcseu.com\/es\/\"},{\"@type\":\"ListItem\",\"position\":2,\"name\":\"Productos\",\"item\":\"https:\/\/shopwcseu.com\/es\/products\/\"},{\"@type\":\"ListItem\",\"position\":3,\"name\":\"FREEDOM BRAND PRO SERIES FLESHING KNIVES\"}]},{\"@type\":\"WebSite\",\"@id\":\"https:\/\/shopwcseu.com\/es\/#website\",\"url\":\"https:\/\/shopwcseu.com\/es\/\",\"name\":\"Wildlife Control Supplies EU\",\"description\":\"La tienda de suministros de material de captura m\u00e1s grande de Europa\",\"potentialAction\":[{\"@type\":\"SearchAction\",\"target\":{\"@type\":\"EntryPoint\",\"urlTemplate\":\"https:\/\/shopwcseu.com\/es\/?s={search_term_string}\"},\"query-input\":{\"@type\":\"PropertyValueSpecification\",\"valueRequired\":true,\"valueName\":\"search_term_string\"}}],\"inLanguage\":\"es\"}]}<\/script>\n<!-- \/ Yoast SEO plugin. -->","yoast_head_json":{"title":"FREEDOM BRAND PRO SERIES FLESHING KNIVES - Wildlife Control Supplies EU","robots":{"index":"index","follow":"follow","max-snippet":"max-snippet:-1","max-image-preview":"max-image-preview:large","max-video-preview":"max-video-preview:-1"},"canonical":"https:\/\/shopwcseu.com\/producto\/freedom-brand-pro-series-fleshing-knives-ask-for-size\/","og_locale":"es_ES","og_type":"article","og_title":"FREEDOM BRAND PRO SERIES FLESHING KNIVES - Wildlife Control Supplies EU","og_description":"Para quitar la grasa de las pieles de las piezas de caza sin hacer ning\u00fan agujero. Freedom Brand Pro Series Fleshing Knives\u00a0are excellent for beginners and high volume professional fur handlers alike. \u00a0They help to make fleshing easier and produce top quality results.\u00a0FB Pro Series Fleshing Knives are made of high quality 400 series stainless [&hellip;]","og_url":"https:\/\/shopwcseu.com\/producto\/freedom-brand-pro-series-fleshing-knives-ask-for-size\/","og_site_name":"Wildlife Control Supplies EU","article_modified_time":"2023-12-05T06:59:10+00:00","og_image":[{"width":242,"height":242,"url":"https:\/\/shopwcseu.com\/wp-content\/uploads\/2018\/10\/FB_Pro_Series_Fleshing_Knives_Collage_500px_242x242.jpg","type":"image\/jpeg"}],"twitter_card":"summary_large_image","twitter_misc":{"Tiempo de lectura":"3 minutos"},"schema":{"@context":"https:\/\/schema.org","@graph":[{"@type":"WebPage","@id":"https:\/\/shopwcseu.com\/producto\/freedom-brand-pro-series-fleshing-knives-ask-for-size\/","url":"https:\/\/shopwcseu.com\/producto\/freedom-brand-pro-series-fleshing-knives-ask-for-size\/","name":"FREEDOM BRAND PRO SERIES FLESHING KNIVES - Wildlife Control Supplies EU","isPartOf":{"@id":"https:\/\/shopwcseu.com\/es\/#website"},"primaryImageOfPage":{"@id":"https:\/\/shopwcseu.com\/producto\/freedom-brand-pro-series-fleshing-knives-ask-for-size\/#primaryimage"},"image":{"@id":"https:\/\/shopwcseu.com\/producto\/freedom-brand-pro-series-fleshing-knives-ask-for-size\/#primaryimage"},"thumbnailUrl":"https:\/\/shopwcseu.com\/wp-content\/uploads\/2018\/10\/FB_Pro_Series_Fleshing_Knives_Collage_500px_242x242.jpg","datePublished":"2018-10-04T08:42:22+00:00","dateModified":"2023-12-05T06:59:10+00:00","breadcrumb":{"@id":"https:\/\/shopwcseu.com\/producto\/freedom-brand-pro-series-fleshing-knives-ask-for-size\/#breadcrumb"},"inLanguage":"es","potentialAction":[{"@type":"ReadAction","target":["https:\/\/shopwcseu.com\/producto\/freedom-brand-pro-series-fleshing-knives-ask-for-size\/"]}]},{"@type":"ImageObject","inLanguage":"es","@id":"https:\/\/shopwcseu.com\/producto\/freedom-brand-pro-series-fleshing-knives-ask-for-size\/#primaryimage","url":"https:\/\/shopwcseu.com\/wp-content\/uploads\/2018\/10\/FB_Pro_Series_Fleshing_Knives_Collage_500px_242x242.jpg","contentUrl":"https:\/\/shopwcseu.com\/wp-content\/uploads\/2018\/10\/FB_Pro_Series_Fleshing_Knives_Collage_500px_242x242.jpg","width":242,"height":242},{"@type":"BreadcrumbList","@id":"https:\/\/shopwcseu.com\/producto\/freedom-brand-pro-series-fleshing-knives-ask-for-size\/#breadcrumb","itemListElement":[{"@type":"ListItem","position":1,"name":"Home","item":"https:\/\/shopwcseu.com\/es\/"},{"@type":"ListItem","position":2,"name":"Productos","item":"https:\/\/shopwcseu.com\/es\/products\/"},{"@type":"ListItem","position":3,"name":"FREEDOM BRAND PRO SERIES FLESHING KNIVES"}]},{"@type":"WebSite","@id":"https:\/\/shopwcseu.com\/es\/#website","url":"https:\/\/shopwcseu.com\/es\/","name":"Wildlife Control Supplies EU","description":"La tienda de suministros de material de captura m\u00e1s grande de Europa","potentialAction":[{"@type":"SearchAction","target":{"@type":"EntryPoint","urlTemplate":"https:\/\/shopwcseu.com\/es\/?s={search_term_string}"},"query-input":{"@type":"PropertyValueSpecification","valueRequired":true,"valueName":"search_term_string"}}],"inLanguage":"es"}]}},"_links":{"self":[{"href":"https:\/\/shopwcseu.com\/es\/wp-json\/wp\/v2\/product\/553","targetHints":{"allow":["GET"]}}],"collection":[{"href":"https:\/\/shopwcseu.com\/es\/wp-json\/wp\/v2\/product"}],"about":[{"href":"https:\/\/shopwcseu.com\/es\/wp-json\/wp\/v2\/types\/product"}],"wp:featuredmedia":[{"embeddable":true,"href":"https:\/\/shopwcseu.com\/es\/wp-json\/wp\/v2\/media\/532"}],"wp:attachment":[{"href":"https:\/\/shopwcseu.com\/es\/wp-json\/wp\/v2\/media?parent=553"}],"wp:term":[{"taxonomy":"product_brand","embeddable":true,"href":"https:\/\/shopwcseu.com\/es\/wp-json\/wp\/v2\/product_brand?post=553"},{"taxonomy":"product_cat","embeddable":true,"href":"https:\/\/shopwcseu.com\/es\/wp-json\/wp\/v2\/product_cat?post=553"},{"taxonomy":"product_tag","embeddable":true,"href":"https:\/\/shopwcseu.com\/es\/wp-json\/wp\/v2\/product_tag?post=553"}],"curies":[{"name":"wp","href":"https:\/\/api.w.org\/{rel}","templated":true}]}}