{"id":552,"date":"2018-10-04T08:35:07","date_gmt":"2018-10-04T08:35:07","guid":{"rendered":"http:\/\/shopwcseu.com\/?post_type=product&#038;p=552"},"modified":"2019-04-16T10:57:22","modified_gmt":"2019-04-16T10:57:22","slug":"outdoor-edges-razor-lite-edc","status":"publish","type":"product","link":"https:\/\/shopwcseu.com\/es\/producto\/outdoor-edges-razor-lite-edc\/","title":{"rendered":"OUTDOOR EDGE\u00b4S RAZOR LITE EDC"},"content":{"rendered":"<p>Incluye 6 hojas de recambio.<\/p>\n<p>The sharpest, strongest replacement blade knives available for everyday carry with removable\/replaceable pocket clip, one-hand opening and 5 replacement blades. To replace the blade simply push the lock button in the handle to remove and insert a shaving-sharp new blade. The black-oxide coated blade holder supports the razor-blade for the strength of a traditional knife and sharpness of a surgeon\u2019s scalpel. Grivory\u00ae (glass\/nylon) handles with rubberized color TPR inserts ensure a secure non-slip grip and are available in blaze-orange, blue and gray. Replacement packs of 6-blades are sold separately. US and foreign patents are pending.<\/p>\n<p>For every-day-carry.<\/p>\n<div class=\"product-tab-header-footer\">\n<div>Never sharpen your knife again!<\/div>\n<div><\/div>\n<div>The sharpest, strongest replacement blade knives available for every-day-carry with removable\/replaceable pocket clip, one-hand opening and 5 replacement blades.<\/div>\n<\/div>\n<div class=\"product-tab-header-footer\">\n<table class=\"colors_descriptionbox\" border=\"0\" width=\"100%\" cellspacing=\"0\" cellpadding=\"0\">\n<tbody>\n<tr>\n<td valign=\"top\" width=\"100%\">\n<table style=\"height: 202px;\" border=\"0\" width=\"1047\" cellspacing=\"0\" cellpadding=\"0\">\n<tbody>\n<tr>\n<td>\n<div id=\"ProductDetail_ExtInfo_div\">Specifications<\/p>\n<ul>\n<li>Blade:\u00a0 3.5\u201d \/ 8.9cm<\/li>\n<li>Overall:\u00a0 8\u201d \/ 20.3cm<\/li>\n<li>Total Weight:\u00a0 2.8oz \/ 80grams<\/li>\n<li>Razor-Blade Steel:\u00a0 Japanese 420J2<\/li>\n<li>Razor Blade Thickness: 0.6mm<\/li>\n<li>Handle: Grivory\u00ae (glass\/nylon) with rubberized TPR inserts<\/li>\n<li>Razor Lite EDC Orange, Model RLB-30C<\/li>\n<li>Razor Lite EDC Blue, Model RLU-40C<\/li>\n<li>Razor Lite EDC Gray, Model RLY-50C<\/li>\n<\/ul>\n<\/div>\n<\/td>\n<\/tr>\n<\/tbody>\n<\/table>\n<\/td>\n<\/tr>\n<\/tbody>\n<\/table>\n<\/div>\n<p>Les couteaux de rechange les plus tranchants et les plus robustes disponibles pour le transport quotidien, avec pince de poche amovible \/ rempla\u00e7able, ouverture \u00e0 une main et 5 lames de rechange. Pour remplacer la lame, appuyez simplement sur le bouton de verrouillage dans la poign\u00e9e pour retirer et ins\u00e9rer une nouvelle lame tranchante. Le porte-lame rev\u00eatu d\u2019oxyde noir soutient la lame de rasoir pour la r\u00e9sistance du couteau traditionnel et la nettet\u00e9 du scalpel du chirurgien. Les poign\u00e9es Grivory\u00ae (verre \/ nylon) avec inserts en caoutchouc TPR de couleur caoutchout\u00e9e garantissent une prise antid\u00e9rapante et sont disponibles en orange, bleu et gris. Les packs de remplacement de 6 lames sont vendus s\u00e9par\u00e9ment. Les brevets am\u00e9ricains et \u00e9trangers sont en instance.<\/p>\n<p>Pour tous les jours-porter.<br \/>\nN&#8217;aiguisez plus jamais votre couteau!<\/p>\n<p>Les couteaux de rechange les plus tranchants et les plus robustes disponibles pour le transport quotidien, avec pince de poche amovible \/ rempla\u00e7able, ouverture \u00e0 une main et 5 lames de rechange.<\/p>\n<p>Caract\u00e9ristiques<br \/>\nLame: 3.5 \u201d\/ 8.9cm<br \/>\nGlobale: 8 \u00ab\/ 20.3cm<br \/>\nPoids total: 2.8 oz \/ 80 grammes<br \/>\nAcier de lame de rasoir: Japonais 420J2<br \/>\n\u00c9paisseur de lame de rasoir: 0.6mm<br \/>\nPoign\u00e9e: Grivory\u00ae (verre \/ nylon) avec inserts en caoutchouc TPR<br \/>\nRasoir Lite EDC Orange, mod\u00e8le RLB-30C<br \/>\nRasoir Lite EDC Bleu, mod\u00e8le RLU-40C<br \/>\nRasoir Lite EDC Gris, Mod\u00e8le RLY-50C<\/p>\n<div class=\"product-tab-header-footer\">\n<div><\/div>\n<\/div>\n<div class=\"product-tab-header-footer\">\n<table class=\"colors_descriptionbox\" border=\"0\" width=\"100%\" cellspacing=\"0\" cellpadding=\"0\">\n<tbody>\n<tr>\n<td valign=\"top\" width=\"100%\"><\/td>\n<\/tr>\n<\/tbody>\n<\/table>\n<\/div>\n<p><\/p>","protected":false},"excerpt":{"rendered":"<p>Incluye 6 hojas de recambio. The sharpest, strongest replacement blade knives available for everyday carry with removable\/replaceable pocket clip, one-hand opening and 5 replacement blades. To replace the blade simply push the lock button in the handle to remove and insert a shaving-sharp new blade. The black-oxide coated blade holder supports the razor-blade for the [&hellip;]<\/p>\n","protected":false},"featured_media":545,"template":"","meta":[],"product_brand":[],"product_cat":[26],"product_tag":[],"class_list":{"0":"post-552","1":"product","2":"type-product","3":"status-publish","4":"has-post-thumbnail","6":"product_cat-cuchillos","8":"first","9":"instock","10":"shipping-taxable","11":"purchasable","12":"product-type-simple"},"yoast_head":"<!-- This site is optimized with the Yoast SEO plugin v27.0 - https:\/\/yoast.com\/product\/yoast-seo-wordpress\/ -->\n<title>OUTDOOR EDGE\u00b4S RAZOR LITE EDC - Wildlife Control Supplies EU<\/title>\n<meta name=\"robots\" content=\"index, follow, max-snippet:-1, max-image-preview:large, max-video-preview:-1\" \/>\n<link rel=\"canonical\" href=\"https:\/\/shopwcseu.com\/producto\/outdoor-edges-razor-lite-edc\/\" \/>\n<meta property=\"og:locale\" content=\"es_ES\" \/>\n<meta property=\"og:type\" content=\"article\" \/>\n<meta property=\"og:title\" content=\"OUTDOOR EDGE\u00b4S RAZOR LITE EDC - Wildlife Control Supplies EU\" \/>\n<meta property=\"og:description\" content=\"Incluye 6 hojas de recambio. The sharpest, strongest replacement blade knives available for everyday carry with removable\/replaceable pocket clip, one-hand opening and 5 replacement blades. To replace the blade simply push the lock button in the handle to remove and insert a shaving-sharp new blade. The black-oxide coated blade holder supports the razor-blade for the [&hellip;]\" \/>\n<meta property=\"og:url\" content=\"https:\/\/shopwcseu.com\/producto\/outdoor-edges-razor-lite-edc\/\" \/>\n<meta property=\"og:site_name\" content=\"Wildlife Control Supplies EU\" \/>\n<meta property=\"article:modified_time\" content=\"2019-04-16T10:57:22+00:00\" \/>\n<meta property=\"og:image\" content=\"https:\/\/shopwcseu.com\/wp-content\/uploads\/2018\/10\/Razor-Lite-EDC-3-Colors_500px_242x242.jpg\" \/>\n\t<meta property=\"og:image:width\" content=\"242\" \/>\n\t<meta property=\"og:image:height\" content=\"242\" \/>\n\t<meta property=\"og:image:type\" content=\"image\/jpeg\" \/>\n<meta name=\"twitter:card\" content=\"summary_large_image\" \/>\n<meta name=\"twitter:label1\" content=\"Tiempo de lectura\" \/>\n\t<meta name=\"twitter:data1\" content=\"6 minutos\" \/>\n<script type=\"application\/ld+json\" class=\"yoast-schema-graph\">{\"@context\":\"https:\/\/schema.org\",\"@graph\":[{\"@type\":\"WebPage\",\"@id\":\"https:\/\/shopwcseu.com\/producto\/outdoor-edges-razor-lite-edc\/\",\"url\":\"https:\/\/shopwcseu.com\/producto\/outdoor-edges-razor-lite-edc\/\",\"name\":\"OUTDOOR EDGE\u00b4S RAZOR LITE EDC - Wildlife Control Supplies EU\",\"isPartOf\":{\"@id\":\"https:\/\/shopwcseu.com\/es\/#website\"},\"primaryImageOfPage\":{\"@id\":\"https:\/\/shopwcseu.com\/producto\/outdoor-edges-razor-lite-edc\/#primaryimage\"},\"image\":{\"@id\":\"https:\/\/shopwcseu.com\/producto\/outdoor-edges-razor-lite-edc\/#primaryimage\"},\"thumbnailUrl\":\"https:\/\/shopwcseu.com\/wp-content\/uploads\/2018\/10\/Razor-Lite-EDC-3-Colors_500px_242x242.jpg\",\"datePublished\":\"2018-10-04T08:35:07+00:00\",\"dateModified\":\"2019-04-16T10:57:22+00:00\",\"breadcrumb\":{\"@id\":\"https:\/\/shopwcseu.com\/producto\/outdoor-edges-razor-lite-edc\/#breadcrumb\"},\"inLanguage\":\"es\",\"potentialAction\":[{\"@type\":\"ReadAction\",\"target\":[\"https:\/\/shopwcseu.com\/producto\/outdoor-edges-razor-lite-edc\/\"]}]},{\"@type\":\"ImageObject\",\"inLanguage\":\"es\",\"@id\":\"https:\/\/shopwcseu.com\/producto\/outdoor-edges-razor-lite-edc\/#primaryimage\",\"url\":\"https:\/\/shopwcseu.com\/wp-content\/uploads\/2018\/10\/Razor-Lite-EDC-3-Colors_500px_242x242.jpg\",\"contentUrl\":\"https:\/\/shopwcseu.com\/wp-content\/uploads\/2018\/10\/Razor-Lite-EDC-3-Colors_500px_242x242.jpg\",\"width\":242,\"height\":242},{\"@type\":\"BreadcrumbList\",\"@id\":\"https:\/\/shopwcseu.com\/producto\/outdoor-edges-razor-lite-edc\/#breadcrumb\",\"itemListElement\":[{\"@type\":\"ListItem\",\"position\":1,\"name\":\"Home\",\"item\":\"https:\/\/shopwcseu.com\/es\/\"},{\"@type\":\"ListItem\",\"position\":2,\"name\":\"Productos\",\"item\":\"https:\/\/shopwcseu.com\/es\/products\/\"},{\"@type\":\"ListItem\",\"position\":3,\"name\":\"OUTDOOR EDGE\u00b4S RAZOR LITE EDC\"}]},{\"@type\":\"WebSite\",\"@id\":\"https:\/\/shopwcseu.com\/es\/#website\",\"url\":\"https:\/\/shopwcseu.com\/es\/\",\"name\":\"Wildlife Control Supplies EU\",\"description\":\"La tienda de suministros de material de captura m\u00e1s grande de Europa\",\"potentialAction\":[{\"@type\":\"SearchAction\",\"target\":{\"@type\":\"EntryPoint\",\"urlTemplate\":\"https:\/\/shopwcseu.com\/es\/?s={search_term_string}\"},\"query-input\":{\"@type\":\"PropertyValueSpecification\",\"valueRequired\":true,\"valueName\":\"search_term_string\"}}],\"inLanguage\":\"es\"}]}<\/script>\n<!-- \/ Yoast SEO plugin. -->","yoast_head_json":{"title":"OUTDOOR EDGE\u00b4S RAZOR LITE EDC - Wildlife Control Supplies EU","robots":{"index":"index","follow":"follow","max-snippet":"max-snippet:-1","max-image-preview":"max-image-preview:large","max-video-preview":"max-video-preview:-1"},"canonical":"https:\/\/shopwcseu.com\/producto\/outdoor-edges-razor-lite-edc\/","og_locale":"es_ES","og_type":"article","og_title":"OUTDOOR EDGE\u00b4S RAZOR LITE EDC - Wildlife Control Supplies EU","og_description":"Incluye 6 hojas de recambio. The sharpest, strongest replacement blade knives available for everyday carry with removable\/replaceable pocket clip, one-hand opening and 5 replacement blades. To replace the blade simply push the lock button in the handle to remove and insert a shaving-sharp new blade. The black-oxide coated blade holder supports the razor-blade for the [&hellip;]","og_url":"https:\/\/shopwcseu.com\/producto\/outdoor-edges-razor-lite-edc\/","og_site_name":"Wildlife Control Supplies EU","article_modified_time":"2019-04-16T10:57:22+00:00","og_image":[{"width":242,"height":242,"url":"https:\/\/shopwcseu.com\/wp-content\/uploads\/2018\/10\/Razor-Lite-EDC-3-Colors_500px_242x242.jpg","type":"image\/jpeg"}],"twitter_card":"summary_large_image","twitter_misc":{"Tiempo de lectura":"6 minutos"},"schema":{"@context":"https:\/\/schema.org","@graph":[{"@type":"WebPage","@id":"https:\/\/shopwcseu.com\/producto\/outdoor-edges-razor-lite-edc\/","url":"https:\/\/shopwcseu.com\/producto\/outdoor-edges-razor-lite-edc\/","name":"OUTDOOR EDGE\u00b4S RAZOR LITE EDC - Wildlife Control Supplies EU","isPartOf":{"@id":"https:\/\/shopwcseu.com\/es\/#website"},"primaryImageOfPage":{"@id":"https:\/\/shopwcseu.com\/producto\/outdoor-edges-razor-lite-edc\/#primaryimage"},"image":{"@id":"https:\/\/shopwcseu.com\/producto\/outdoor-edges-razor-lite-edc\/#primaryimage"},"thumbnailUrl":"https:\/\/shopwcseu.com\/wp-content\/uploads\/2018\/10\/Razor-Lite-EDC-3-Colors_500px_242x242.jpg","datePublished":"2018-10-04T08:35:07+00:00","dateModified":"2019-04-16T10:57:22+00:00","breadcrumb":{"@id":"https:\/\/shopwcseu.com\/producto\/outdoor-edges-razor-lite-edc\/#breadcrumb"},"inLanguage":"es","potentialAction":[{"@type":"ReadAction","target":["https:\/\/shopwcseu.com\/producto\/outdoor-edges-razor-lite-edc\/"]}]},{"@type":"ImageObject","inLanguage":"es","@id":"https:\/\/shopwcseu.com\/producto\/outdoor-edges-razor-lite-edc\/#primaryimage","url":"https:\/\/shopwcseu.com\/wp-content\/uploads\/2018\/10\/Razor-Lite-EDC-3-Colors_500px_242x242.jpg","contentUrl":"https:\/\/shopwcseu.com\/wp-content\/uploads\/2018\/10\/Razor-Lite-EDC-3-Colors_500px_242x242.jpg","width":242,"height":242},{"@type":"BreadcrumbList","@id":"https:\/\/shopwcseu.com\/producto\/outdoor-edges-razor-lite-edc\/#breadcrumb","itemListElement":[{"@type":"ListItem","position":1,"name":"Home","item":"https:\/\/shopwcseu.com\/es\/"},{"@type":"ListItem","position":2,"name":"Productos","item":"https:\/\/shopwcseu.com\/es\/products\/"},{"@type":"ListItem","position":3,"name":"OUTDOOR EDGE\u00b4S RAZOR LITE EDC"}]},{"@type":"WebSite","@id":"https:\/\/shopwcseu.com\/es\/#website","url":"https:\/\/shopwcseu.com\/es\/","name":"Wildlife Control Supplies EU","description":"La tienda de suministros de material de captura m\u00e1s grande de Europa","potentialAction":[{"@type":"SearchAction","target":{"@type":"EntryPoint","urlTemplate":"https:\/\/shopwcseu.com\/es\/?s={search_term_string}"},"query-input":{"@type":"PropertyValueSpecification","valueRequired":true,"valueName":"search_term_string"}}],"inLanguage":"es"}]}},"_links":{"self":[{"href":"https:\/\/shopwcseu.com\/es\/wp-json\/wp\/v2\/product\/552","targetHints":{"allow":["GET"]}}],"collection":[{"href":"https:\/\/shopwcseu.com\/es\/wp-json\/wp\/v2\/product"}],"about":[{"href":"https:\/\/shopwcseu.com\/es\/wp-json\/wp\/v2\/types\/product"}],"wp:featuredmedia":[{"embeddable":true,"href":"https:\/\/shopwcseu.com\/es\/wp-json\/wp\/v2\/media\/545"}],"wp:attachment":[{"href":"https:\/\/shopwcseu.com\/es\/wp-json\/wp\/v2\/media?parent=552"}],"wp:term":[{"taxonomy":"product_brand","embeddable":true,"href":"https:\/\/shopwcseu.com\/es\/wp-json\/wp\/v2\/product_brand?post=552"},{"taxonomy":"product_cat","embeddable":true,"href":"https:\/\/shopwcseu.com\/es\/wp-json\/wp\/v2\/product_cat?post=552"},{"taxonomy":"product_tag","embeddable":true,"href":"https:\/\/shopwcseu.com\/es\/wp-json\/wp\/v2\/product_tag?post=552"}],"curies":[{"name":"wp","href":"https:\/\/api.w.org\/{rel}","templated":true}]}}