{"id":524,"date":"2018-10-04T08:33:12","date_gmt":"2018-10-04T08:33:12","guid":{"rendered":"http:\/\/shopwcseu.com\/?post_type=product&#038;p=524"},"modified":"2023-12-05T06:59:39","modified_gmt":"2023-12-05T06:59:39","slug":"outdoor-edges-razor-pro","status":"publish","type":"product","link":"https:\/\/shopwcseu.com\/es\/producto\/outdoor-edges-razor-pro\/","title":{"rendered":"Outdoor Edge&#8217;s Razor-Pro\u2122 Knives"},"content":{"rendered":"<p>Incluye funda y 6 hojas de recambio.<\/p>\n<p>Never sharpen your knife again with Outdoor Edge\u2019s new Razor-Pro double blade folder. Features a replaceable razor-blade knife plus our signature gutting blade to open game like a zipper without cutting hair or internal organs. To replace a blade, simply push the lock button to remove and insert a shaving-sharp new one. The black-oxide coated blade holder provides added support to the razor-blade for the strength of a traditional knife and sharpness of a surgeon\u2019s scalpel. Rubberized TPR handles ensure a secure, non-slip grip, even when wet.<\/p>\n<div class=\"product-tab-header-footer\">Replaceable Razor-Blade\/Gutting Blade Folder<br \/>\nNever sharpen your knife again with Outdoor Edge\u2019s new Razor-Pro double blade folder. Features a replaceable razor-blade knife plus our signature gutting blade to open game like a zipper without cutting hair or internal organs.<\/div>\n<div class=\"product-tab-header-footer\">\n<p>Specifications<\/p>\n<ul>\n<li>Knife Blade: 3.5&#8243; \/ 8.9cm<\/li>\n<li>Gut Blade: 3.1&#8243; \/ 7.9cm<\/li>\n<li>Overall: 8&#8243; \/ 20.3cm<\/li>\n<li>Steel: Japanese 420J2<\/li>\n<li>Rockwell-C hardness: 57<\/li>\n<li>Knife Handle: Rubberized TPR<\/li>\n<li>Weight: 8.3oz \/ 235g<\/li>\n<\/ul>\n<p>N&#8217;aff\u00fbtez plus jamais votre couteau avec le nouveau classeur \u00e0 double lame Razor-Pro de Outdoor Edge. Comprend un couteau \u00e0 lame de rasoir rempla\u00e7able et notre lame \u00e0 \u00e9jecter pour ouvrir le jeu comme une fermeture \u00e0 glissi\u00e8re sans couper les cheveux ni les organes internes. Pour remplacer une lame, appuyez simplement sur le bouton de verrouillage pour retirer et ins\u00e9rer une nouvelle lame tranchante. Le porte-lame rev\u00eatu d\u2019oxyde noir offre un support suppl\u00e9mentaire \u00e0 la lame de rasoir pour la r\u00e9sistance des couteaux traditionnels et la nettet\u00e9 du scalpel du chirurgien. Les poign\u00e9es en caoutchouc TPR garantissent une prise en main s\u00fbre et antid\u00e9rapante, m\u00eame par temps de pluie.<\/p>\n<p>Chemise \u00e0 lame de rasoir \/ \u00e9jectable rempla\u00e7able<br \/>\nN&#8217;aff\u00fbtez plus jamais votre couteau avec le nouveau classeur \u00e0 double lame Razor-Pro de Outdoor Edge. Comprend un couteau \u00e0 lame de rasoir rempla\u00e7able et notre lame \u00e0 \u00e9jecter pour ouvrir le jeu comme une fermeture \u00e0 glissi\u00e8re sans couper les cheveux ni les organes internes.<br \/>\nCaract\u00e9ristiques<\/p>\n<p>Lame de couteau: 3.5 \u00ab\/ 8.9cm<br \/>\nLame intestinale: 3.1 \u00ab\/ 7.9cm<br \/>\nDans l&#8217;ensemble: 8 \u00ab\/ 20.3cm<br \/>\nAcier: 420J2 japonais<br \/>\nDuret\u00e9 Rockwell-C: 57<br \/>\nManche de couteau: TPR caoutchout\u00e9<br \/>\nPoids: 8.3oz \/ 235g<\/p>\n<\/div>\n<p><\/p>","protected":false},"excerpt":{"rendered":"<p>C\u00f3digo del producto: RPRO<\/p>\n<p>https:\/\/youtu.be\/9EO87ZkQCAQ<\/p>\n","protected":false},"featured_media":1042,"template":"","meta":[],"product_brand":[],"product_cat":[26],"product_tag":[],"class_list":{"0":"post-524","1":"product","2":"type-product","3":"status-publish","4":"has-post-thumbnail","6":"product_cat-cuchillos","8":"first","9":"instock","10":"shipping-taxable","11":"purchasable","12":"product-type-simple"},"yoast_head":"<!-- This site is optimized with the Yoast SEO plugin v27.0 - https:\/\/yoast.com\/product\/yoast-seo-wordpress\/ -->\n<title>Outdoor Edge&#039;s Razor-Pro\u2122 Knives - Wildlife Control Supplies EU<\/title>\n<meta name=\"robots\" content=\"index, follow, max-snippet:-1, max-image-preview:large, max-video-preview:-1\" \/>\n<link rel=\"canonical\" href=\"https:\/\/shopwcseu.com\/producto\/outdoor-edges-razor-pro\/\" \/>\n<meta property=\"og:locale\" content=\"es_ES\" \/>\n<meta property=\"og:type\" content=\"article\" \/>\n<meta property=\"og:title\" content=\"Outdoor Edge&#039;s Razor-Pro\u2122 Knives - Wildlife Control Supplies EU\" \/>\n<meta property=\"og:description\" content=\"[:en]Product Code: RPRO  https:\/\/youtu.be\/9EO87ZkQCAQ[:es]C\u00f3digo del producto: RPRO  https:\/\/youtu.be\/9EO87ZkQCAQ[:fr]Code de produit: RPRO  https:\/\/youtu.be\/9EO87ZkQCAQ[:]\" \/>\n<meta property=\"og:url\" content=\"https:\/\/shopwcseu.com\/producto\/outdoor-edges-razor-pro\/\" \/>\n<meta property=\"og:site_name\" content=\"Wildlife Control Supplies EU\" \/>\n<meta property=\"article:modified_time\" content=\"2023-12-05T06:59:39+00:00\" \/>\n<meta property=\"og:image\" content=\"https:\/\/shopwcseu.com\/wp-content\/uploads\/2018\/10\/Razor-Pro-Orange.RO-20C_500px.jpg\" \/>\n\t<meta property=\"og:image:width\" content=\"500\" \/>\n\t<meta property=\"og:image:height\" content=\"500\" \/>\n\t<meta property=\"og:image:type\" content=\"image\/jpeg\" \/>\n<meta name=\"twitter:card\" content=\"summary_large_image\" \/>\n<meta name=\"twitter:label1\" content=\"Tiempo de lectura\" \/>\n\t<meta name=\"twitter:data1\" content=\"4 minutos\" \/>\n<script type=\"application\/ld+json\" class=\"yoast-schema-graph\">{\"@context\":\"https:\/\/schema.org\",\"@graph\":[{\"@type\":\"WebPage\",\"@id\":\"https:\/\/shopwcseu.com\/producto\/outdoor-edges-razor-pro\/\",\"url\":\"https:\/\/shopwcseu.com\/producto\/outdoor-edges-razor-pro\/\",\"name\":\"Outdoor Edge's Razor-Pro\u2122 Knives - Wildlife Control Supplies EU\",\"isPartOf\":{\"@id\":\"https:\/\/shopwcseu.com\/es\/#website\"},\"primaryImageOfPage\":{\"@id\":\"https:\/\/shopwcseu.com\/producto\/outdoor-edges-razor-pro\/#primaryimage\"},\"image\":{\"@id\":\"https:\/\/shopwcseu.com\/producto\/outdoor-edges-razor-pro\/#primaryimage\"},\"thumbnailUrl\":\"https:\/\/shopwcseu.com\/wp-content\/uploads\/2018\/10\/Razor-Pro-Orange.RO-20C_500px.jpg\",\"datePublished\":\"2018-10-04T08:33:12+00:00\",\"dateModified\":\"2023-12-05T06:59:39+00:00\",\"breadcrumb\":{\"@id\":\"https:\/\/shopwcseu.com\/producto\/outdoor-edges-razor-pro\/#breadcrumb\"},\"inLanguage\":\"es\",\"potentialAction\":[{\"@type\":\"ReadAction\",\"target\":[\"https:\/\/shopwcseu.com\/producto\/outdoor-edges-razor-pro\/\"]}]},{\"@type\":\"ImageObject\",\"inLanguage\":\"es\",\"@id\":\"https:\/\/shopwcseu.com\/producto\/outdoor-edges-razor-pro\/#primaryimage\",\"url\":\"https:\/\/shopwcseu.com\/wp-content\/uploads\/2018\/10\/Razor-Pro-Orange.RO-20C_500px.jpg\",\"contentUrl\":\"https:\/\/shopwcseu.com\/wp-content\/uploads\/2018\/10\/Razor-Pro-Orange.RO-20C_500px.jpg\",\"width\":500,\"height\":500},{\"@type\":\"BreadcrumbList\",\"@id\":\"https:\/\/shopwcseu.com\/producto\/outdoor-edges-razor-pro\/#breadcrumb\",\"itemListElement\":[{\"@type\":\"ListItem\",\"position\":1,\"name\":\"Home\",\"item\":\"https:\/\/shopwcseu.com\/es\/\"},{\"@type\":\"ListItem\",\"position\":2,\"name\":\"Productos\",\"item\":\"https:\/\/shopwcseu.com\/es\/products\/\"},{\"@type\":\"ListItem\",\"position\":3,\"name\":\"Outdoor Edge&#8217;s Razor-Pro\u2122 Knives\"}]},{\"@type\":\"WebSite\",\"@id\":\"https:\/\/shopwcseu.com\/es\/#website\",\"url\":\"https:\/\/shopwcseu.com\/es\/\",\"name\":\"Wildlife Control Supplies EU\",\"description\":\"La tienda de suministros de material de captura m\u00e1s grande de Europa\",\"potentialAction\":[{\"@type\":\"SearchAction\",\"target\":{\"@type\":\"EntryPoint\",\"urlTemplate\":\"https:\/\/shopwcseu.com\/es\/?s={search_term_string}\"},\"query-input\":{\"@type\":\"PropertyValueSpecification\",\"valueRequired\":true,\"valueName\":\"search_term_string\"}}],\"inLanguage\":\"es\"}]}<\/script>\n<!-- \/ Yoast SEO plugin. -->","yoast_head_json":{"title":"Outdoor Edge's Razor-Pro\u2122 Knives - Wildlife Control Supplies EU","robots":{"index":"index","follow":"follow","max-snippet":"max-snippet:-1","max-image-preview":"max-image-preview:large","max-video-preview":"max-video-preview:-1"},"canonical":"https:\/\/shopwcseu.com\/producto\/outdoor-edges-razor-pro\/","og_locale":"es_ES","og_type":"article","og_title":"Outdoor Edge's Razor-Pro\u2122 Knives - Wildlife Control Supplies EU","og_description":"[:en]Product Code: RPRO  https:\/\/youtu.be\/9EO87ZkQCAQ[:es]C\u00f3digo del producto: RPRO  https:\/\/youtu.be\/9EO87ZkQCAQ[:fr]Code de produit: RPRO  https:\/\/youtu.be\/9EO87ZkQCAQ[:]","og_url":"https:\/\/shopwcseu.com\/producto\/outdoor-edges-razor-pro\/","og_site_name":"Wildlife Control Supplies EU","article_modified_time":"2023-12-05T06:59:39+00:00","og_image":[{"width":500,"height":500,"url":"https:\/\/shopwcseu.com\/wp-content\/uploads\/2018\/10\/Razor-Pro-Orange.RO-20C_500px.jpg","type":"image\/jpeg"}],"twitter_card":"summary_large_image","twitter_misc":{"Tiempo de lectura":"4 minutos"},"schema":{"@context":"https:\/\/schema.org","@graph":[{"@type":"WebPage","@id":"https:\/\/shopwcseu.com\/producto\/outdoor-edges-razor-pro\/","url":"https:\/\/shopwcseu.com\/producto\/outdoor-edges-razor-pro\/","name":"Outdoor Edge's Razor-Pro\u2122 Knives - Wildlife Control Supplies EU","isPartOf":{"@id":"https:\/\/shopwcseu.com\/es\/#website"},"primaryImageOfPage":{"@id":"https:\/\/shopwcseu.com\/producto\/outdoor-edges-razor-pro\/#primaryimage"},"image":{"@id":"https:\/\/shopwcseu.com\/producto\/outdoor-edges-razor-pro\/#primaryimage"},"thumbnailUrl":"https:\/\/shopwcseu.com\/wp-content\/uploads\/2018\/10\/Razor-Pro-Orange.RO-20C_500px.jpg","datePublished":"2018-10-04T08:33:12+00:00","dateModified":"2023-12-05T06:59:39+00:00","breadcrumb":{"@id":"https:\/\/shopwcseu.com\/producto\/outdoor-edges-razor-pro\/#breadcrumb"},"inLanguage":"es","potentialAction":[{"@type":"ReadAction","target":["https:\/\/shopwcseu.com\/producto\/outdoor-edges-razor-pro\/"]}]},{"@type":"ImageObject","inLanguage":"es","@id":"https:\/\/shopwcseu.com\/producto\/outdoor-edges-razor-pro\/#primaryimage","url":"https:\/\/shopwcseu.com\/wp-content\/uploads\/2018\/10\/Razor-Pro-Orange.RO-20C_500px.jpg","contentUrl":"https:\/\/shopwcseu.com\/wp-content\/uploads\/2018\/10\/Razor-Pro-Orange.RO-20C_500px.jpg","width":500,"height":500},{"@type":"BreadcrumbList","@id":"https:\/\/shopwcseu.com\/producto\/outdoor-edges-razor-pro\/#breadcrumb","itemListElement":[{"@type":"ListItem","position":1,"name":"Home","item":"https:\/\/shopwcseu.com\/es\/"},{"@type":"ListItem","position":2,"name":"Productos","item":"https:\/\/shopwcseu.com\/es\/products\/"},{"@type":"ListItem","position":3,"name":"Outdoor Edge&#8217;s Razor-Pro\u2122 Knives"}]},{"@type":"WebSite","@id":"https:\/\/shopwcseu.com\/es\/#website","url":"https:\/\/shopwcseu.com\/es\/","name":"Wildlife Control Supplies EU","description":"La tienda de suministros de material de captura m\u00e1s grande de Europa","potentialAction":[{"@type":"SearchAction","target":{"@type":"EntryPoint","urlTemplate":"https:\/\/shopwcseu.com\/es\/?s={search_term_string}"},"query-input":{"@type":"PropertyValueSpecification","valueRequired":true,"valueName":"search_term_string"}}],"inLanguage":"es"}]}},"_links":{"self":[{"href":"https:\/\/shopwcseu.com\/es\/wp-json\/wp\/v2\/product\/524","targetHints":{"allow":["GET"]}}],"collection":[{"href":"https:\/\/shopwcseu.com\/es\/wp-json\/wp\/v2\/product"}],"about":[{"href":"https:\/\/shopwcseu.com\/es\/wp-json\/wp\/v2\/types\/product"}],"wp:featuredmedia":[{"embeddable":true,"href":"https:\/\/shopwcseu.com\/es\/wp-json\/wp\/v2\/media\/1042"}],"wp:attachment":[{"href":"https:\/\/shopwcseu.com\/es\/wp-json\/wp\/v2\/media?parent=524"}],"wp:term":[{"taxonomy":"product_brand","embeddable":true,"href":"https:\/\/shopwcseu.com\/es\/wp-json\/wp\/v2\/product_brand?post=524"},{"taxonomy":"product_cat","embeddable":true,"href":"https:\/\/shopwcseu.com\/es\/wp-json\/wp\/v2\/product_cat?post=524"},{"taxonomy":"product_tag","embeddable":true,"href":"https:\/\/shopwcseu.com\/es\/wp-json\/wp\/v2\/product_tag?post=524"}],"curies":[{"name":"wp","href":"https:\/\/api.w.org\/{rel}","templated":true}]}}