{"id":522,"date":"2018-10-03T15:57:14","date_gmt":"2018-10-03T15:57:14","guid":{"rendered":"http:\/\/shopwcseu.com\/?post_type=product&#038;p=522"},"modified":"2018-10-15T07:03:54","modified_gmt":"2018-10-15T07:03:54","slug":"bridger-280-magnum","status":"publish","type":"product","link":"https:\/\/shopwcseu.com\/es\/producto\/bridger-280-magnum\/","title":{"rendered":"BRIDGER 280 MAGNUM"},"content":{"rendered":"<p>Bridger 280 Magnum<\/p>\n<p>The\u00a0<strong>Bridger #280 Magnum<\/strong>\u00a0measures a full 8&#8243; x 8&#8243; and gives you a Magnum Trap at a Bargain Price. Extensive field testing resulted in this unique design with complete corner closure. A slight center gap is incorporated to protect the integrity of the dog and trigger in the event of a dry fire. Designed and developed for the serious beaver and otter trapper.<\/p>\n<p>Le Bridger # 280 Magnum mesure 8 \u00abx 8\u00bb et vous offre un pi\u00e8ge Magnum \u00e0 un prix exceptionnel. Des essais sur le terrain approfondis ont abouti \u00e0 cette conception unique avec fermeture compl\u00e8te des coins. Un l\u00e9ger espace central est incorpor\u00e9 pour prot\u00e9ger l&#8217;int\u00e9grit\u00e9 du chien et d\u00e9clencher en cas de feu sec. Con\u00e7u et d\u00e9velopp\u00e9 pour le trappeur s\u00e9rieux de castor et de loutre.<\/p>\n","protected":false},"excerpt":{"rendered":"<p>Bridger 280 Magnum The\u00a0Bridger #280 Magnum\u00a0measures a full 8&#8243; x 8&#8243; and gives you a Magnum Trap at a Bargain Price. Extensive field testing resulted in this unique design with complete corner closure. A slight center gap is incorporated to protect the integrity of the dog and trigger in the event of a dry fire. [&hellip;]<\/p>\n","protected":false},"featured_media":520,"template":"","meta":[],"product_brand":[],"product_cat":[28],"product_tag":[],"class_list":{"0":"post-522","1":"product","2":"type-product","3":"status-publish","4":"has-post-thumbnail","6":"product_cat-body-grip-traps-trampas-de-muerte","8":"first","9":"instock","10":"shipping-taxable","11":"purchasable","12":"product-type-simple"},"yoast_head":"<!-- This site is optimized with the Yoast SEO plugin v27.0 - https:\/\/yoast.com\/product\/yoast-seo-wordpress\/ -->\n<title>BRIDGER 280 MAGNUM - Wildlife Control Supplies EU<\/title>\n<meta name=\"robots\" content=\"index, follow, max-snippet:-1, max-image-preview:large, max-video-preview:-1\" \/>\n<link rel=\"canonical\" href=\"https:\/\/shopwcseu.com\/producto\/bridger-280-magnum\/\" \/>\n<meta property=\"og:locale\" content=\"es_ES\" \/>\n<meta property=\"og:type\" content=\"article\" \/>\n<meta property=\"og:title\" content=\"BRIDGER 280 MAGNUM - Wildlife Control Supplies EU\" \/>\n<meta property=\"og:description\" content=\"Bridger 280 Magnum The\u00a0Bridger #280 Magnum\u00a0measures a full 8&#8243; x 8&#8243; and gives you a Magnum Trap at a Bargain Price. Extensive field testing resulted in this unique design with complete corner closure. A slight center gap is incorporated to protect the integrity of the dog and trigger in the event of a dry fire. [&hellip;]\" \/>\n<meta property=\"og:url\" content=\"https:\/\/shopwcseu.com\/producto\/bridger-280-magnum\/\" \/>\n<meta property=\"og:site_name\" content=\"Wildlife Control Supplies EU\" \/>\n<meta property=\"article:modified_time\" content=\"2018-10-15T07:03:54+00:00\" \/>\n<meta property=\"og:image\" content=\"https:\/\/shopwcseu.com\/wp-content\/uploads\/2018\/10\/Bridger_220_Magnum_500px_242x242.jpg\" \/>\n\t<meta property=\"og:image:width\" content=\"242\" \/>\n\t<meta property=\"og:image:height\" content=\"242\" \/>\n\t<meta property=\"og:image:type\" content=\"image\/jpeg\" \/>\n<meta name=\"twitter:card\" content=\"summary_large_image\" \/>\n<meta name=\"twitter:label1\" content=\"Tiempo de lectura\" \/>\n\t<meta name=\"twitter:data1\" content=\"1 minuto\" \/>\n<script type=\"application\/ld+json\" class=\"yoast-schema-graph\">{\"@context\":\"https:\/\/schema.org\",\"@graph\":[{\"@type\":\"WebPage\",\"@id\":\"https:\/\/shopwcseu.com\/producto\/bridger-280-magnum\/\",\"url\":\"https:\/\/shopwcseu.com\/producto\/bridger-280-magnum\/\",\"name\":\"BRIDGER 280 MAGNUM - Wildlife Control Supplies EU\",\"isPartOf\":{\"@id\":\"https:\/\/shopwcseu.com\/es\/#website\"},\"primaryImageOfPage\":{\"@id\":\"https:\/\/shopwcseu.com\/producto\/bridger-280-magnum\/#primaryimage\"},\"image\":{\"@id\":\"https:\/\/shopwcseu.com\/producto\/bridger-280-magnum\/#primaryimage\"},\"thumbnailUrl\":\"https:\/\/shopwcseu.com\/wp-content\/uploads\/2018\/10\/Bridger_220_Magnum_500px_242x242.jpg\",\"datePublished\":\"2018-10-03T15:57:14+00:00\",\"dateModified\":\"2018-10-15T07:03:54+00:00\",\"breadcrumb\":{\"@id\":\"https:\/\/shopwcseu.com\/producto\/bridger-280-magnum\/#breadcrumb\"},\"inLanguage\":\"es\",\"potentialAction\":[{\"@type\":\"ReadAction\",\"target\":[\"https:\/\/shopwcseu.com\/producto\/bridger-280-magnum\/\"]}]},{\"@type\":\"ImageObject\",\"inLanguage\":\"es\",\"@id\":\"https:\/\/shopwcseu.com\/producto\/bridger-280-magnum\/#primaryimage\",\"url\":\"https:\/\/shopwcseu.com\/wp-content\/uploads\/2018\/10\/Bridger_220_Magnum_500px_242x242.jpg\",\"contentUrl\":\"https:\/\/shopwcseu.com\/wp-content\/uploads\/2018\/10\/Bridger_220_Magnum_500px_242x242.jpg\",\"width\":242,\"height\":242},{\"@type\":\"BreadcrumbList\",\"@id\":\"https:\/\/shopwcseu.com\/producto\/bridger-280-magnum\/#breadcrumb\",\"itemListElement\":[{\"@type\":\"ListItem\",\"position\":1,\"name\":\"Home\",\"item\":\"https:\/\/shopwcseu.com\/es\/\"},{\"@type\":\"ListItem\",\"position\":2,\"name\":\"Productos\",\"item\":\"https:\/\/shopwcseu.com\/es\/products\/\"},{\"@type\":\"ListItem\",\"position\":3,\"name\":\"BRIDGER 280 MAGNUM\"}]},{\"@type\":\"WebSite\",\"@id\":\"https:\/\/shopwcseu.com\/es\/#website\",\"url\":\"https:\/\/shopwcseu.com\/es\/\",\"name\":\"Wildlife Control Supplies EU\",\"description\":\"La tienda de suministros de material de captura m\u00e1s grande de Europa\",\"potentialAction\":[{\"@type\":\"SearchAction\",\"target\":{\"@type\":\"EntryPoint\",\"urlTemplate\":\"https:\/\/shopwcseu.com\/es\/?s={search_term_string}\"},\"query-input\":{\"@type\":\"PropertyValueSpecification\",\"valueRequired\":true,\"valueName\":\"search_term_string\"}}],\"inLanguage\":\"es\"}]}<\/script>\n<!-- \/ Yoast SEO plugin. -->","yoast_head_json":{"title":"BRIDGER 280 MAGNUM - Wildlife Control Supplies EU","robots":{"index":"index","follow":"follow","max-snippet":"max-snippet:-1","max-image-preview":"max-image-preview:large","max-video-preview":"max-video-preview:-1"},"canonical":"https:\/\/shopwcseu.com\/producto\/bridger-280-magnum\/","og_locale":"es_ES","og_type":"article","og_title":"BRIDGER 280 MAGNUM - Wildlife Control Supplies EU","og_description":"Bridger 280 Magnum The\u00a0Bridger #280 Magnum\u00a0measures a full 8&#8243; x 8&#8243; and gives you a Magnum Trap at a Bargain Price. Extensive field testing resulted in this unique design with complete corner closure. A slight center gap is incorporated to protect the integrity of the dog and trigger in the event of a dry fire. [&hellip;]","og_url":"https:\/\/shopwcseu.com\/producto\/bridger-280-magnum\/","og_site_name":"Wildlife Control Supplies EU","article_modified_time":"2018-10-15T07:03:54+00:00","og_image":[{"width":242,"height":242,"url":"https:\/\/shopwcseu.com\/wp-content\/uploads\/2018\/10\/Bridger_220_Magnum_500px_242x242.jpg","type":"image\/jpeg"}],"twitter_card":"summary_large_image","twitter_misc":{"Tiempo de lectura":"1 minuto"},"schema":{"@context":"https:\/\/schema.org","@graph":[{"@type":"WebPage","@id":"https:\/\/shopwcseu.com\/producto\/bridger-280-magnum\/","url":"https:\/\/shopwcseu.com\/producto\/bridger-280-magnum\/","name":"BRIDGER 280 MAGNUM - Wildlife Control Supplies EU","isPartOf":{"@id":"https:\/\/shopwcseu.com\/es\/#website"},"primaryImageOfPage":{"@id":"https:\/\/shopwcseu.com\/producto\/bridger-280-magnum\/#primaryimage"},"image":{"@id":"https:\/\/shopwcseu.com\/producto\/bridger-280-magnum\/#primaryimage"},"thumbnailUrl":"https:\/\/shopwcseu.com\/wp-content\/uploads\/2018\/10\/Bridger_220_Magnum_500px_242x242.jpg","datePublished":"2018-10-03T15:57:14+00:00","dateModified":"2018-10-15T07:03:54+00:00","breadcrumb":{"@id":"https:\/\/shopwcseu.com\/producto\/bridger-280-magnum\/#breadcrumb"},"inLanguage":"es","potentialAction":[{"@type":"ReadAction","target":["https:\/\/shopwcseu.com\/producto\/bridger-280-magnum\/"]}]},{"@type":"ImageObject","inLanguage":"es","@id":"https:\/\/shopwcseu.com\/producto\/bridger-280-magnum\/#primaryimage","url":"https:\/\/shopwcseu.com\/wp-content\/uploads\/2018\/10\/Bridger_220_Magnum_500px_242x242.jpg","contentUrl":"https:\/\/shopwcseu.com\/wp-content\/uploads\/2018\/10\/Bridger_220_Magnum_500px_242x242.jpg","width":242,"height":242},{"@type":"BreadcrumbList","@id":"https:\/\/shopwcseu.com\/producto\/bridger-280-magnum\/#breadcrumb","itemListElement":[{"@type":"ListItem","position":1,"name":"Home","item":"https:\/\/shopwcseu.com\/es\/"},{"@type":"ListItem","position":2,"name":"Productos","item":"https:\/\/shopwcseu.com\/es\/products\/"},{"@type":"ListItem","position":3,"name":"BRIDGER 280 MAGNUM"}]},{"@type":"WebSite","@id":"https:\/\/shopwcseu.com\/es\/#website","url":"https:\/\/shopwcseu.com\/es\/","name":"Wildlife Control Supplies EU","description":"La tienda de suministros de material de captura m\u00e1s grande de Europa","potentialAction":[{"@type":"SearchAction","target":{"@type":"EntryPoint","urlTemplate":"https:\/\/shopwcseu.com\/es\/?s={search_term_string}"},"query-input":{"@type":"PropertyValueSpecification","valueRequired":true,"valueName":"search_term_string"}}],"inLanguage":"es"}]}},"_links":{"self":[{"href":"https:\/\/shopwcseu.com\/es\/wp-json\/wp\/v2\/product\/522","targetHints":{"allow":["GET"]}}],"collection":[{"href":"https:\/\/shopwcseu.com\/es\/wp-json\/wp\/v2\/product"}],"about":[{"href":"https:\/\/shopwcseu.com\/es\/wp-json\/wp\/v2\/types\/product"}],"wp:featuredmedia":[{"embeddable":true,"href":"https:\/\/shopwcseu.com\/es\/wp-json\/wp\/v2\/media\/520"}],"wp:attachment":[{"href":"https:\/\/shopwcseu.com\/es\/wp-json\/wp\/v2\/media?parent=522"}],"wp:term":[{"taxonomy":"product_brand","embeddable":true,"href":"https:\/\/shopwcseu.com\/es\/wp-json\/wp\/v2\/product_brand?post=522"},{"taxonomy":"product_cat","embeddable":true,"href":"https:\/\/shopwcseu.com\/es\/wp-json\/wp\/v2\/product_cat?post=522"},{"taxonomy":"product_tag","embeddable":true,"href":"https:\/\/shopwcseu.com\/es\/wp-json\/wp\/v2\/product_tag?post=522"}],"curies":[{"name":"wp","href":"https:\/\/api.w.org\/{rel}","templated":true}]}}