{"id":521,"date":"2018-10-03T15:55:29","date_gmt":"2018-10-03T15:55:29","guid":{"rendered":"http:\/\/shopwcseu.com\/?post_type=product&#038;p=521"},"modified":"2023-12-05T07:00:53","modified_gmt":"2023-12-05T07:00:53","slug":"bridger-220-magnum","status":"publish","type":"product","link":"https:\/\/shopwcseu.com\/es\/producto\/bridger-220-magnum\/","title":{"rendered":"BRIDGER 220 MAGNUM"},"content":{"rendered":"<p>Bridger 220 Magnum<\/p>\n<p>The<strong>\u00a0Bridger 220 Magnum Body Grip Trap<\/strong>, measuring 7&#8243; x 7&#8243; square, has two powerful springs with safety clips. Used for capturing raccoon, skunk, fisher, nutria, etc. This\u00a0<strong>lethal<\/strong>\u00a0trap captures the animal around the neck and body when the animal passes through it. Typically, this trap is meant to be submerged in water, in or on a structure, or in an enclosed box\u00a0minimizing the possibility of non-target captures.<\/p>\n<p>Le pi\u00e8ge \u00e0 corps Bridger 220 Magnum, mesurant 7 x 7 po carr\u00e9, est dot\u00e9 de deux ressorts puissants avec des clips de s\u00e9curit\u00e9. Utilis\u00e9 pour capturer le raton laveur, la moufette, le p\u00eacheur, le nutria, etc. Ce pi\u00e8ge mortel capture l&#8217;animal autour du cou et du corps lorsque l&#8217;animal le traverse. En r\u00e8gle g\u00e9n\u00e9rale, ce pi\u00e8ge est con\u00e7u pour \u00eatre immerg\u00e9 dans l&#8217;eau, dans ou sur une structure, ou dans une bo\u00eete ferm\u00e9e, ce qui r\u00e9duit les risques de captures non cibl\u00e9es.<\/p>\n","protected":false},"excerpt":{"rendered":"<p>Bridger 220 Magnum The\u00a0Bridger 220 Magnum Body Grip Trap, measuring 7&#8243; x 7&#8243; square, has two powerful springs with safety clips. Used for capturing raccoon, skunk, fisher, nutria, etc. This\u00a0lethal\u00a0trap captures the animal around the neck and body when the animal passes through it. Typically, this trap is meant to be submerged in water, in [&hellip;]<\/p>\n","protected":false},"featured_media":520,"template":"","meta":[],"product_brand":[],"product_cat":[28],"product_tag":[],"class_list":{"0":"post-521","1":"product","2":"type-product","3":"status-publish","4":"has-post-thumbnail","6":"product_cat-body-grip-traps-trampas-de-muerte","8":"first","9":"instock","10":"shipping-taxable","11":"purchasable","12":"product-type-simple"},"yoast_head":"<!-- This site is optimized with the Yoast SEO plugin v27.0 - https:\/\/yoast.com\/product\/yoast-seo-wordpress\/ -->\n<title>BRIDGER 220 MAGNUM - Wildlife Control Supplies EU<\/title>\n<meta name=\"robots\" content=\"index, follow, max-snippet:-1, max-image-preview:large, max-video-preview:-1\" \/>\n<link rel=\"canonical\" href=\"https:\/\/shopwcseu.com\/producto\/bridger-220-magnum\/\" \/>\n<meta property=\"og:locale\" content=\"es_ES\" \/>\n<meta property=\"og:type\" content=\"article\" \/>\n<meta property=\"og:title\" content=\"BRIDGER 220 MAGNUM - Wildlife Control Supplies EU\" \/>\n<meta property=\"og:description\" content=\"Bridger 220 Magnum The\u00a0Bridger 220 Magnum Body Grip Trap, measuring 7&#8243; x 7&#8243; square, has two powerful springs with safety clips. Used for capturing raccoon, skunk, fisher, nutria, etc. This\u00a0lethal\u00a0trap captures the animal around the neck and body when the animal passes through it. Typically, this trap is meant to be submerged in water, in [&hellip;]\" \/>\n<meta property=\"og:url\" content=\"https:\/\/shopwcseu.com\/producto\/bridger-220-magnum\/\" \/>\n<meta property=\"og:site_name\" content=\"Wildlife Control Supplies EU\" \/>\n<meta property=\"article:modified_time\" content=\"2023-12-05T07:00:53+00:00\" \/>\n<meta property=\"og:image\" content=\"https:\/\/shopwcseu.com\/wp-content\/uploads\/2018\/10\/Bridger_220_Magnum_500px_242x242.jpg\" \/>\n\t<meta property=\"og:image:width\" content=\"242\" \/>\n\t<meta property=\"og:image:height\" content=\"242\" \/>\n\t<meta property=\"og:image:type\" content=\"image\/jpeg\" \/>\n<meta name=\"twitter:card\" content=\"summary_large_image\" \/>\n<meta name=\"twitter:label1\" content=\"Tiempo de lectura\" \/>\n\t<meta name=\"twitter:data1\" content=\"1 minuto\" \/>\n<script type=\"application\/ld+json\" class=\"yoast-schema-graph\">{\"@context\":\"https:\/\/schema.org\",\"@graph\":[{\"@type\":\"WebPage\",\"@id\":\"https:\/\/shopwcseu.com\/producto\/bridger-220-magnum\/\",\"url\":\"https:\/\/shopwcseu.com\/producto\/bridger-220-magnum\/\",\"name\":\"BRIDGER 220 MAGNUM - Wildlife Control Supplies EU\",\"isPartOf\":{\"@id\":\"https:\/\/shopwcseu.com\/es\/#website\"},\"primaryImageOfPage\":{\"@id\":\"https:\/\/shopwcseu.com\/producto\/bridger-220-magnum\/#primaryimage\"},\"image\":{\"@id\":\"https:\/\/shopwcseu.com\/producto\/bridger-220-magnum\/#primaryimage\"},\"thumbnailUrl\":\"https:\/\/shopwcseu.com\/wp-content\/uploads\/2018\/10\/Bridger_220_Magnum_500px_242x242.jpg\",\"datePublished\":\"2018-10-03T15:55:29+00:00\",\"dateModified\":\"2023-12-05T07:00:53+00:00\",\"breadcrumb\":{\"@id\":\"https:\/\/shopwcseu.com\/producto\/bridger-220-magnum\/#breadcrumb\"},\"inLanguage\":\"es\",\"potentialAction\":[{\"@type\":\"ReadAction\",\"target\":[\"https:\/\/shopwcseu.com\/producto\/bridger-220-magnum\/\"]}]},{\"@type\":\"ImageObject\",\"inLanguage\":\"es\",\"@id\":\"https:\/\/shopwcseu.com\/producto\/bridger-220-magnum\/#primaryimage\",\"url\":\"https:\/\/shopwcseu.com\/wp-content\/uploads\/2018\/10\/Bridger_220_Magnum_500px_242x242.jpg\",\"contentUrl\":\"https:\/\/shopwcseu.com\/wp-content\/uploads\/2018\/10\/Bridger_220_Magnum_500px_242x242.jpg\",\"width\":242,\"height\":242},{\"@type\":\"BreadcrumbList\",\"@id\":\"https:\/\/shopwcseu.com\/producto\/bridger-220-magnum\/#breadcrumb\",\"itemListElement\":[{\"@type\":\"ListItem\",\"position\":1,\"name\":\"Home\",\"item\":\"https:\/\/shopwcseu.com\/es\/\"},{\"@type\":\"ListItem\",\"position\":2,\"name\":\"Productos\",\"item\":\"https:\/\/shopwcseu.com\/es\/products\/\"},{\"@type\":\"ListItem\",\"position\":3,\"name\":\"BRIDGER 220 MAGNUM\"}]},{\"@type\":\"WebSite\",\"@id\":\"https:\/\/shopwcseu.com\/es\/#website\",\"url\":\"https:\/\/shopwcseu.com\/es\/\",\"name\":\"Wildlife Control Supplies EU\",\"description\":\"La tienda de suministros de material de captura m\u00e1s grande de Europa\",\"potentialAction\":[{\"@type\":\"SearchAction\",\"target\":{\"@type\":\"EntryPoint\",\"urlTemplate\":\"https:\/\/shopwcseu.com\/es\/?s={search_term_string}\"},\"query-input\":{\"@type\":\"PropertyValueSpecification\",\"valueRequired\":true,\"valueName\":\"search_term_string\"}}],\"inLanguage\":\"es\"}]}<\/script>\n<!-- \/ Yoast SEO plugin. -->","yoast_head_json":{"title":"BRIDGER 220 MAGNUM - Wildlife Control Supplies EU","robots":{"index":"index","follow":"follow","max-snippet":"max-snippet:-1","max-image-preview":"max-image-preview:large","max-video-preview":"max-video-preview:-1"},"canonical":"https:\/\/shopwcseu.com\/producto\/bridger-220-magnum\/","og_locale":"es_ES","og_type":"article","og_title":"BRIDGER 220 MAGNUM - Wildlife Control Supplies EU","og_description":"Bridger 220 Magnum The\u00a0Bridger 220 Magnum Body Grip Trap, measuring 7&#8243; x 7&#8243; square, has two powerful springs with safety clips. Used for capturing raccoon, skunk, fisher, nutria, etc. This\u00a0lethal\u00a0trap captures the animal around the neck and body when the animal passes through it. Typically, this trap is meant to be submerged in water, in [&hellip;]","og_url":"https:\/\/shopwcseu.com\/producto\/bridger-220-magnum\/","og_site_name":"Wildlife Control Supplies EU","article_modified_time":"2023-12-05T07:00:53+00:00","og_image":[{"width":242,"height":242,"url":"https:\/\/shopwcseu.com\/wp-content\/uploads\/2018\/10\/Bridger_220_Magnum_500px_242x242.jpg","type":"image\/jpeg"}],"twitter_card":"summary_large_image","twitter_misc":{"Tiempo de lectura":"1 minuto"},"schema":{"@context":"https:\/\/schema.org","@graph":[{"@type":"WebPage","@id":"https:\/\/shopwcseu.com\/producto\/bridger-220-magnum\/","url":"https:\/\/shopwcseu.com\/producto\/bridger-220-magnum\/","name":"BRIDGER 220 MAGNUM - Wildlife Control Supplies EU","isPartOf":{"@id":"https:\/\/shopwcseu.com\/es\/#website"},"primaryImageOfPage":{"@id":"https:\/\/shopwcseu.com\/producto\/bridger-220-magnum\/#primaryimage"},"image":{"@id":"https:\/\/shopwcseu.com\/producto\/bridger-220-magnum\/#primaryimage"},"thumbnailUrl":"https:\/\/shopwcseu.com\/wp-content\/uploads\/2018\/10\/Bridger_220_Magnum_500px_242x242.jpg","datePublished":"2018-10-03T15:55:29+00:00","dateModified":"2023-12-05T07:00:53+00:00","breadcrumb":{"@id":"https:\/\/shopwcseu.com\/producto\/bridger-220-magnum\/#breadcrumb"},"inLanguage":"es","potentialAction":[{"@type":"ReadAction","target":["https:\/\/shopwcseu.com\/producto\/bridger-220-magnum\/"]}]},{"@type":"ImageObject","inLanguage":"es","@id":"https:\/\/shopwcseu.com\/producto\/bridger-220-magnum\/#primaryimage","url":"https:\/\/shopwcseu.com\/wp-content\/uploads\/2018\/10\/Bridger_220_Magnum_500px_242x242.jpg","contentUrl":"https:\/\/shopwcseu.com\/wp-content\/uploads\/2018\/10\/Bridger_220_Magnum_500px_242x242.jpg","width":242,"height":242},{"@type":"BreadcrumbList","@id":"https:\/\/shopwcseu.com\/producto\/bridger-220-magnum\/#breadcrumb","itemListElement":[{"@type":"ListItem","position":1,"name":"Home","item":"https:\/\/shopwcseu.com\/es\/"},{"@type":"ListItem","position":2,"name":"Productos","item":"https:\/\/shopwcseu.com\/es\/products\/"},{"@type":"ListItem","position":3,"name":"BRIDGER 220 MAGNUM"}]},{"@type":"WebSite","@id":"https:\/\/shopwcseu.com\/es\/#website","url":"https:\/\/shopwcseu.com\/es\/","name":"Wildlife Control Supplies EU","description":"La tienda de suministros de material de captura m\u00e1s grande de Europa","potentialAction":[{"@type":"SearchAction","target":{"@type":"EntryPoint","urlTemplate":"https:\/\/shopwcseu.com\/es\/?s={search_term_string}"},"query-input":{"@type":"PropertyValueSpecification","valueRequired":true,"valueName":"search_term_string"}}],"inLanguage":"es"}]}},"_links":{"self":[{"href":"https:\/\/shopwcseu.com\/es\/wp-json\/wp\/v2\/product\/521","targetHints":{"allow":["GET"]}}],"collection":[{"href":"https:\/\/shopwcseu.com\/es\/wp-json\/wp\/v2\/product"}],"about":[{"href":"https:\/\/shopwcseu.com\/es\/wp-json\/wp\/v2\/types\/product"}],"wp:featuredmedia":[{"embeddable":true,"href":"https:\/\/shopwcseu.com\/es\/wp-json\/wp\/v2\/media\/520"}],"wp:attachment":[{"href":"https:\/\/shopwcseu.com\/es\/wp-json\/wp\/v2\/media?parent=521"}],"wp:term":[{"taxonomy":"product_brand","embeddable":true,"href":"https:\/\/shopwcseu.com\/es\/wp-json\/wp\/v2\/product_brand?post=521"},{"taxonomy":"product_cat","embeddable":true,"href":"https:\/\/shopwcseu.com\/es\/wp-json\/wp\/v2\/product_cat?post=521"},{"taxonomy":"product_tag","embeddable":true,"href":"https:\/\/shopwcseu.com\/es\/wp-json\/wp\/v2\/product_tag?post=521"}],"curies":[{"name":"wp","href":"https:\/\/api.w.org\/{rel}","templated":true}]}}