{"id":473,"date":"2018-10-03T11:52:34","date_gmt":"2018-10-03T11:52:34","guid":{"rendered":"http:\/\/shopwcseu.com\/?post_type=product&#038;p=473"},"modified":"2023-12-05T07:05:29","modified_gmt":"2023-12-05T07:05:29","slug":"polar-paw","status":"publish","type":"product","link":"https:\/\/shopwcseu.com\/es\/producto\/polar-paw\/","title":{"rendered":"POLAR PAW"},"content":{"rendered":"<p>Guantes con conectores hasta la altura del codo .<\/p>\n<p>Ideales para invierno.<\/p>\n<p><strong>Polar Paw 31&#8243; Insulated Gauntlet<\/strong>\u00a0with a strap that connects the gloves, worn behind the neck. This makes it convenient when slipping in &amp; out of gloves when tending to traps. These gloves are made to last while still allowing a great degree of dexterity.<\/p>\n<p>Gantelet Polar Paw 31 \u00abisol\u00e9 avec une sangle permettant de relier les gants, port\u00e9 derri\u00e8re la nuque. Cela le rend pratique pour glisser dans les gants lorsqu\u2019on tend aux pi\u00e8ges. Ces gants sont con\u00e7us pour durer tout en permettant une grande dext\u00e9rit\u00e9.<\/p>\n","protected":false},"excerpt":{"rendered":"<p>Guantes con conectores hasta la altura del codo . Ideales para invierno. Polar Paw 31&#8243; Insulated Gauntlet\u00a0with a strap that connects the gloves, worn behind the neck. This makes it convenient when slipping in &amp; out of gloves when tending to traps. These gloves are made to last while still allowing a great degree of [&hellip;]<\/p>\n","protected":false},"featured_media":0,"template":"","meta":[],"product_brand":[],"product_cat":[31],"product_tag":[],"class_list":{"0":"post-473","1":"product","2":"type-product","3":"status-publish","5":"product_cat-guantes","7":"first","8":"instock","9":"shipping-taxable","10":"purchasable","11":"product-type-simple"},"yoast_head":"<!-- This site is optimized with the Yoast SEO plugin v27.0 - https:\/\/yoast.com\/product\/yoast-seo-wordpress\/ -->\n<title>POLAR PAW - Wildlife Control Supplies EU<\/title>\n<meta name=\"robots\" content=\"index, follow, max-snippet:-1, max-image-preview:large, max-video-preview:-1\" \/>\n<link rel=\"canonical\" href=\"https:\/\/shopwcseu.com\/producto\/polar-paw\/\" \/>\n<meta property=\"og:locale\" content=\"es_ES\" \/>\n<meta property=\"og:type\" content=\"article\" \/>\n<meta property=\"og:title\" content=\"POLAR PAW - Wildlife Control Supplies EU\" \/>\n<meta property=\"og:description\" content=\"Guantes con conectores hasta la altura del codo . Ideales para invierno. Polar Paw 31&#8243; Insulated Gauntlet\u00a0with a strap that connects the gloves, worn behind the neck. This makes it convenient when slipping in &amp; out of gloves when tending to traps. These gloves are made to last while still allowing a great degree of [&hellip;]\" \/>\n<meta property=\"og:url\" content=\"https:\/\/shopwcseu.com\/producto\/polar-paw\/\" \/>\n<meta property=\"og:site_name\" content=\"Wildlife Control Supplies EU\" \/>\n<meta property=\"article:modified_time\" content=\"2023-12-05T07:05:29+00:00\" \/>\n<meta name=\"twitter:card\" content=\"summary_large_image\" \/>\n<meta name=\"twitter:label1\" content=\"Tiempo de lectura\" \/>\n\t<meta name=\"twitter:data1\" content=\"1 minuto\" \/>\n<script type=\"application\/ld+json\" class=\"yoast-schema-graph\">{\"@context\":\"https:\/\/schema.org\",\"@graph\":[{\"@type\":\"WebPage\",\"@id\":\"https:\/\/shopwcseu.com\/producto\/polar-paw\/\",\"url\":\"https:\/\/shopwcseu.com\/producto\/polar-paw\/\",\"name\":\"POLAR PAW - Wildlife Control Supplies EU\",\"isPartOf\":{\"@id\":\"https:\/\/shopwcseu.com\/es\/#website\"},\"datePublished\":\"2018-10-03T11:52:34+00:00\",\"dateModified\":\"2023-12-05T07:05:29+00:00\",\"breadcrumb\":{\"@id\":\"https:\/\/shopwcseu.com\/producto\/polar-paw\/#breadcrumb\"},\"inLanguage\":\"es\",\"potentialAction\":[{\"@type\":\"ReadAction\",\"target\":[\"https:\/\/shopwcseu.com\/producto\/polar-paw\/\"]}]},{\"@type\":\"BreadcrumbList\",\"@id\":\"https:\/\/shopwcseu.com\/producto\/polar-paw\/#breadcrumb\",\"itemListElement\":[{\"@type\":\"ListItem\",\"position\":1,\"name\":\"Home\",\"item\":\"https:\/\/shopwcseu.com\/es\/\"},{\"@type\":\"ListItem\",\"position\":2,\"name\":\"Productos\",\"item\":\"https:\/\/shopwcseu.com\/es\/products\/\"},{\"@type\":\"ListItem\",\"position\":3,\"name\":\"POLAR PAW\"}]},{\"@type\":\"WebSite\",\"@id\":\"https:\/\/shopwcseu.com\/es\/#website\",\"url\":\"https:\/\/shopwcseu.com\/es\/\",\"name\":\"Wildlife Control Supplies EU\",\"description\":\"La tienda de suministros de material de captura m\u00e1s grande de Europa\",\"potentialAction\":[{\"@type\":\"SearchAction\",\"target\":{\"@type\":\"EntryPoint\",\"urlTemplate\":\"https:\/\/shopwcseu.com\/es\/?s={search_term_string}\"},\"query-input\":{\"@type\":\"PropertyValueSpecification\",\"valueRequired\":true,\"valueName\":\"search_term_string\"}}],\"inLanguage\":\"es\"}]}<\/script>\n<!-- \/ Yoast SEO plugin. -->","yoast_head_json":{"title":"POLAR PAW - Wildlife Control Supplies EU","robots":{"index":"index","follow":"follow","max-snippet":"max-snippet:-1","max-image-preview":"max-image-preview:large","max-video-preview":"max-video-preview:-1"},"canonical":"https:\/\/shopwcseu.com\/producto\/polar-paw\/","og_locale":"es_ES","og_type":"article","og_title":"POLAR PAW - Wildlife Control Supplies EU","og_description":"Guantes con conectores hasta la altura del codo . Ideales para invierno. Polar Paw 31&#8243; Insulated Gauntlet\u00a0with a strap that connects the gloves, worn behind the neck. This makes it convenient when slipping in &amp; out of gloves when tending to traps. These gloves are made to last while still allowing a great degree of [&hellip;]","og_url":"https:\/\/shopwcseu.com\/producto\/polar-paw\/","og_site_name":"Wildlife Control Supplies EU","article_modified_time":"2023-12-05T07:05:29+00:00","twitter_card":"summary_large_image","twitter_misc":{"Tiempo de lectura":"1 minuto"},"schema":{"@context":"https:\/\/schema.org","@graph":[{"@type":"WebPage","@id":"https:\/\/shopwcseu.com\/producto\/polar-paw\/","url":"https:\/\/shopwcseu.com\/producto\/polar-paw\/","name":"POLAR PAW - Wildlife Control Supplies EU","isPartOf":{"@id":"https:\/\/shopwcseu.com\/es\/#website"},"datePublished":"2018-10-03T11:52:34+00:00","dateModified":"2023-12-05T07:05:29+00:00","breadcrumb":{"@id":"https:\/\/shopwcseu.com\/producto\/polar-paw\/#breadcrumb"},"inLanguage":"es","potentialAction":[{"@type":"ReadAction","target":["https:\/\/shopwcseu.com\/producto\/polar-paw\/"]}]},{"@type":"BreadcrumbList","@id":"https:\/\/shopwcseu.com\/producto\/polar-paw\/#breadcrumb","itemListElement":[{"@type":"ListItem","position":1,"name":"Home","item":"https:\/\/shopwcseu.com\/es\/"},{"@type":"ListItem","position":2,"name":"Productos","item":"https:\/\/shopwcseu.com\/es\/products\/"},{"@type":"ListItem","position":3,"name":"POLAR PAW"}]},{"@type":"WebSite","@id":"https:\/\/shopwcseu.com\/es\/#website","url":"https:\/\/shopwcseu.com\/es\/","name":"Wildlife Control Supplies EU","description":"La tienda de suministros de material de captura m\u00e1s grande de Europa","potentialAction":[{"@type":"SearchAction","target":{"@type":"EntryPoint","urlTemplate":"https:\/\/shopwcseu.com\/es\/?s={search_term_string}"},"query-input":{"@type":"PropertyValueSpecification","valueRequired":true,"valueName":"search_term_string"}}],"inLanguage":"es"}]}},"_links":{"self":[{"href":"https:\/\/shopwcseu.com\/es\/wp-json\/wp\/v2\/product\/473","targetHints":{"allow":["GET"]}}],"collection":[{"href":"https:\/\/shopwcseu.com\/es\/wp-json\/wp\/v2\/product"}],"about":[{"href":"https:\/\/shopwcseu.com\/es\/wp-json\/wp\/v2\/types\/product"}],"wp:attachment":[{"href":"https:\/\/shopwcseu.com\/es\/wp-json\/wp\/v2\/media?parent=473"}],"wp:term":[{"taxonomy":"product_brand","embeddable":true,"href":"https:\/\/shopwcseu.com\/es\/wp-json\/wp\/v2\/product_brand?post=473"},{"taxonomy":"product_cat","embeddable":true,"href":"https:\/\/shopwcseu.com\/es\/wp-json\/wp\/v2\/product_cat?post=473"},{"taxonomy":"product_tag","embeddable":true,"href":"https:\/\/shopwcseu.com\/es\/wp-json\/wp\/v2\/product_tag?post=473"}],"curies":[{"name":"wp","href":"https:\/\/api.w.org\/{rel}","templated":true}]}}