{"id":471,"date":"2018-10-03T11:49:23","date_gmt":"2018-10-03T11:49:23","guid":{"rendered":"http:\/\/shopwcseu.com\/?post_type=product&#038;p=471"},"modified":"2023-12-05T07:03:30","modified_gmt":"2023-12-05T07:03:30","slug":"vet-pro","status":"publish","type":"product","link":"https:\/\/shopwcseu.com\/es\/producto\/vet-pro\/","title":{"rendered":"VET-PRO"},"content":{"rendered":"<p>Guantes de resistencia para punciones y manejo de fauna salvaje.<\/p>\n<p><strong>Vet-Pro\u2122 Warden Gloves\u00a0<\/strong>made of hand-cut, split-grain palomino leather and a ballistic lining of DuPont Kevlar felt.\u00a0 \u00a0Unlike knitted or woven versions, Kevlar felt is tightly packed for maximum puncture resistance.\u00a0 Double stitched with Kevlar thread, with a loose fit for dexterity and emergency removal.<\/p>\n<p>Developed for the safe and gentle handling of dogs, cats, snakes, and small wild animals.<\/p>\n<p><strong>\u00abMADE in the USA\u00bb<\/strong><\/p>\n<p>23&#8243; inches overall hand and cuff, these gloves are made of\u00a0Palomino Leather and Dupont Kevlar to provide a good combination\u00a0of protection and flexibility. \u00a0These gloves are\u00a0puncture resistant, NOT PUNCTURE PROOF!<\/p>\n<p>A favorite of vets, humane societies, breeding facilities, university labs and reptile handlers.<\/p>\n<p>Gants de gardien Vet-Pro \u2122 en cuir de palomino \u00e0 grain crois\u00e9 taill\u00e9 \u00e0 la main et doublure balistique en feutre DuPont Kevlar. Contrairement aux versions tricot\u00e9es ou tiss\u00e9es, le feutre de Kevlar est \u00e9troitement emball\u00e9 pour une r\u00e9sistance maximale \u00e0 la perforation. Double couture avec fil de Kevlar, coupe ample pour la dext\u00e9rit\u00e9 et le retrait d&#8217;urgence.<\/p>\n<p>D\u00e9velopp\u00e9 pour le traitement en douceur et en toute s\u00e9curit\u00e9 des chiens, des chats, des serpents et des petits animaux sauvages.<\/p>\n<p>\u00abFabriqu\u00e9 aux Etats-Unis\u00bb<\/p>\n<p>Poignets et poignets de 23 pouces au total, ces gants sont en cuir Palomino et en Kevlar Dupont pour offrir une bonne combinaison de protection et de flexibilit\u00e9. Ces gants sont r\u00e9sistants \u00e0 la perforation, PAS \u00c0 LA PERFORATION!<\/p>\n<p>Un favori des v\u00e9t\u00e9rinaires, des soci\u00e9t\u00e9s humanitaires, des installations d&#8217;\u00e9levage, des laboratoires universitaires et des manipulateurs de reptiles.<\/p>\n","protected":false},"excerpt":{"rendered":"<p>Guantes de resistencia para punciones y manejo de fauna salvaje. Vet-Pro\u2122 Warden Gloves\u00a0made of hand-cut, split-grain palomino leather and a ballistic lining of DuPont Kevlar felt.\u00a0 \u00a0Unlike knitted or woven versions, Kevlar felt is tightly packed for maximum puncture resistance.\u00a0 Double stitched with Kevlar thread, with a loose fit for dexterity and emergency removal. Developed [&hellip;]<\/p>\n","protected":false},"featured_media":458,"template":"","meta":[],"product_brand":[],"product_cat":[31],"product_tag":[],"class_list":{"0":"post-471","1":"product","2":"type-product","3":"status-publish","4":"has-post-thumbnail","6":"product_cat-guantes","8":"first","9":"instock","10":"shipping-taxable","11":"purchasable","12":"product-type-simple"},"yoast_head":"<!-- This site is optimized with the Yoast SEO plugin v27.0 - https:\/\/yoast.com\/product\/yoast-seo-wordpress\/ -->\n<title>VET-PRO - Wildlife Control Supplies EU<\/title>\n<meta name=\"robots\" content=\"index, follow, max-snippet:-1, max-image-preview:large, max-video-preview:-1\" \/>\n<link rel=\"canonical\" href=\"https:\/\/shopwcseu.com\/producto\/vet-pro\/\" \/>\n<meta property=\"og:locale\" content=\"es_ES\" \/>\n<meta property=\"og:type\" content=\"article\" \/>\n<meta property=\"og:title\" content=\"VET-PRO - Wildlife Control Supplies EU\" \/>\n<meta property=\"og:description\" content=\"Guantes de resistencia para punciones y manejo de fauna salvaje. Vet-Pro\u2122 Warden Gloves\u00a0made of hand-cut, split-grain palomino leather and a ballistic lining of DuPont Kevlar felt.\u00a0 \u00a0Unlike knitted or woven versions, Kevlar felt is tightly packed for maximum puncture resistance.\u00a0 Double stitched with Kevlar thread, with a loose fit for dexterity and emergency removal. Developed [&hellip;]\" \/>\n<meta property=\"og:url\" content=\"https:\/\/shopwcseu.com\/producto\/vet-pro\/\" \/>\n<meta property=\"og:site_name\" content=\"Wildlife Control Supplies EU\" \/>\n<meta property=\"article:modified_time\" content=\"2023-12-05T07:03:30+00:00\" \/>\n<meta property=\"og:image\" content=\"https:\/\/shopwcseu.com\/wp-content\/uploads\/2018\/10\/NEW_Warden_Gloves_Pair_500px.jpg\" \/>\n\t<meta property=\"og:image:width\" content=\"500\" \/>\n\t<meta property=\"og:image:height\" content=\"500\" \/>\n\t<meta property=\"og:image:type\" content=\"image\/jpeg\" \/>\n<meta name=\"twitter:card\" content=\"summary_large_image\" \/>\n<meta name=\"twitter:label1\" content=\"Tiempo de lectura\" \/>\n\t<meta name=\"twitter:data1\" content=\"1 minuto\" \/>\n<script type=\"application\/ld+json\" class=\"yoast-schema-graph\">{\"@context\":\"https:\/\/schema.org\",\"@graph\":[{\"@type\":\"WebPage\",\"@id\":\"https:\/\/shopwcseu.com\/producto\/vet-pro\/\",\"url\":\"https:\/\/shopwcseu.com\/producto\/vet-pro\/\",\"name\":\"VET-PRO - Wildlife Control Supplies EU\",\"isPartOf\":{\"@id\":\"https:\/\/shopwcseu.com\/es\/#website\"},\"primaryImageOfPage\":{\"@id\":\"https:\/\/shopwcseu.com\/producto\/vet-pro\/#primaryimage\"},\"image\":{\"@id\":\"https:\/\/shopwcseu.com\/producto\/vet-pro\/#primaryimage\"},\"thumbnailUrl\":\"https:\/\/shopwcseu.com\/wp-content\/uploads\/2018\/10\/NEW_Warden_Gloves_Pair_500px.jpg\",\"datePublished\":\"2018-10-03T11:49:23+00:00\",\"dateModified\":\"2023-12-05T07:03:30+00:00\",\"breadcrumb\":{\"@id\":\"https:\/\/shopwcseu.com\/producto\/vet-pro\/#breadcrumb\"},\"inLanguage\":\"es\",\"potentialAction\":[{\"@type\":\"ReadAction\",\"target\":[\"https:\/\/shopwcseu.com\/producto\/vet-pro\/\"]}]},{\"@type\":\"ImageObject\",\"inLanguage\":\"es\",\"@id\":\"https:\/\/shopwcseu.com\/producto\/vet-pro\/#primaryimage\",\"url\":\"https:\/\/shopwcseu.com\/wp-content\/uploads\/2018\/10\/NEW_Warden_Gloves_Pair_500px.jpg\",\"contentUrl\":\"https:\/\/shopwcseu.com\/wp-content\/uploads\/2018\/10\/NEW_Warden_Gloves_Pair_500px.jpg\",\"width\":500,\"height\":500},{\"@type\":\"BreadcrumbList\",\"@id\":\"https:\/\/shopwcseu.com\/producto\/vet-pro\/#breadcrumb\",\"itemListElement\":[{\"@type\":\"ListItem\",\"position\":1,\"name\":\"Home\",\"item\":\"https:\/\/shopwcseu.com\/es\/\"},{\"@type\":\"ListItem\",\"position\":2,\"name\":\"Productos\",\"item\":\"https:\/\/shopwcseu.com\/es\/products\/\"},{\"@type\":\"ListItem\",\"position\":3,\"name\":\"VET-PRO\"}]},{\"@type\":\"WebSite\",\"@id\":\"https:\/\/shopwcseu.com\/es\/#website\",\"url\":\"https:\/\/shopwcseu.com\/es\/\",\"name\":\"Wildlife Control Supplies EU\",\"description\":\"La tienda de suministros de material de captura m\u00e1s grande de Europa\",\"potentialAction\":[{\"@type\":\"SearchAction\",\"target\":{\"@type\":\"EntryPoint\",\"urlTemplate\":\"https:\/\/shopwcseu.com\/es\/?s={search_term_string}\"},\"query-input\":{\"@type\":\"PropertyValueSpecification\",\"valueRequired\":true,\"valueName\":\"search_term_string\"}}],\"inLanguage\":\"es\"}]}<\/script>\n<!-- \/ Yoast SEO plugin. -->","yoast_head_json":{"title":"VET-PRO - Wildlife Control Supplies EU","robots":{"index":"index","follow":"follow","max-snippet":"max-snippet:-1","max-image-preview":"max-image-preview:large","max-video-preview":"max-video-preview:-1"},"canonical":"https:\/\/shopwcseu.com\/producto\/vet-pro\/","og_locale":"es_ES","og_type":"article","og_title":"VET-PRO - Wildlife Control Supplies EU","og_description":"Guantes de resistencia para punciones y manejo de fauna salvaje. Vet-Pro\u2122 Warden Gloves\u00a0made of hand-cut, split-grain palomino leather and a ballistic lining of DuPont Kevlar felt.\u00a0 \u00a0Unlike knitted or woven versions, Kevlar felt is tightly packed for maximum puncture resistance.\u00a0 Double stitched with Kevlar thread, with a loose fit for dexterity and emergency removal. Developed [&hellip;]","og_url":"https:\/\/shopwcseu.com\/producto\/vet-pro\/","og_site_name":"Wildlife Control Supplies EU","article_modified_time":"2023-12-05T07:03:30+00:00","og_image":[{"width":500,"height":500,"url":"https:\/\/shopwcseu.com\/wp-content\/uploads\/2018\/10\/NEW_Warden_Gloves_Pair_500px.jpg","type":"image\/jpeg"}],"twitter_card":"summary_large_image","twitter_misc":{"Tiempo de lectura":"1 minuto"},"schema":{"@context":"https:\/\/schema.org","@graph":[{"@type":"WebPage","@id":"https:\/\/shopwcseu.com\/producto\/vet-pro\/","url":"https:\/\/shopwcseu.com\/producto\/vet-pro\/","name":"VET-PRO - Wildlife Control Supplies EU","isPartOf":{"@id":"https:\/\/shopwcseu.com\/es\/#website"},"primaryImageOfPage":{"@id":"https:\/\/shopwcseu.com\/producto\/vet-pro\/#primaryimage"},"image":{"@id":"https:\/\/shopwcseu.com\/producto\/vet-pro\/#primaryimage"},"thumbnailUrl":"https:\/\/shopwcseu.com\/wp-content\/uploads\/2018\/10\/NEW_Warden_Gloves_Pair_500px.jpg","datePublished":"2018-10-03T11:49:23+00:00","dateModified":"2023-12-05T07:03:30+00:00","breadcrumb":{"@id":"https:\/\/shopwcseu.com\/producto\/vet-pro\/#breadcrumb"},"inLanguage":"es","potentialAction":[{"@type":"ReadAction","target":["https:\/\/shopwcseu.com\/producto\/vet-pro\/"]}]},{"@type":"ImageObject","inLanguage":"es","@id":"https:\/\/shopwcseu.com\/producto\/vet-pro\/#primaryimage","url":"https:\/\/shopwcseu.com\/wp-content\/uploads\/2018\/10\/NEW_Warden_Gloves_Pair_500px.jpg","contentUrl":"https:\/\/shopwcseu.com\/wp-content\/uploads\/2018\/10\/NEW_Warden_Gloves_Pair_500px.jpg","width":500,"height":500},{"@type":"BreadcrumbList","@id":"https:\/\/shopwcseu.com\/producto\/vet-pro\/#breadcrumb","itemListElement":[{"@type":"ListItem","position":1,"name":"Home","item":"https:\/\/shopwcseu.com\/es\/"},{"@type":"ListItem","position":2,"name":"Productos","item":"https:\/\/shopwcseu.com\/es\/products\/"},{"@type":"ListItem","position":3,"name":"VET-PRO"}]},{"@type":"WebSite","@id":"https:\/\/shopwcseu.com\/es\/#website","url":"https:\/\/shopwcseu.com\/es\/","name":"Wildlife Control Supplies EU","description":"La tienda de suministros de material de captura m\u00e1s grande de Europa","potentialAction":[{"@type":"SearchAction","target":{"@type":"EntryPoint","urlTemplate":"https:\/\/shopwcseu.com\/es\/?s={search_term_string}"},"query-input":{"@type":"PropertyValueSpecification","valueRequired":true,"valueName":"search_term_string"}}],"inLanguage":"es"}]}},"_links":{"self":[{"href":"https:\/\/shopwcseu.com\/es\/wp-json\/wp\/v2\/product\/471","targetHints":{"allow":["GET"]}}],"collection":[{"href":"https:\/\/shopwcseu.com\/es\/wp-json\/wp\/v2\/product"}],"about":[{"href":"https:\/\/shopwcseu.com\/es\/wp-json\/wp\/v2\/types\/product"}],"wp:featuredmedia":[{"embeddable":true,"href":"https:\/\/shopwcseu.com\/es\/wp-json\/wp\/v2\/media\/458"}],"wp:attachment":[{"href":"https:\/\/shopwcseu.com\/es\/wp-json\/wp\/v2\/media?parent=471"}],"wp:term":[{"taxonomy":"product_brand","embeddable":true,"href":"https:\/\/shopwcseu.com\/es\/wp-json\/wp\/v2\/product_brand?post=471"},{"taxonomy":"product_cat","embeddable":true,"href":"https:\/\/shopwcseu.com\/es\/wp-json\/wp\/v2\/product_cat?post=471"},{"taxonomy":"product_tag","embeddable":true,"href":"https:\/\/shopwcseu.com\/es\/wp-json\/wp\/v2\/product_tag?post=471"}],"curies":[{"name":"wp","href":"https:\/\/api.w.org\/{rel}","templated":true}]}}