{"id":469,"date":"2018-10-03T11:43:03","date_gmt":"2018-10-03T11:43:03","guid":{"rendered":"http:\/\/shopwcseu.com\/?post_type=product&#038;p=469"},"modified":"2023-12-05T07:04:02","modified_gmt":"2023-12-05T07:04:02","slug":"vet-pro-warden-junior-gloves","status":"publish","type":"product","link":"https:\/\/shopwcseu.com\/es\/producto\/vet-pro-warden-junior-gloves\/","title":{"rendered":"VET-PRO WARDEN JUNIOR GLOVES"},"content":{"rendered":"<p>Guantes altamente resistentes a pinchazos.<\/p>\n<p>16&#8243; inches overall hand and cuff, these gloves are made of\u00a0 Palomino Leather and Dupont Kevlar to provide a good combination\u00a0 of protection and flexibility. These gloves are\u00a0<strong>puncture resistant<\/strong>,\u00a0 NOT PUNCTURE PROOF! A great \u00abfirst\u00bb pair of gloves,\u00a0 you&#8217;ll use over and over again!<\/p>\n<p>Developed for the safe and gentle handling of dogs, cats, snakes, and small wild animals.<\/p>\n<p>Les gants et la manchette sont en cuir Palomino et Dupont Kevlar. Ils offrent une bonne combinaison de protection et de flexibilit\u00e9. Ces gants sont r\u00e9sistants \u00e0 la perforation et ne craignent pas les perforations. Une excellente \u00abpremi\u00e8re\u00bb paire de utiliser encore et encore!<\/p>\n<p>D\u00e9velopp\u00e9 pour le traitement en douceur et en toute s\u00e9curit\u00e9 des chiens, des chats, des serpents et des petits animaux sauvages.<\/p>\n","protected":false},"excerpt":{"rendered":"<p>Guantes altamente resistentes a pinchazos. 16&#8243; inches overall hand and cuff, these gloves are made of\u00a0 Palomino Leather and Dupont Kevlar to provide a good combination\u00a0 of protection and flexibility. These gloves are\u00a0puncture resistant,\u00a0 NOT PUNCTURE PROOF! A great \u00abfirst\u00bb pair of gloves,\u00a0 you&#8217;ll use over and over again! Developed for the safe and gentle [&hellip;]<\/p>\n","protected":false},"featured_media":462,"template":"","meta":[],"product_brand":[],"product_cat":[31],"product_tag":[],"class_list":{"0":"post-469","1":"product","2":"type-product","3":"status-publish","4":"has-post-thumbnail","6":"product_cat-guantes","8":"first","9":"instock","10":"shipping-taxable","11":"purchasable","12":"product-type-simple"},"yoast_head":"<!-- This site is optimized with the Yoast SEO plugin v27.0 - https:\/\/yoast.com\/product\/yoast-seo-wordpress\/ -->\n<title>VET-PRO WARDEN JUNIOR GLOVES - Wildlife Control Supplies EU<\/title>\n<meta name=\"robots\" content=\"index, follow, max-snippet:-1, max-image-preview:large, max-video-preview:-1\" \/>\n<link rel=\"canonical\" href=\"https:\/\/shopwcseu.com\/producto\/vet-pro-warden-junior-gloves\/\" \/>\n<meta property=\"og:locale\" content=\"es_ES\" \/>\n<meta property=\"og:type\" content=\"article\" \/>\n<meta property=\"og:title\" content=\"VET-PRO WARDEN JUNIOR GLOVES - Wildlife Control Supplies EU\" \/>\n<meta property=\"og:description\" content=\"Guantes altamente resistentes a pinchazos. 16&#8243; inches overall hand and cuff, these gloves are made of\u00a0 Palomino Leather and Dupont Kevlar to provide a good combination\u00a0 of protection and flexibility. These gloves are\u00a0puncture resistant,\u00a0 NOT PUNCTURE PROOF! A great \u00abfirst\u00bb pair of gloves,\u00a0 you&#8217;ll use over and over again! Developed for the safe and gentle [&hellip;]\" \/>\n<meta property=\"og:url\" content=\"https:\/\/shopwcseu.com\/producto\/vet-pro-warden-junior-gloves\/\" \/>\n<meta property=\"og:site_name\" content=\"Wildlife Control Supplies EU\" \/>\n<meta property=\"article:modified_time\" content=\"2023-12-05T07:04:02+00:00\" \/>\n<meta property=\"og:image\" content=\"https:\/\/shopwcseu.com\/wp-content\/uploads\/2018\/10\/warden_jr_med.gif\" \/>\n\t<meta property=\"og:image:width\" content=\"309\" \/>\n\t<meta property=\"og:image:height\" content=\"325\" \/>\n\t<meta property=\"og:image:type\" content=\"image\/gif\" \/>\n<meta name=\"twitter:card\" content=\"summary_large_image\" \/>\n<meta name=\"twitter:label1\" content=\"Tiempo de lectura\" \/>\n\t<meta name=\"twitter:data1\" content=\"1 minuto\" \/>\n<script type=\"application\/ld+json\" class=\"yoast-schema-graph\">{\"@context\":\"https:\/\/schema.org\",\"@graph\":[{\"@type\":\"WebPage\",\"@id\":\"https:\/\/shopwcseu.com\/producto\/vet-pro-warden-junior-gloves\/\",\"url\":\"https:\/\/shopwcseu.com\/producto\/vet-pro-warden-junior-gloves\/\",\"name\":\"VET-PRO WARDEN JUNIOR GLOVES - Wildlife Control Supplies EU\",\"isPartOf\":{\"@id\":\"https:\/\/shopwcseu.com\/es\/#website\"},\"primaryImageOfPage\":{\"@id\":\"https:\/\/shopwcseu.com\/producto\/vet-pro-warden-junior-gloves\/#primaryimage\"},\"image\":{\"@id\":\"https:\/\/shopwcseu.com\/producto\/vet-pro-warden-junior-gloves\/#primaryimage\"},\"thumbnailUrl\":\"https:\/\/shopwcseu.com\/wp-content\/uploads\/2018\/10\/warden_jr_med.gif\",\"datePublished\":\"2018-10-03T11:43:03+00:00\",\"dateModified\":\"2023-12-05T07:04:02+00:00\",\"breadcrumb\":{\"@id\":\"https:\/\/shopwcseu.com\/producto\/vet-pro-warden-junior-gloves\/#breadcrumb\"},\"inLanguage\":\"es\",\"potentialAction\":[{\"@type\":\"ReadAction\",\"target\":[\"https:\/\/shopwcseu.com\/producto\/vet-pro-warden-junior-gloves\/\"]}]},{\"@type\":\"ImageObject\",\"inLanguage\":\"es\",\"@id\":\"https:\/\/shopwcseu.com\/producto\/vet-pro-warden-junior-gloves\/#primaryimage\",\"url\":\"https:\/\/shopwcseu.com\/wp-content\/uploads\/2018\/10\/warden_jr_med.gif\",\"contentUrl\":\"https:\/\/shopwcseu.com\/wp-content\/uploads\/2018\/10\/warden_jr_med.gif\",\"width\":309,\"height\":325},{\"@type\":\"BreadcrumbList\",\"@id\":\"https:\/\/shopwcseu.com\/producto\/vet-pro-warden-junior-gloves\/#breadcrumb\",\"itemListElement\":[{\"@type\":\"ListItem\",\"position\":1,\"name\":\"Home\",\"item\":\"https:\/\/shopwcseu.com\/es\/\"},{\"@type\":\"ListItem\",\"position\":2,\"name\":\"Productos\",\"item\":\"https:\/\/shopwcseu.com\/es\/products\/\"},{\"@type\":\"ListItem\",\"position\":3,\"name\":\"VET-PRO WARDEN JUNIOR GLOVES\"}]},{\"@type\":\"WebSite\",\"@id\":\"https:\/\/shopwcseu.com\/es\/#website\",\"url\":\"https:\/\/shopwcseu.com\/es\/\",\"name\":\"Wildlife Control Supplies EU\",\"description\":\"La tienda de suministros de material de captura m\u00e1s grande de Europa\",\"potentialAction\":[{\"@type\":\"SearchAction\",\"target\":{\"@type\":\"EntryPoint\",\"urlTemplate\":\"https:\/\/shopwcseu.com\/es\/?s={search_term_string}\"},\"query-input\":{\"@type\":\"PropertyValueSpecification\",\"valueRequired\":true,\"valueName\":\"search_term_string\"}}],\"inLanguage\":\"es\"}]}<\/script>\n<!-- \/ Yoast SEO plugin. -->","yoast_head_json":{"title":"VET-PRO WARDEN JUNIOR GLOVES - Wildlife Control Supplies EU","robots":{"index":"index","follow":"follow","max-snippet":"max-snippet:-1","max-image-preview":"max-image-preview:large","max-video-preview":"max-video-preview:-1"},"canonical":"https:\/\/shopwcseu.com\/producto\/vet-pro-warden-junior-gloves\/","og_locale":"es_ES","og_type":"article","og_title":"VET-PRO WARDEN JUNIOR GLOVES - Wildlife Control Supplies EU","og_description":"Guantes altamente resistentes a pinchazos. 16&#8243; inches overall hand and cuff, these gloves are made of\u00a0 Palomino Leather and Dupont Kevlar to provide a good combination\u00a0 of protection and flexibility. These gloves are\u00a0puncture resistant,\u00a0 NOT PUNCTURE PROOF! A great \u00abfirst\u00bb pair of gloves,\u00a0 you&#8217;ll use over and over again! Developed for the safe and gentle [&hellip;]","og_url":"https:\/\/shopwcseu.com\/producto\/vet-pro-warden-junior-gloves\/","og_site_name":"Wildlife Control Supplies EU","article_modified_time":"2023-12-05T07:04:02+00:00","og_image":[{"width":309,"height":325,"url":"https:\/\/shopwcseu.com\/wp-content\/uploads\/2018\/10\/warden_jr_med.gif","type":"image\/gif"}],"twitter_card":"summary_large_image","twitter_misc":{"Tiempo de lectura":"1 minuto"},"schema":{"@context":"https:\/\/schema.org","@graph":[{"@type":"WebPage","@id":"https:\/\/shopwcseu.com\/producto\/vet-pro-warden-junior-gloves\/","url":"https:\/\/shopwcseu.com\/producto\/vet-pro-warden-junior-gloves\/","name":"VET-PRO WARDEN JUNIOR GLOVES - Wildlife Control Supplies EU","isPartOf":{"@id":"https:\/\/shopwcseu.com\/es\/#website"},"primaryImageOfPage":{"@id":"https:\/\/shopwcseu.com\/producto\/vet-pro-warden-junior-gloves\/#primaryimage"},"image":{"@id":"https:\/\/shopwcseu.com\/producto\/vet-pro-warden-junior-gloves\/#primaryimage"},"thumbnailUrl":"https:\/\/shopwcseu.com\/wp-content\/uploads\/2018\/10\/warden_jr_med.gif","datePublished":"2018-10-03T11:43:03+00:00","dateModified":"2023-12-05T07:04:02+00:00","breadcrumb":{"@id":"https:\/\/shopwcseu.com\/producto\/vet-pro-warden-junior-gloves\/#breadcrumb"},"inLanguage":"es","potentialAction":[{"@type":"ReadAction","target":["https:\/\/shopwcseu.com\/producto\/vet-pro-warden-junior-gloves\/"]}]},{"@type":"ImageObject","inLanguage":"es","@id":"https:\/\/shopwcseu.com\/producto\/vet-pro-warden-junior-gloves\/#primaryimage","url":"https:\/\/shopwcseu.com\/wp-content\/uploads\/2018\/10\/warden_jr_med.gif","contentUrl":"https:\/\/shopwcseu.com\/wp-content\/uploads\/2018\/10\/warden_jr_med.gif","width":309,"height":325},{"@type":"BreadcrumbList","@id":"https:\/\/shopwcseu.com\/producto\/vet-pro-warden-junior-gloves\/#breadcrumb","itemListElement":[{"@type":"ListItem","position":1,"name":"Home","item":"https:\/\/shopwcseu.com\/es\/"},{"@type":"ListItem","position":2,"name":"Productos","item":"https:\/\/shopwcseu.com\/es\/products\/"},{"@type":"ListItem","position":3,"name":"VET-PRO WARDEN JUNIOR GLOVES"}]},{"@type":"WebSite","@id":"https:\/\/shopwcseu.com\/es\/#website","url":"https:\/\/shopwcseu.com\/es\/","name":"Wildlife Control Supplies EU","description":"La tienda de suministros de material de captura m\u00e1s grande de Europa","potentialAction":[{"@type":"SearchAction","target":{"@type":"EntryPoint","urlTemplate":"https:\/\/shopwcseu.com\/es\/?s={search_term_string}"},"query-input":{"@type":"PropertyValueSpecification","valueRequired":true,"valueName":"search_term_string"}}],"inLanguage":"es"}]}},"_links":{"self":[{"href":"https:\/\/shopwcseu.com\/es\/wp-json\/wp\/v2\/product\/469","targetHints":{"allow":["GET"]}}],"collection":[{"href":"https:\/\/shopwcseu.com\/es\/wp-json\/wp\/v2\/product"}],"about":[{"href":"https:\/\/shopwcseu.com\/es\/wp-json\/wp\/v2\/types\/product"}],"wp:featuredmedia":[{"embeddable":true,"href":"https:\/\/shopwcseu.com\/es\/wp-json\/wp\/v2\/media\/462"}],"wp:attachment":[{"href":"https:\/\/shopwcseu.com\/es\/wp-json\/wp\/v2\/media?parent=469"}],"wp:term":[{"taxonomy":"product_brand","embeddable":true,"href":"https:\/\/shopwcseu.com\/es\/wp-json\/wp\/v2\/product_brand?post=469"},{"taxonomy":"product_cat","embeddable":true,"href":"https:\/\/shopwcseu.com\/es\/wp-json\/wp\/v2\/product_cat?post=469"},{"taxonomy":"product_tag","embeddable":true,"href":"https:\/\/shopwcseu.com\/es\/wp-json\/wp\/v2\/product_tag?post=469"}],"curies":[{"name":"wp","href":"https:\/\/api.w.org\/{rel}","templated":true}]}}