{"id":415,"date":"2018-10-02T16:18:11","date_gmt":"2018-10-02T16:18:11","guid":{"rendered":"http:\/\/shopwcseu.com\/?post_type=product&#038;p=415"},"modified":"2024-01-03T10:56:39","modified_gmt":"2024-01-03T10:56:39","slug":"evo-circuit-6-boxes","status":"publish","type":"product","link":"https:\/\/shopwcseu.com\/es\/producto\/evo-circuit-6-boxes\/","title":{"rendered":"Estaci\u00f3n de cebo Circecto EVO de Protecta &#8211; Caja de SEIS"},"content":{"rendered":"<p><strong>El Protecta EVO\u00ae CIRCUIT \u2122<\/strong> es el dise\u00f1o perfecto para resultados profesionales. Incluye conectores simulados que se deslizan hacia los lados de la estaci\u00f3n, lo que la hace aparecer como una caja el\u00e9ctrica. Perfecto para cuentas confidenciales donde la discreci\u00f3n es esencial, el EVO\u00ae CIRCUIT \u2122 est\u00e1 subestimado por una raz\u00f3n.<\/p>\n<p>Dise\u00f1ada para uso en interiores o exteriores, esta vers\u00e1til estaci\u00f3n de cebo puede colocarse horizontal o verticalmente para sujetar trampas o cebo, y viene con cebo que sujeta las varillas en dos tama\u00f1os, dependiendo de c\u00f3mo se use la estaci\u00f3n. Montado verticalmente en las paredes, Protecta EVO CIRCUIT tiene capacidad para ocho unidades de 1 oz. (28g) cebo BLOX en cuatro varillas largas. Ubicada horizontalmente en el suelo o el piso, la estaci\u00f3n tiene capacidad para cuatro de 1 oz. (28 g) cebo BLOX en las varillas m\u00e1s cortas, la trampa de rata T-REX o el MINI-REX del tama\u00f1o de un rat\u00f3n. Las varillas de cebo se bloquean en la estaci\u00f3n y no se caen durante el servicio.<\/p>\n<p>Discreto. R\u00e1pido y f\u00e1cil de usar. Resistente a la manipulaci\u00f3n para la tranquilidad de ni\u00f1os y mascotas. M\u00faltiples opciones para cebar y atrapar.<\/p>\n<p>&nbsp;<\/p>","protected":false},"excerpt":{"rendered":"<p>C\u00f3digo del producto: WCSECC<\/p>\n<p><strong>SERVICIO DE ALQUILER, CONSULTANOS.<\/strong><\/p>\n","protected":false},"featured_media":802,"template":"","meta":[],"product_brand":[],"product_cat":[33],"product_tag":[],"class_list":{"0":"post-415","1":"product","2":"type-product","3":"status-publish","4":"has-post-thumbnail","6":"product_cat-trampas-para-roedores","8":"first","9":"instock","10":"shipping-taxable","11":"purchasable","12":"product-type-simple"},"yoast_head":"<!-- This site is optimized with the Yoast SEO plugin v27.0 - https:\/\/yoast.com\/product\/yoast-seo-wordpress\/ -->\n<title>Estaci\u00f3n de cebo Circecto EVO de Protecta - Caja de SEIS - Wildlife Control Supplies EU<\/title>\n<meta name=\"robots\" content=\"index, follow, max-snippet:-1, max-image-preview:large, max-video-preview:-1\" \/>\n<link rel=\"canonical\" href=\"https:\/\/shopwcseu.com\/producto\/evo-circuit-6-boxes\/\" \/>\n<meta property=\"og:locale\" content=\"es_ES\" \/>\n<meta property=\"og:type\" content=\"article\" \/>\n<meta property=\"og:title\" content=\"Estaci\u00f3n de cebo Circecto EVO de Protecta - Caja de SEIS - Wildlife Control Supplies EU\" \/>\n<meta property=\"og:description\" content=\"[:en]Product Code: WCSECC  RENTAL SERVICE, CONSULT US[:es]C\u00f3digo del producto: WCSECC  SERVICIO DE ALQUILER, CONSULTANOS.[:fr]Code de produit: WCSECC  SERVICE DE LOCATION, CONSULTER[:]\" \/>\n<meta property=\"og:url\" content=\"https:\/\/shopwcseu.com\/producto\/evo-circuit-6-boxes\/\" \/>\n<meta property=\"og:site_name\" content=\"Wildlife Control Supplies EU\" \/>\n<meta property=\"article:modified_time\" content=\"2024-01-03T10:56:39+00:00\" \/>\n<meta property=\"og:image\" content=\"https:\/\/shopwcseu.com\/wp-content\/uploads\/2018\/10\/EVO_Circuit_Collage_500px-1.jpg\" \/>\n\t<meta property=\"og:image:width\" content=\"500\" \/>\n\t<meta property=\"og:image:height\" content=\"500\" \/>\n\t<meta property=\"og:image:type\" content=\"image\/jpeg\" \/>\n<meta name=\"twitter:card\" content=\"summary_large_image\" \/>\n<meta name=\"twitter:label1\" content=\"Tiempo de lectura\" \/>\n\t<meta name=\"twitter:data1\" content=\"3 minutos\" \/>\n<script type=\"application\/ld+json\" class=\"yoast-schema-graph\">{\"@context\":\"https:\/\/schema.org\",\"@graph\":[{\"@type\":\"WebPage\",\"@id\":\"https:\/\/shopwcseu.com\/producto\/evo-circuit-6-boxes\/\",\"url\":\"https:\/\/shopwcseu.com\/producto\/evo-circuit-6-boxes\/\",\"name\":\"Estaci\u00f3n de cebo Circecto EVO de Protecta - Caja de SEIS - Wildlife Control Supplies EU\",\"isPartOf\":{\"@id\":\"https:\/\/shopwcseu.com\/es\/#website\"},\"primaryImageOfPage\":{\"@id\":\"https:\/\/shopwcseu.com\/producto\/evo-circuit-6-boxes\/#primaryimage\"},\"image\":{\"@id\":\"https:\/\/shopwcseu.com\/producto\/evo-circuit-6-boxes\/#primaryimage\"},\"thumbnailUrl\":\"https:\/\/shopwcseu.com\/wp-content\/uploads\/2018\/10\/EVO_Circuit_Collage_500px-1.jpg\",\"datePublished\":\"2018-10-02T16:18:11+00:00\",\"dateModified\":\"2024-01-03T10:56:39+00:00\",\"breadcrumb\":{\"@id\":\"https:\/\/shopwcseu.com\/producto\/evo-circuit-6-boxes\/#breadcrumb\"},\"inLanguage\":\"es\",\"potentialAction\":[{\"@type\":\"ReadAction\",\"target\":[\"https:\/\/shopwcseu.com\/producto\/evo-circuit-6-boxes\/\"]}]},{\"@type\":\"ImageObject\",\"inLanguage\":\"es\",\"@id\":\"https:\/\/shopwcseu.com\/producto\/evo-circuit-6-boxes\/#primaryimage\",\"url\":\"https:\/\/shopwcseu.com\/wp-content\/uploads\/2018\/10\/EVO_Circuit_Collage_500px-1.jpg\",\"contentUrl\":\"https:\/\/shopwcseu.com\/wp-content\/uploads\/2018\/10\/EVO_Circuit_Collage_500px-1.jpg\",\"width\":500,\"height\":500},{\"@type\":\"BreadcrumbList\",\"@id\":\"https:\/\/shopwcseu.com\/producto\/evo-circuit-6-boxes\/#breadcrumb\",\"itemListElement\":[{\"@type\":\"ListItem\",\"position\":1,\"name\":\"Home\",\"item\":\"https:\/\/shopwcseu.com\/es\/\"},{\"@type\":\"ListItem\",\"position\":2,\"name\":\"Productos\",\"item\":\"https:\/\/shopwcseu.com\/es\/products\/\"},{\"@type\":\"ListItem\",\"position\":3,\"name\":\"Protecta EVO Circuit Bait Station &#8211; Case of SIX\"}]},{\"@type\":\"WebSite\",\"@id\":\"https:\/\/shopwcseu.com\/es\/#website\",\"url\":\"https:\/\/shopwcseu.com\/es\/\",\"name\":\"Wildlife Control Supplies EU\",\"description\":\"La tienda de suministros de material de captura m\u00e1s grande de Europa\",\"potentialAction\":[{\"@type\":\"SearchAction\",\"target\":{\"@type\":\"EntryPoint\",\"urlTemplate\":\"https:\/\/shopwcseu.com\/es\/?s={search_term_string}\"},\"query-input\":{\"@type\":\"PropertyValueSpecification\",\"valueRequired\":true,\"valueName\":\"search_term_string\"}}],\"inLanguage\":\"es\"}]}<\/script>\n<!-- \/ Yoast SEO plugin. -->","yoast_head_json":{"title":"Estaci\u00f3n de cebo Circecto EVO de Protecta - Caja de SEIS - Wildlife Control Supplies EU","robots":{"index":"index","follow":"follow","max-snippet":"max-snippet:-1","max-image-preview":"max-image-preview:large","max-video-preview":"max-video-preview:-1"},"canonical":"https:\/\/shopwcseu.com\/producto\/evo-circuit-6-boxes\/","og_locale":"es_ES","og_type":"article","og_title":"Estaci\u00f3n de cebo Circecto EVO de Protecta - Caja de SEIS - Wildlife Control Supplies EU","og_description":"[:en]Product Code: WCSECC  RENTAL SERVICE, CONSULT US[:es]C\u00f3digo del producto: WCSECC  SERVICIO DE ALQUILER, CONSULTANOS.[:fr]Code de produit: WCSECC  SERVICE DE LOCATION, CONSULTER[:]","og_url":"https:\/\/shopwcseu.com\/producto\/evo-circuit-6-boxes\/","og_site_name":"Wildlife Control Supplies EU","article_modified_time":"2024-01-03T10:56:39+00:00","og_image":[{"width":500,"height":500,"url":"https:\/\/shopwcseu.com\/wp-content\/uploads\/2018\/10\/EVO_Circuit_Collage_500px-1.jpg","type":"image\/jpeg"}],"twitter_card":"summary_large_image","twitter_misc":{"Tiempo de lectura":"3 minutos"},"schema":{"@context":"https:\/\/schema.org","@graph":[{"@type":"WebPage","@id":"https:\/\/shopwcseu.com\/producto\/evo-circuit-6-boxes\/","url":"https:\/\/shopwcseu.com\/producto\/evo-circuit-6-boxes\/","name":"Estaci\u00f3n de cebo Circecto EVO de Protecta - Caja de SEIS - Wildlife Control Supplies EU","isPartOf":{"@id":"https:\/\/shopwcseu.com\/es\/#website"},"primaryImageOfPage":{"@id":"https:\/\/shopwcseu.com\/producto\/evo-circuit-6-boxes\/#primaryimage"},"image":{"@id":"https:\/\/shopwcseu.com\/producto\/evo-circuit-6-boxes\/#primaryimage"},"thumbnailUrl":"https:\/\/shopwcseu.com\/wp-content\/uploads\/2018\/10\/EVO_Circuit_Collage_500px-1.jpg","datePublished":"2018-10-02T16:18:11+00:00","dateModified":"2024-01-03T10:56:39+00:00","breadcrumb":{"@id":"https:\/\/shopwcseu.com\/producto\/evo-circuit-6-boxes\/#breadcrumb"},"inLanguage":"es","potentialAction":[{"@type":"ReadAction","target":["https:\/\/shopwcseu.com\/producto\/evo-circuit-6-boxes\/"]}]},{"@type":"ImageObject","inLanguage":"es","@id":"https:\/\/shopwcseu.com\/producto\/evo-circuit-6-boxes\/#primaryimage","url":"https:\/\/shopwcseu.com\/wp-content\/uploads\/2018\/10\/EVO_Circuit_Collage_500px-1.jpg","contentUrl":"https:\/\/shopwcseu.com\/wp-content\/uploads\/2018\/10\/EVO_Circuit_Collage_500px-1.jpg","width":500,"height":500},{"@type":"BreadcrumbList","@id":"https:\/\/shopwcseu.com\/producto\/evo-circuit-6-boxes\/#breadcrumb","itemListElement":[{"@type":"ListItem","position":1,"name":"Home","item":"https:\/\/shopwcseu.com\/es\/"},{"@type":"ListItem","position":2,"name":"Productos","item":"https:\/\/shopwcseu.com\/es\/products\/"},{"@type":"ListItem","position":3,"name":"Protecta EVO Circuit Bait Station &#8211; Case of SIX"}]},{"@type":"WebSite","@id":"https:\/\/shopwcseu.com\/es\/#website","url":"https:\/\/shopwcseu.com\/es\/","name":"Wildlife Control Supplies EU","description":"La tienda de suministros de material de captura m\u00e1s grande de Europa","potentialAction":[{"@type":"SearchAction","target":{"@type":"EntryPoint","urlTemplate":"https:\/\/shopwcseu.com\/es\/?s={search_term_string}"},"query-input":{"@type":"PropertyValueSpecification","valueRequired":true,"valueName":"search_term_string"}}],"inLanguage":"es"}]}},"_links":{"self":[{"href":"https:\/\/shopwcseu.com\/es\/wp-json\/wp\/v2\/product\/415","targetHints":{"allow":["GET"]}}],"collection":[{"href":"https:\/\/shopwcseu.com\/es\/wp-json\/wp\/v2\/product"}],"about":[{"href":"https:\/\/shopwcseu.com\/es\/wp-json\/wp\/v2\/types\/product"}],"wp:featuredmedia":[{"embeddable":true,"href":"https:\/\/shopwcseu.com\/es\/wp-json\/wp\/v2\/media\/802"}],"wp:attachment":[{"href":"https:\/\/shopwcseu.com\/es\/wp-json\/wp\/v2\/media?parent=415"}],"wp:term":[{"taxonomy":"product_brand","embeddable":true,"href":"https:\/\/shopwcseu.com\/es\/wp-json\/wp\/v2\/product_brand?post=415"},{"taxonomy":"product_cat","embeddable":true,"href":"https:\/\/shopwcseu.com\/es\/wp-json\/wp\/v2\/product_cat?post=415"},{"taxonomy":"product_tag","embeddable":true,"href":"https:\/\/shopwcseu.com\/es\/wp-json\/wp\/v2\/product_tag?post=415"}],"curies":[{"name":"wp","href":"https:\/\/api.w.org\/{rel}","templated":true}]}}