{"id":413,"date":"2018-10-02T15:48:28","date_gmt":"2018-10-02T15:48:28","guid":{"rendered":"http:\/\/shopwcseu.com\/?post_type=product&#038;p=413"},"modified":"2023-12-05T07:06:56","modified_gmt":"2023-12-05T07:06:56","slug":"multicatch-mouse-trap-for-corners","status":"publish","type":"product","link":"https:\/\/shopwcseu.com\/es\/producto\/multicatch-mouse-trap-for-corners\/","title":{"rendered":"MULTICATCH MOUSE TRAP  for corners"},"content":{"rendered":"<p>Multicatch mouse trap for corners.<\/p>\n<p>Piege a souris multicapture pour les coins.<\/p>\n<p>Trampa multicaptura para ratones para esquinas.<\/p>\n<p><strong>E-Z Set Mouse Trap(s)<\/strong>\u00a0are a versatile multiple catch trap that can go virtually anywhere, in or around any corner. Hinged in the center, the trap can be set in a standard box configuration or positioned straight on an inside corner, an outside corner, or even a custom arrangement. This trap has multiple holes for proper air circulation and a sliding top panel for easy release of captured animals and cleaning.<\/p>\n<p>Les pi\u00e8ges \u00e0 souris E-Z Set sont un pi\u00e8ge \u00e0 captures multiples polyvalent pouvant aller pratiquement n&#8217;importe o\u00f9, dans ou autour de n&#8217;importe quel coin. Plac\u00e9 au centre, le pi\u00e8ge peut \u00eatre plac\u00e9 dans une configuration de bo\u00eete standard ou plac\u00e9 directement sur un coin int\u00e9rieur, un coin ext\u00e9rieur ou m\u00eame un agencement personnalis\u00e9. Ce pi\u00e8ge est dot\u00e9 de plusieurs trous pour une circulation d\u2019air ad\u00e9quate et d\u2019un panneau sup\u00e9rieur coulissant facilitant la lib\u00e9ration des animaux captur\u00e9s et leur nettoyage.<\/p>\n","protected":false},"excerpt":{"rendered":"<p>Multicatch mouse trap for corners. Piege a souris multicapture pour les coins. Trampa multicaptura para ratones para esquinas. E-Z Set Mouse Trap(s)\u00a0are a versatile multiple catch trap that can go virtually anywhere, in or around any corner. Hinged in the center, the trap can be set in a standard box configuration or positioned straight on [&hellip;]<\/p>\n","protected":false},"featured_media":339,"template":"","meta":[],"product_brand":[],"product_cat":[33],"product_tag":[],"class_list":{"0":"post-413","1":"product","2":"type-product","3":"status-publish","4":"has-post-thumbnail","6":"product_cat-trampas-para-roedores","8":"first","9":"instock","10":"shipping-taxable","11":"purchasable","12":"product-type-simple"},"yoast_head":"<!-- This site is optimized with the Yoast SEO plugin v27.0 - https:\/\/yoast.com\/product\/yoast-seo-wordpress\/ -->\n<title>MULTICATCH MOUSE TRAP for corners - Wildlife Control Supplies EU<\/title>\n<meta name=\"robots\" content=\"index, follow, max-snippet:-1, max-image-preview:large, max-video-preview:-1\" \/>\n<link rel=\"canonical\" href=\"https:\/\/shopwcseu.com\/producto\/multicatch-mouse-trap-for-corners\/\" \/>\n<meta property=\"og:locale\" content=\"es_ES\" \/>\n<meta property=\"og:type\" content=\"article\" \/>\n<meta property=\"og:title\" content=\"MULTICATCH MOUSE TRAP for corners - Wildlife Control Supplies EU\" \/>\n<meta property=\"og:description\" content=\"Multicatch mouse trap for corners. Piege a souris multicapture pour les coins. Trampa multicaptura para ratones para esquinas. E-Z Set Mouse Trap(s)\u00a0are a versatile multiple catch trap that can go virtually anywhere, in or around any corner. Hinged in the center, the trap can be set in a standard box configuration or positioned straight on [&hellip;]\" \/>\n<meta property=\"og:url\" content=\"https:\/\/shopwcseu.com\/producto\/multicatch-mouse-trap-for-corners\/\" \/>\n<meta property=\"og:site_name\" content=\"Wildlife Control Supplies EU\" \/>\n<meta property=\"article:modified_time\" content=\"2023-12-05T07:06:56+00:00\" \/>\n<meta property=\"og:image\" content=\"https:\/\/shopwcseu.com\/wp-content\/uploads\/2018\/10\/IMG_20180908_103458.jpg\" \/>\n\t<meta property=\"og:image:width\" content=\"3834\" \/>\n\t<meta property=\"og:image:height\" content=\"2976\" \/>\n\t<meta property=\"og:image:type\" content=\"image\/jpeg\" \/>\n<meta name=\"twitter:card\" content=\"summary_large_image\" \/>\n<meta name=\"twitter:label1\" content=\"Tiempo de lectura\" \/>\n\t<meta name=\"twitter:data1\" content=\"1 minuto\" \/>\n<script type=\"application\/ld+json\" class=\"yoast-schema-graph\">{\"@context\":\"https:\/\/schema.org\",\"@graph\":[{\"@type\":\"WebPage\",\"@id\":\"https:\/\/shopwcseu.com\/producto\/multicatch-mouse-trap-for-corners\/\",\"url\":\"https:\/\/shopwcseu.com\/producto\/multicatch-mouse-trap-for-corners\/\",\"name\":\"MULTICATCH MOUSE TRAP for corners - Wildlife Control Supplies EU\",\"isPartOf\":{\"@id\":\"https:\/\/shopwcseu.com\/es\/#website\"},\"primaryImageOfPage\":{\"@id\":\"https:\/\/shopwcseu.com\/producto\/multicatch-mouse-trap-for-corners\/#primaryimage\"},\"image\":{\"@id\":\"https:\/\/shopwcseu.com\/producto\/multicatch-mouse-trap-for-corners\/#primaryimage\"},\"thumbnailUrl\":\"https:\/\/shopwcseu.com\/wp-content\/uploads\/2018\/10\/IMG_20180908_103458.jpg\",\"datePublished\":\"2018-10-02T15:48:28+00:00\",\"dateModified\":\"2023-12-05T07:06:56+00:00\",\"breadcrumb\":{\"@id\":\"https:\/\/shopwcseu.com\/producto\/multicatch-mouse-trap-for-corners\/#breadcrumb\"},\"inLanguage\":\"es\",\"potentialAction\":[{\"@type\":\"ReadAction\",\"target\":[\"https:\/\/shopwcseu.com\/producto\/multicatch-mouse-trap-for-corners\/\"]}]},{\"@type\":\"ImageObject\",\"inLanguage\":\"es\",\"@id\":\"https:\/\/shopwcseu.com\/producto\/multicatch-mouse-trap-for-corners\/#primaryimage\",\"url\":\"https:\/\/shopwcseu.com\/wp-content\/uploads\/2018\/10\/IMG_20180908_103458.jpg\",\"contentUrl\":\"https:\/\/shopwcseu.com\/wp-content\/uploads\/2018\/10\/IMG_20180908_103458.jpg\",\"width\":3834,\"height\":2976,\"caption\":\"ozedf\"},{\"@type\":\"BreadcrumbList\",\"@id\":\"https:\/\/shopwcseu.com\/producto\/multicatch-mouse-trap-for-corners\/#breadcrumb\",\"itemListElement\":[{\"@type\":\"ListItem\",\"position\":1,\"name\":\"Home\",\"item\":\"https:\/\/shopwcseu.com\/es\/\"},{\"@type\":\"ListItem\",\"position\":2,\"name\":\"Productos\",\"item\":\"https:\/\/shopwcseu.com\/es\/products\/\"},{\"@type\":\"ListItem\",\"position\":3,\"name\":\"MULTICATCH MOUSE TRAP for corners\"}]},{\"@type\":\"WebSite\",\"@id\":\"https:\/\/shopwcseu.com\/es\/#website\",\"url\":\"https:\/\/shopwcseu.com\/es\/\",\"name\":\"Wildlife Control Supplies EU\",\"description\":\"La tienda de suministros de material de captura m\u00e1s grande de Europa\",\"potentialAction\":[{\"@type\":\"SearchAction\",\"target\":{\"@type\":\"EntryPoint\",\"urlTemplate\":\"https:\/\/shopwcseu.com\/es\/?s={search_term_string}\"},\"query-input\":{\"@type\":\"PropertyValueSpecification\",\"valueRequired\":true,\"valueName\":\"search_term_string\"}}],\"inLanguage\":\"es\"}]}<\/script>\n<!-- \/ Yoast SEO plugin. -->","yoast_head_json":{"title":"MULTICATCH MOUSE TRAP for corners - Wildlife Control Supplies EU","robots":{"index":"index","follow":"follow","max-snippet":"max-snippet:-1","max-image-preview":"max-image-preview:large","max-video-preview":"max-video-preview:-1"},"canonical":"https:\/\/shopwcseu.com\/producto\/multicatch-mouse-trap-for-corners\/","og_locale":"es_ES","og_type":"article","og_title":"MULTICATCH MOUSE TRAP for corners - Wildlife Control Supplies EU","og_description":"Multicatch mouse trap for corners. Piege a souris multicapture pour les coins. Trampa multicaptura para ratones para esquinas. E-Z Set Mouse Trap(s)\u00a0are a versatile multiple catch trap that can go virtually anywhere, in or around any corner. Hinged in the center, the trap can be set in a standard box configuration or positioned straight on [&hellip;]","og_url":"https:\/\/shopwcseu.com\/producto\/multicatch-mouse-trap-for-corners\/","og_site_name":"Wildlife Control Supplies EU","article_modified_time":"2023-12-05T07:06:56+00:00","og_image":[{"width":3834,"height":2976,"url":"https:\/\/shopwcseu.com\/wp-content\/uploads\/2018\/10\/IMG_20180908_103458.jpg","type":"image\/jpeg"}],"twitter_card":"summary_large_image","twitter_misc":{"Tiempo de lectura":"1 minuto"},"schema":{"@context":"https:\/\/schema.org","@graph":[{"@type":"WebPage","@id":"https:\/\/shopwcseu.com\/producto\/multicatch-mouse-trap-for-corners\/","url":"https:\/\/shopwcseu.com\/producto\/multicatch-mouse-trap-for-corners\/","name":"MULTICATCH MOUSE TRAP for corners - Wildlife Control Supplies EU","isPartOf":{"@id":"https:\/\/shopwcseu.com\/es\/#website"},"primaryImageOfPage":{"@id":"https:\/\/shopwcseu.com\/producto\/multicatch-mouse-trap-for-corners\/#primaryimage"},"image":{"@id":"https:\/\/shopwcseu.com\/producto\/multicatch-mouse-trap-for-corners\/#primaryimage"},"thumbnailUrl":"https:\/\/shopwcseu.com\/wp-content\/uploads\/2018\/10\/IMG_20180908_103458.jpg","datePublished":"2018-10-02T15:48:28+00:00","dateModified":"2023-12-05T07:06:56+00:00","breadcrumb":{"@id":"https:\/\/shopwcseu.com\/producto\/multicatch-mouse-trap-for-corners\/#breadcrumb"},"inLanguage":"es","potentialAction":[{"@type":"ReadAction","target":["https:\/\/shopwcseu.com\/producto\/multicatch-mouse-trap-for-corners\/"]}]},{"@type":"ImageObject","inLanguage":"es","@id":"https:\/\/shopwcseu.com\/producto\/multicatch-mouse-trap-for-corners\/#primaryimage","url":"https:\/\/shopwcseu.com\/wp-content\/uploads\/2018\/10\/IMG_20180908_103458.jpg","contentUrl":"https:\/\/shopwcseu.com\/wp-content\/uploads\/2018\/10\/IMG_20180908_103458.jpg","width":3834,"height":2976,"caption":"ozedf"},{"@type":"BreadcrumbList","@id":"https:\/\/shopwcseu.com\/producto\/multicatch-mouse-trap-for-corners\/#breadcrumb","itemListElement":[{"@type":"ListItem","position":1,"name":"Home","item":"https:\/\/shopwcseu.com\/es\/"},{"@type":"ListItem","position":2,"name":"Productos","item":"https:\/\/shopwcseu.com\/es\/products\/"},{"@type":"ListItem","position":3,"name":"MULTICATCH MOUSE TRAP for corners"}]},{"@type":"WebSite","@id":"https:\/\/shopwcseu.com\/es\/#website","url":"https:\/\/shopwcseu.com\/es\/","name":"Wildlife Control Supplies EU","description":"La tienda de suministros de material de captura m\u00e1s grande de Europa","potentialAction":[{"@type":"SearchAction","target":{"@type":"EntryPoint","urlTemplate":"https:\/\/shopwcseu.com\/es\/?s={search_term_string}"},"query-input":{"@type":"PropertyValueSpecification","valueRequired":true,"valueName":"search_term_string"}}],"inLanguage":"es"}]}},"_links":{"self":[{"href":"https:\/\/shopwcseu.com\/es\/wp-json\/wp\/v2\/product\/413","targetHints":{"allow":["GET"]}}],"collection":[{"href":"https:\/\/shopwcseu.com\/es\/wp-json\/wp\/v2\/product"}],"about":[{"href":"https:\/\/shopwcseu.com\/es\/wp-json\/wp\/v2\/types\/product"}],"wp:featuredmedia":[{"embeddable":true,"href":"https:\/\/shopwcseu.com\/es\/wp-json\/wp\/v2\/media\/339"}],"wp:attachment":[{"href":"https:\/\/shopwcseu.com\/es\/wp-json\/wp\/v2\/media?parent=413"}],"wp:term":[{"taxonomy":"product_brand","embeddable":true,"href":"https:\/\/shopwcseu.com\/es\/wp-json\/wp\/v2\/product_brand?post=413"},{"taxonomy":"product_cat","embeddable":true,"href":"https:\/\/shopwcseu.com\/es\/wp-json\/wp\/v2\/product_cat?post=413"},{"taxonomy":"product_tag","embeddable":true,"href":"https:\/\/shopwcseu.com\/es\/wp-json\/wp\/v2\/product_tag?post=413"}],"curies":[{"name":"wp","href":"https:\/\/api.w.org\/{rel}","templated":true}]}}