{"id":314,"date":"2018-10-02T14:23:20","date_gmt":"2018-10-02T14:23:20","guid":{"rendered":"http:\/\/shopwcseu.com\/?post_type=product&#038;p=314"},"modified":"2019-04-24T08:39:25","modified_gmt":"2019-04-24T08:39:25","slug":"tunnel-mole-trap","status":"publish","type":"product","link":"https:\/\/shopwcseu.com\/es\/producto\/tunnel-mole-trap\/","title":{"rendered":"Tunnel Mole Trap"},"content":{"rendered":"<p><strong>La trampa de topo del t\u00fanel<\/strong>, tambi\u00e9n conocida como la \u00abtrampa de topo de medio barril\u00bb es una soluci\u00f3n muy tradicional para un problema com\u00fan de jard\u00edn. La trampa se coloca por donde pasa el topo, y se activa cuando el topo pasa a trav\u00e9s de ella, mat\u00e1ndole instant\u00e1neamente. F\u00e1cil de configurar: ideal para el uso por parte de profesionales o usuarios aficionados. Desarrollado con veterinarios y experimentados receptores de lunares en los EE. UU. Para ofrecer la muerte m\u00e1s humana.<\/p>\n<p>Nueva fuerza de resorte mejorada &#8211; 30% m\u00e1s fuerte. Fabricado en acero galvanizado para evitar la corrosi\u00f3n. El ajuste doble significa que la trampa se dispara desde la direcci\u00f3n en que ingresa el topo.<br \/>\nInstrucciones de uso:<\/p>\n<p>Tenga la trampa lista y lista para colocarla en el suelo antes de abrir el t\u00fanel del topo.<\/p>\n<p>1. Localice la carrera del topo y cave un agujero lo suficientemente grande para que quepa la trampa.<\/p>\n<p>2. Presione con cuidado uno de los brazos de ajuste para que toque el techo de la trampa.<\/p>\n<p>3. Localice el gancho en el brazo de ajuste.<\/p>\n<p>4. Enderece el anillo de disparo de modo que el brazo de ajuste quede sujeto por el gancho del brazo.<\/p>\n<p>5. Repita el proceso con el segundo brazo de ajuste.<\/p>\n<p>6. Coloque la trampa en la carrera, orientada a lo largo de la l\u00ednea de la carrera, y aseg\u00farese de dejar suficiente espacio para que los resortes de la trampa funcionen completamente.<\/p>","protected":false},"excerpt":{"rendered":"<p>C\u00f3digo del producto: PSTMOLE<\/p>\n","protected":false},"featured_media":986,"template":"","meta":[],"product_brand":[],"product_cat":[35],"product_tag":[],"class_list":{"0":"post-314","1":"product","2":"type-product","3":"status-publish","4":"has-post-thumbnail","6":"product_cat-trampas-para-topos","8":"first","9":"instock","10":"shipping-taxable","11":"purchasable","12":"product-type-simple"},"yoast_head":"<!-- This site is optimized with the Yoast SEO plugin v27.0 - https:\/\/yoast.com\/product\/yoast-seo-wordpress\/ -->\n<title>Tunnel Mole Trap - Wildlife Control Supplies EU<\/title>\n<meta name=\"robots\" content=\"index, follow, max-snippet:-1, max-image-preview:large, max-video-preview:-1\" \/>\n<link rel=\"canonical\" href=\"https:\/\/shopwcseu.com\/producto\/tunnel-mole-trap\/\" \/>\n<meta property=\"og:locale\" content=\"es_ES\" \/>\n<meta property=\"og:type\" content=\"article\" \/>\n<meta property=\"og:title\" content=\"Tunnel Mole Trap - Wildlife Control Supplies EU\" \/>\n<meta property=\"og:description\" content=\"[:en]Product Code: PSTMOLE[:es]C\u00f3digo del producto: PSTMOLE[:fr]Code de produit: PSTMOLE[:]\" \/>\n<meta property=\"og:url\" content=\"https:\/\/shopwcseu.com\/producto\/tunnel-mole-trap\/\" \/>\n<meta property=\"og:site_name\" content=\"Wildlife Control Supplies EU\" \/>\n<meta property=\"article:modified_time\" content=\"2019-04-24T08:39:25+00:00\" \/>\n<meta property=\"og:image\" content=\"https:\/\/shopwcseu.com\/wp-content\/uploads\/2018\/10\/Tunnel_Mole_Trap_Profile_Unset_500px.jpg\" \/>\n\t<meta property=\"og:image:width\" content=\"500\" \/>\n\t<meta property=\"og:image:height\" content=\"500\" \/>\n\t<meta property=\"og:image:type\" content=\"image\/jpeg\" \/>\n<meta name=\"twitter:card\" content=\"summary_large_image\" \/>\n<meta name=\"twitter:label1\" content=\"Tiempo de lectura\" \/>\n\t<meta name=\"twitter:data1\" content=\"4 minutos\" \/>\n<script type=\"application\/ld+json\" class=\"yoast-schema-graph\">{\"@context\":\"https:\/\/schema.org\",\"@graph\":[{\"@type\":\"WebPage\",\"@id\":\"https:\/\/shopwcseu.com\/producto\/tunnel-mole-trap\/\",\"url\":\"https:\/\/shopwcseu.com\/producto\/tunnel-mole-trap\/\",\"name\":\"Tunnel Mole Trap - Wildlife Control Supplies EU\",\"isPartOf\":{\"@id\":\"https:\/\/shopwcseu.com\/es\/#website\"},\"primaryImageOfPage\":{\"@id\":\"https:\/\/shopwcseu.com\/producto\/tunnel-mole-trap\/#primaryimage\"},\"image\":{\"@id\":\"https:\/\/shopwcseu.com\/producto\/tunnel-mole-trap\/#primaryimage\"},\"thumbnailUrl\":\"https:\/\/shopwcseu.com\/wp-content\/uploads\/2018\/10\/Tunnel_Mole_Trap_Profile_Unset_500px.jpg\",\"datePublished\":\"2018-10-02T14:23:20+00:00\",\"dateModified\":\"2019-04-24T08:39:25+00:00\",\"breadcrumb\":{\"@id\":\"https:\/\/shopwcseu.com\/producto\/tunnel-mole-trap\/#breadcrumb\"},\"inLanguage\":\"es\",\"potentialAction\":[{\"@type\":\"ReadAction\",\"target\":[\"https:\/\/shopwcseu.com\/producto\/tunnel-mole-trap\/\"]}]},{\"@type\":\"ImageObject\",\"inLanguage\":\"es\",\"@id\":\"https:\/\/shopwcseu.com\/producto\/tunnel-mole-trap\/#primaryimage\",\"url\":\"https:\/\/shopwcseu.com\/wp-content\/uploads\/2018\/10\/Tunnel_Mole_Trap_Profile_Unset_500px.jpg\",\"contentUrl\":\"https:\/\/shopwcseu.com\/wp-content\/uploads\/2018\/10\/Tunnel_Mole_Trap_Profile_Unset_500px.jpg\",\"width\":500,\"height\":500},{\"@type\":\"BreadcrumbList\",\"@id\":\"https:\/\/shopwcseu.com\/producto\/tunnel-mole-trap\/#breadcrumb\",\"itemListElement\":[{\"@type\":\"ListItem\",\"position\":1,\"name\":\"Home\",\"item\":\"https:\/\/shopwcseu.com\/es\/\"},{\"@type\":\"ListItem\",\"position\":2,\"name\":\"Productos\",\"item\":\"https:\/\/shopwcseu.com\/es\/products\/\"},{\"@type\":\"ListItem\",\"position\":3,\"name\":\"Tunnel Mole Trap\"}]},{\"@type\":\"WebSite\",\"@id\":\"https:\/\/shopwcseu.com\/es\/#website\",\"url\":\"https:\/\/shopwcseu.com\/es\/\",\"name\":\"Wildlife Control Supplies EU\",\"description\":\"La tienda de suministros de material de captura m\u00e1s grande de Europa\",\"potentialAction\":[{\"@type\":\"SearchAction\",\"target\":{\"@type\":\"EntryPoint\",\"urlTemplate\":\"https:\/\/shopwcseu.com\/es\/?s={search_term_string}\"},\"query-input\":{\"@type\":\"PropertyValueSpecification\",\"valueRequired\":true,\"valueName\":\"search_term_string\"}}],\"inLanguage\":\"es\"}]}<\/script>\n<!-- \/ Yoast SEO plugin. -->","yoast_head_json":{"title":"Tunnel Mole Trap - Wildlife Control Supplies EU","robots":{"index":"index","follow":"follow","max-snippet":"max-snippet:-1","max-image-preview":"max-image-preview:large","max-video-preview":"max-video-preview:-1"},"canonical":"https:\/\/shopwcseu.com\/producto\/tunnel-mole-trap\/","og_locale":"es_ES","og_type":"article","og_title":"Tunnel Mole Trap - Wildlife Control Supplies EU","og_description":"[:en]Product Code: PSTMOLE[:es]C\u00f3digo del producto: PSTMOLE[:fr]Code de produit: PSTMOLE[:]","og_url":"https:\/\/shopwcseu.com\/producto\/tunnel-mole-trap\/","og_site_name":"Wildlife Control Supplies EU","article_modified_time":"2019-04-24T08:39:25+00:00","og_image":[{"width":500,"height":500,"url":"https:\/\/shopwcseu.com\/wp-content\/uploads\/2018\/10\/Tunnel_Mole_Trap_Profile_Unset_500px.jpg","type":"image\/jpeg"}],"twitter_card":"summary_large_image","twitter_misc":{"Tiempo de lectura":"4 minutos"},"schema":{"@context":"https:\/\/schema.org","@graph":[{"@type":"WebPage","@id":"https:\/\/shopwcseu.com\/producto\/tunnel-mole-trap\/","url":"https:\/\/shopwcseu.com\/producto\/tunnel-mole-trap\/","name":"Tunnel Mole Trap - Wildlife Control Supplies EU","isPartOf":{"@id":"https:\/\/shopwcseu.com\/es\/#website"},"primaryImageOfPage":{"@id":"https:\/\/shopwcseu.com\/producto\/tunnel-mole-trap\/#primaryimage"},"image":{"@id":"https:\/\/shopwcseu.com\/producto\/tunnel-mole-trap\/#primaryimage"},"thumbnailUrl":"https:\/\/shopwcseu.com\/wp-content\/uploads\/2018\/10\/Tunnel_Mole_Trap_Profile_Unset_500px.jpg","datePublished":"2018-10-02T14:23:20+00:00","dateModified":"2019-04-24T08:39:25+00:00","breadcrumb":{"@id":"https:\/\/shopwcseu.com\/producto\/tunnel-mole-trap\/#breadcrumb"},"inLanguage":"es","potentialAction":[{"@type":"ReadAction","target":["https:\/\/shopwcseu.com\/producto\/tunnel-mole-trap\/"]}]},{"@type":"ImageObject","inLanguage":"es","@id":"https:\/\/shopwcseu.com\/producto\/tunnel-mole-trap\/#primaryimage","url":"https:\/\/shopwcseu.com\/wp-content\/uploads\/2018\/10\/Tunnel_Mole_Trap_Profile_Unset_500px.jpg","contentUrl":"https:\/\/shopwcseu.com\/wp-content\/uploads\/2018\/10\/Tunnel_Mole_Trap_Profile_Unset_500px.jpg","width":500,"height":500},{"@type":"BreadcrumbList","@id":"https:\/\/shopwcseu.com\/producto\/tunnel-mole-trap\/#breadcrumb","itemListElement":[{"@type":"ListItem","position":1,"name":"Home","item":"https:\/\/shopwcseu.com\/es\/"},{"@type":"ListItem","position":2,"name":"Productos","item":"https:\/\/shopwcseu.com\/es\/products\/"},{"@type":"ListItem","position":3,"name":"Tunnel Mole Trap"}]},{"@type":"WebSite","@id":"https:\/\/shopwcseu.com\/es\/#website","url":"https:\/\/shopwcseu.com\/es\/","name":"Wildlife Control Supplies EU","description":"La tienda de suministros de material de captura m\u00e1s grande de Europa","potentialAction":[{"@type":"SearchAction","target":{"@type":"EntryPoint","urlTemplate":"https:\/\/shopwcseu.com\/es\/?s={search_term_string}"},"query-input":{"@type":"PropertyValueSpecification","valueRequired":true,"valueName":"search_term_string"}}],"inLanguage":"es"}]}},"_links":{"self":[{"href":"https:\/\/shopwcseu.com\/es\/wp-json\/wp\/v2\/product\/314","targetHints":{"allow":["GET"]}}],"collection":[{"href":"https:\/\/shopwcseu.com\/es\/wp-json\/wp\/v2\/product"}],"about":[{"href":"https:\/\/shopwcseu.com\/es\/wp-json\/wp\/v2\/types\/product"}],"wp:featuredmedia":[{"embeddable":true,"href":"https:\/\/shopwcseu.com\/es\/wp-json\/wp\/v2\/media\/986"}],"wp:attachment":[{"href":"https:\/\/shopwcseu.com\/es\/wp-json\/wp\/v2\/media?parent=314"}],"wp:term":[{"taxonomy":"product_brand","embeddable":true,"href":"https:\/\/shopwcseu.com\/es\/wp-json\/wp\/v2\/product_brand?post=314"},{"taxonomy":"product_cat","embeddable":true,"href":"https:\/\/shopwcseu.com\/es\/wp-json\/wp\/v2\/product_cat?post=314"},{"taxonomy":"product_tag","embeddable":true,"href":"https:\/\/shopwcseu.com\/es\/wp-json\/wp\/v2\/product_tag?post=314"}],"curies":[{"name":"wp","href":"https:\/\/api.w.org\/{rel}","templated":true}]}}