{"id":310,"date":"2018-10-02T13:22:28","date_gmt":"2018-10-02T13:22:28","guid":{"rendered":"http:\/\/shopwcseu.com\/?post_type=product&#038;p=310"},"modified":"2023-12-05T07:10:17","modified_gmt":"2023-12-05T07:10:17","slug":"macabee","status":"publish","type":"product","link":"https:\/\/shopwcseu.com\/es\/producto\/macabee\/","title":{"rendered":"Macabee Gopher Trap"},"content":{"rendered":"<p>La trampa de <strong>Macabee\u00a0Gopher Trap<\/strong> se dise\u00f1\u00f3 seg\u00fan el principio pr\u00e1ctico de que un topo empuja la tierra hacia delante mientras hace un t\u00fanel. Patentado en 1900, esta trampa se conoce como \u00abOld Reliable\u00bb con profesionales, agricultores y propietarios de viviendas desde hace m\u00e1s de 100 a\u00f1os.<\/p>\n<p>Haga clic aqu\u00ed para obtener\u00a0<strong><a title=\"Macabee Trap Instructions\" href=\"http:\/\/www.wildlifecontrolsupplies.com\/pdf\/Macabee_Instructions.pdf\" target=\"_blank\" rel=\"noopener\">Instrucciones del producto<\/a>.<\/strong><\/p>","protected":false},"excerpt":{"rendered":"<p>C\u00f3digo del producto: NWSMAC<span class=\"Apple-converted-space\">\u00a0<\/span><\/p>\n","protected":false},"featured_media":775,"template":"","meta":[],"product_brand":[],"product_cat":[35],"product_tag":[],"class_list":{"0":"post-310","1":"product","2":"type-product","3":"status-publish","4":"has-post-thumbnail","6":"product_cat-trampas-para-topos","8":"first","9":"instock","10":"shipping-taxable","11":"purchasable","12":"product-type-simple"},"yoast_head":"<!-- This site is optimized with the Yoast SEO plugin v27.0 - https:\/\/yoast.com\/product\/yoast-seo-wordpress\/ -->\n<title>Macabee Gopher Trap - Wildlife Control Supplies EU<\/title>\n<meta name=\"robots\" content=\"index, follow, max-snippet:-1, max-image-preview:large, max-video-preview:-1\" \/>\n<link rel=\"canonical\" href=\"https:\/\/shopwcseu.com\/producto\/macabee\/\" \/>\n<meta property=\"og:locale\" content=\"es_ES\" \/>\n<meta property=\"og:type\" content=\"article\" \/>\n<meta property=\"og:title\" content=\"Macabee Gopher Trap - Wildlife Control Supplies EU\" \/>\n<meta property=\"og:description\" content=\"[:en]Product Code: NWSMAC[:es]C\u00f3digo del producto: NWSMAC\u00a0[:fr]Code de produit: NWSMAC[:]\" \/>\n<meta property=\"og:url\" content=\"https:\/\/shopwcseu.com\/producto\/macabee\/\" \/>\n<meta property=\"og:site_name\" content=\"Wildlife Control Supplies EU\" \/>\n<meta property=\"article:modified_time\" content=\"2023-12-05T07:10:17+00:00\" \/>\n<meta property=\"og:image\" content=\"https:\/\/shopwcseu.com\/wp-content\/uploads\/2018\/10\/Captura-de-pantalla-2019-02-20-a-las-9.24.04.png\" \/>\n\t<meta property=\"og:image:width\" content=\"452\" \/>\n\t<meta property=\"og:image:height\" content=\"474\" \/>\n\t<meta property=\"og:image:type\" content=\"image\/png\" \/>\n<meta name=\"twitter:card\" content=\"summary_large_image\" \/>\n<meta name=\"twitter:label1\" content=\"Tiempo de lectura\" \/>\n\t<meta name=\"twitter:data1\" content=\"1 minuto\" \/>\n<script type=\"application\/ld+json\" class=\"yoast-schema-graph\">{\"@context\":\"https:\/\/schema.org\",\"@graph\":[{\"@type\":\"WebPage\",\"@id\":\"https:\/\/shopwcseu.com\/producto\/macabee\/\",\"url\":\"https:\/\/shopwcseu.com\/producto\/macabee\/\",\"name\":\"Macabee Gopher Trap - Wildlife Control Supplies EU\",\"isPartOf\":{\"@id\":\"https:\/\/shopwcseu.com\/es\/#website\"},\"primaryImageOfPage\":{\"@id\":\"https:\/\/shopwcseu.com\/producto\/macabee\/#primaryimage\"},\"image\":{\"@id\":\"https:\/\/shopwcseu.com\/producto\/macabee\/#primaryimage\"},\"thumbnailUrl\":\"https:\/\/shopwcseu.com\/wp-content\/uploads\/2018\/10\/Captura-de-pantalla-2019-02-20-a-las-9.24.04.png\",\"datePublished\":\"2018-10-02T13:22:28+00:00\",\"dateModified\":\"2023-12-05T07:10:17+00:00\",\"breadcrumb\":{\"@id\":\"https:\/\/shopwcseu.com\/producto\/macabee\/#breadcrumb\"},\"inLanguage\":\"es\",\"potentialAction\":[{\"@type\":\"ReadAction\",\"target\":[\"https:\/\/shopwcseu.com\/producto\/macabee\/\"]}]},{\"@type\":\"ImageObject\",\"inLanguage\":\"es\",\"@id\":\"https:\/\/shopwcseu.com\/producto\/macabee\/#primaryimage\",\"url\":\"https:\/\/shopwcseu.com\/wp-content\/uploads\/2018\/10\/Captura-de-pantalla-2019-02-20-a-las-9.24.04.png\",\"contentUrl\":\"https:\/\/shopwcseu.com\/wp-content\/uploads\/2018\/10\/Captura-de-pantalla-2019-02-20-a-las-9.24.04.png\",\"width\":452,\"height\":474},{\"@type\":\"BreadcrumbList\",\"@id\":\"https:\/\/shopwcseu.com\/producto\/macabee\/#breadcrumb\",\"itemListElement\":[{\"@type\":\"ListItem\",\"position\":1,\"name\":\"Home\",\"item\":\"https:\/\/shopwcseu.com\/es\/\"},{\"@type\":\"ListItem\",\"position\":2,\"name\":\"Productos\",\"item\":\"https:\/\/shopwcseu.com\/es\/products\/\"},{\"@type\":\"ListItem\",\"position\":3,\"name\":\"Macabee Gopher Trap\"}]},{\"@type\":\"WebSite\",\"@id\":\"https:\/\/shopwcseu.com\/es\/#website\",\"url\":\"https:\/\/shopwcseu.com\/es\/\",\"name\":\"Wildlife Control Supplies EU\",\"description\":\"La tienda de suministros de material de captura m\u00e1s grande de Europa\",\"potentialAction\":[{\"@type\":\"SearchAction\",\"target\":{\"@type\":\"EntryPoint\",\"urlTemplate\":\"https:\/\/shopwcseu.com\/es\/?s={search_term_string}\"},\"query-input\":{\"@type\":\"PropertyValueSpecification\",\"valueRequired\":true,\"valueName\":\"search_term_string\"}}],\"inLanguage\":\"es\"}]}<\/script>\n<!-- \/ Yoast SEO plugin. -->","yoast_head_json":{"title":"Macabee Gopher Trap - Wildlife Control Supplies EU","robots":{"index":"index","follow":"follow","max-snippet":"max-snippet:-1","max-image-preview":"max-image-preview:large","max-video-preview":"max-video-preview:-1"},"canonical":"https:\/\/shopwcseu.com\/producto\/macabee\/","og_locale":"es_ES","og_type":"article","og_title":"Macabee Gopher Trap - Wildlife Control Supplies EU","og_description":"[:en]Product Code: NWSMAC[:es]C\u00f3digo del producto: NWSMAC\u00a0[:fr]Code de produit: NWSMAC[:]","og_url":"https:\/\/shopwcseu.com\/producto\/macabee\/","og_site_name":"Wildlife Control Supplies EU","article_modified_time":"2023-12-05T07:10:17+00:00","og_image":[{"width":452,"height":474,"url":"https:\/\/shopwcseu.com\/wp-content\/uploads\/2018\/10\/Captura-de-pantalla-2019-02-20-a-las-9.24.04.png","type":"image\/png"}],"twitter_card":"summary_large_image","twitter_misc":{"Tiempo de lectura":"1 minuto"},"schema":{"@context":"https:\/\/schema.org","@graph":[{"@type":"WebPage","@id":"https:\/\/shopwcseu.com\/producto\/macabee\/","url":"https:\/\/shopwcseu.com\/producto\/macabee\/","name":"Macabee Gopher Trap - Wildlife Control Supplies EU","isPartOf":{"@id":"https:\/\/shopwcseu.com\/es\/#website"},"primaryImageOfPage":{"@id":"https:\/\/shopwcseu.com\/producto\/macabee\/#primaryimage"},"image":{"@id":"https:\/\/shopwcseu.com\/producto\/macabee\/#primaryimage"},"thumbnailUrl":"https:\/\/shopwcseu.com\/wp-content\/uploads\/2018\/10\/Captura-de-pantalla-2019-02-20-a-las-9.24.04.png","datePublished":"2018-10-02T13:22:28+00:00","dateModified":"2023-12-05T07:10:17+00:00","breadcrumb":{"@id":"https:\/\/shopwcseu.com\/producto\/macabee\/#breadcrumb"},"inLanguage":"es","potentialAction":[{"@type":"ReadAction","target":["https:\/\/shopwcseu.com\/producto\/macabee\/"]}]},{"@type":"ImageObject","inLanguage":"es","@id":"https:\/\/shopwcseu.com\/producto\/macabee\/#primaryimage","url":"https:\/\/shopwcseu.com\/wp-content\/uploads\/2018\/10\/Captura-de-pantalla-2019-02-20-a-las-9.24.04.png","contentUrl":"https:\/\/shopwcseu.com\/wp-content\/uploads\/2018\/10\/Captura-de-pantalla-2019-02-20-a-las-9.24.04.png","width":452,"height":474},{"@type":"BreadcrumbList","@id":"https:\/\/shopwcseu.com\/producto\/macabee\/#breadcrumb","itemListElement":[{"@type":"ListItem","position":1,"name":"Home","item":"https:\/\/shopwcseu.com\/es\/"},{"@type":"ListItem","position":2,"name":"Productos","item":"https:\/\/shopwcseu.com\/es\/products\/"},{"@type":"ListItem","position":3,"name":"Macabee Gopher Trap"}]},{"@type":"WebSite","@id":"https:\/\/shopwcseu.com\/es\/#website","url":"https:\/\/shopwcseu.com\/es\/","name":"Wildlife Control Supplies EU","description":"La tienda de suministros de material de captura m\u00e1s grande de Europa","potentialAction":[{"@type":"SearchAction","target":{"@type":"EntryPoint","urlTemplate":"https:\/\/shopwcseu.com\/es\/?s={search_term_string}"},"query-input":{"@type":"PropertyValueSpecification","valueRequired":true,"valueName":"search_term_string"}}],"inLanguage":"es"}]}},"_links":{"self":[{"href":"https:\/\/shopwcseu.com\/es\/wp-json\/wp\/v2\/product\/310","targetHints":{"allow":["GET"]}}],"collection":[{"href":"https:\/\/shopwcseu.com\/es\/wp-json\/wp\/v2\/product"}],"about":[{"href":"https:\/\/shopwcseu.com\/es\/wp-json\/wp\/v2\/types\/product"}],"wp:featuredmedia":[{"embeddable":true,"href":"https:\/\/shopwcseu.com\/es\/wp-json\/wp\/v2\/media\/775"}],"wp:attachment":[{"href":"https:\/\/shopwcseu.com\/es\/wp-json\/wp\/v2\/media?parent=310"}],"wp:term":[{"taxonomy":"product_brand","embeddable":true,"href":"https:\/\/shopwcseu.com\/es\/wp-json\/wp\/v2\/product_brand?post=310"},{"taxonomy":"product_cat","embeddable":true,"href":"https:\/\/shopwcseu.com\/es\/wp-json\/wp\/v2\/product_cat?post=310"},{"taxonomy":"product_tag","embeddable":true,"href":"https:\/\/shopwcseu.com\/es\/wp-json\/wp\/v2\/product_tag?post=310"}],"curies":[{"name":"wp","href":"https:\/\/api.w.org\/{rel}","templated":true}]}}