{"id":1013,"date":"2019-05-07T08:16:45","date_gmt":"2019-05-07T08:16:45","guid":{"rendered":"https:\/\/shopwcseu.com\/?post_type=product&#038;p=1013"},"modified":"2024-01-02T19:53:12","modified_gmt":"2024-01-02T19:53:12","slug":"wcs-tube-trap-rust-resistant","status":"publish","type":"product","link":"https:\/\/shopwcseu.com\/es\/producto\/wcs-tube-trap-rust-resistant\/","title":{"rendered":"WCS\u2122 Tube Trap\u2122 &#8211; Rust Resistant"},"content":{"rendered":"<p>WCS se complace en ofrecer el nuevo y mejorado ARMOR-COATED Tube Trap \u2122. La trampa de tubos se trata con un proceso de galvanoplastia que tiene un color verde oliva y es altamente resistente a la oxidaci\u00f3n. No es necesario sumergir, te\u00f1ir o pintar con aerosol estas trampas. Simplemente s\u00e1quelos de la caja y \u00faselos. Durar\u00e1 por a\u00f1os.<\/p>\n<p>Esta trampa en forma de t\u00fanel es una trampa muy efectiva para ardillas y roedores. Construida con acero de calibre 21, la trampa tiene 4.5 pulgadas de di\u00e1metro, 15 pulgadas de largo y est\u00e1 alimentada por un muelle de torsi\u00f3n doble. Usada ya sea con cebo o sin cebo, la Trampa de tubos es un atrayente natural para las ardillas que desean correr a trav\u00e9s de ella o esconderse en ella. Una vez que la ardilla alcanza la bandeja de disparo en el centro de la trampa, el doble resorte de torsi\u00f3n dispara la barra de ataque. Cuando se realiza una captura, la ardilla generalmente se oculta de la vista p\u00fablica. La trampa de tubos resistente a la corrosi\u00f3n WCS \u2122 viene con un seguro de seguridad incorporado para evitar que la trampa se dispare prematuramente mientras se configura.<\/p>\n<p>Precauci\u00f3n: La trampa de tubos es una trampa letal, tenga especial cuidado cuando y donde se coloque.<\/p>","protected":false},"excerpt":{"rendered":"<p><strong>Code de produit: WCSTUBERR<\/strong><\/p>\n","protected":false},"featured_media":1014,"template":"","meta":[],"product_brand":[],"product_cat":[17],"product_tag":[],"class_list":{"0":"post-1013","1":"product","2":"type-product","3":"status-publish","4":"has-post-thumbnail","6":"product_cat-sin-categoria","8":"first","9":"instock","10":"shipping-taxable","11":"purchasable","12":"product-type-simple"},"yoast_head":"<!-- This site is optimized with the Yoast SEO plugin v27.0 - https:\/\/yoast.com\/product\/yoast-seo-wordpress\/ -->\n<title>WCS\u2122 Tube Trap\u2122 - Rust Resistant - Wildlife Control Supplies EU<\/title>\n<meta name=\"robots\" content=\"index, follow, max-snippet:-1, max-image-preview:large, max-video-preview:-1\" \/>\n<link rel=\"canonical\" href=\"https:\/\/shopwcseu.com\/producto\/wcs-tube-trap-rust-resistant\/\" \/>\n<meta property=\"og:locale\" content=\"es_ES\" \/>\n<meta property=\"og:type\" content=\"article\" \/>\n<meta property=\"og:title\" content=\"WCS\u2122 Tube Trap\u2122 - Rust Resistant - Wildlife Control Supplies EU\" \/>\n<meta property=\"og:description\" content=\"[:en]Product Code: WCSTUBERR[:es]Code de produit: WCSTUBERR[:fr]Code de produit: WCSTUBERR[:]\" \/>\n<meta property=\"og:url\" content=\"https:\/\/shopwcseu.com\/producto\/wcs-tube-trap-rust-resistant\/\" \/>\n<meta property=\"og:site_name\" content=\"Wildlife Control Supplies EU\" \/>\n<meta property=\"article:modified_time\" content=\"2024-01-02T19:53:12+00:00\" \/>\n<meta property=\"og:image\" content=\"https:\/\/shopwcseu.com\/wp-content\/uploads\/2019\/05\/RR_Tube_Trap_Profile_500px.jpg\" \/>\n\t<meta property=\"og:image:width\" content=\"500\" \/>\n\t<meta property=\"og:image:height\" content=\"500\" \/>\n\t<meta property=\"og:image:type\" content=\"image\/jpeg\" \/>\n<meta name=\"twitter:card\" content=\"summary_large_image\" \/>\n<meta name=\"twitter:label1\" content=\"Tiempo de lectura\" \/>\n\t<meta name=\"twitter:data1\" content=\"3 minutos\" \/>\n<script type=\"application\/ld+json\" class=\"yoast-schema-graph\">{\"@context\":\"https:\/\/schema.org\",\"@graph\":[{\"@type\":\"WebPage\",\"@id\":\"https:\/\/shopwcseu.com\/producto\/wcs-tube-trap-rust-resistant\/\",\"url\":\"https:\/\/shopwcseu.com\/producto\/wcs-tube-trap-rust-resistant\/\",\"name\":\"WCS\u2122 Tube Trap\u2122 - Rust Resistant - Wildlife Control Supplies EU\",\"isPartOf\":{\"@id\":\"https:\/\/shopwcseu.com\/es\/#website\"},\"primaryImageOfPage\":{\"@id\":\"https:\/\/shopwcseu.com\/producto\/wcs-tube-trap-rust-resistant\/#primaryimage\"},\"image\":{\"@id\":\"https:\/\/shopwcseu.com\/producto\/wcs-tube-trap-rust-resistant\/#primaryimage\"},\"thumbnailUrl\":\"https:\/\/shopwcseu.com\/wp-content\/uploads\/2019\/05\/RR_Tube_Trap_Profile_500px.jpg\",\"datePublished\":\"2019-05-07T08:16:45+00:00\",\"dateModified\":\"2024-01-02T19:53:12+00:00\",\"breadcrumb\":{\"@id\":\"https:\/\/shopwcseu.com\/producto\/wcs-tube-trap-rust-resistant\/#breadcrumb\"},\"inLanguage\":\"es\",\"potentialAction\":[{\"@type\":\"ReadAction\",\"target\":[\"https:\/\/shopwcseu.com\/producto\/wcs-tube-trap-rust-resistant\/\"]}]},{\"@type\":\"ImageObject\",\"inLanguage\":\"es\",\"@id\":\"https:\/\/shopwcseu.com\/producto\/wcs-tube-trap-rust-resistant\/#primaryimage\",\"url\":\"https:\/\/shopwcseu.com\/wp-content\/uploads\/2019\/05\/RR_Tube_Trap_Profile_500px.jpg\",\"contentUrl\":\"https:\/\/shopwcseu.com\/wp-content\/uploads\/2019\/05\/RR_Tube_Trap_Profile_500px.jpg\",\"width\":500,\"height\":500},{\"@type\":\"BreadcrumbList\",\"@id\":\"https:\/\/shopwcseu.com\/producto\/wcs-tube-trap-rust-resistant\/#breadcrumb\",\"itemListElement\":[{\"@type\":\"ListItem\",\"position\":1,\"name\":\"Home\",\"item\":\"https:\/\/shopwcseu.com\/es\/\"},{\"@type\":\"ListItem\",\"position\":2,\"name\":\"Productos\",\"item\":\"https:\/\/shopwcseu.com\/es\/products\/\"},{\"@type\":\"ListItem\",\"position\":3,\"name\":\"WCS\u2122 Tube Trap\u2122 &#8211; Rust Resistant\"}]},{\"@type\":\"WebSite\",\"@id\":\"https:\/\/shopwcseu.com\/es\/#website\",\"url\":\"https:\/\/shopwcseu.com\/es\/\",\"name\":\"Wildlife Control Supplies EU\",\"description\":\"La tienda de suministros de material de captura m\u00e1s grande de Europa\",\"potentialAction\":[{\"@type\":\"SearchAction\",\"target\":{\"@type\":\"EntryPoint\",\"urlTemplate\":\"https:\/\/shopwcseu.com\/es\/?s={search_term_string}\"},\"query-input\":{\"@type\":\"PropertyValueSpecification\",\"valueRequired\":true,\"valueName\":\"search_term_string\"}}],\"inLanguage\":\"es\"}]}<\/script>\n<!-- \/ Yoast SEO plugin. -->","yoast_head_json":{"title":"WCS\u2122 Tube Trap\u2122 - Rust Resistant - Wildlife Control Supplies EU","robots":{"index":"index","follow":"follow","max-snippet":"max-snippet:-1","max-image-preview":"max-image-preview:large","max-video-preview":"max-video-preview:-1"},"canonical":"https:\/\/shopwcseu.com\/producto\/wcs-tube-trap-rust-resistant\/","og_locale":"es_ES","og_type":"article","og_title":"WCS\u2122 Tube Trap\u2122 - Rust Resistant - Wildlife Control Supplies EU","og_description":"[:en]Product Code: WCSTUBERR[:es]Code de produit: WCSTUBERR[:fr]Code de produit: WCSTUBERR[:]","og_url":"https:\/\/shopwcseu.com\/producto\/wcs-tube-trap-rust-resistant\/","og_site_name":"Wildlife Control Supplies EU","article_modified_time":"2024-01-02T19:53:12+00:00","og_image":[{"width":500,"height":500,"url":"https:\/\/shopwcseu.com\/wp-content\/uploads\/2019\/05\/RR_Tube_Trap_Profile_500px.jpg","type":"image\/jpeg"}],"twitter_card":"summary_large_image","twitter_misc":{"Tiempo de lectura":"3 minutos"},"schema":{"@context":"https:\/\/schema.org","@graph":[{"@type":"WebPage","@id":"https:\/\/shopwcseu.com\/producto\/wcs-tube-trap-rust-resistant\/","url":"https:\/\/shopwcseu.com\/producto\/wcs-tube-trap-rust-resistant\/","name":"WCS\u2122 Tube Trap\u2122 - Rust Resistant - Wildlife Control Supplies EU","isPartOf":{"@id":"https:\/\/shopwcseu.com\/es\/#website"},"primaryImageOfPage":{"@id":"https:\/\/shopwcseu.com\/producto\/wcs-tube-trap-rust-resistant\/#primaryimage"},"image":{"@id":"https:\/\/shopwcseu.com\/producto\/wcs-tube-trap-rust-resistant\/#primaryimage"},"thumbnailUrl":"https:\/\/shopwcseu.com\/wp-content\/uploads\/2019\/05\/RR_Tube_Trap_Profile_500px.jpg","datePublished":"2019-05-07T08:16:45+00:00","dateModified":"2024-01-02T19:53:12+00:00","breadcrumb":{"@id":"https:\/\/shopwcseu.com\/producto\/wcs-tube-trap-rust-resistant\/#breadcrumb"},"inLanguage":"es","potentialAction":[{"@type":"ReadAction","target":["https:\/\/shopwcseu.com\/producto\/wcs-tube-trap-rust-resistant\/"]}]},{"@type":"ImageObject","inLanguage":"es","@id":"https:\/\/shopwcseu.com\/producto\/wcs-tube-trap-rust-resistant\/#primaryimage","url":"https:\/\/shopwcseu.com\/wp-content\/uploads\/2019\/05\/RR_Tube_Trap_Profile_500px.jpg","contentUrl":"https:\/\/shopwcseu.com\/wp-content\/uploads\/2019\/05\/RR_Tube_Trap_Profile_500px.jpg","width":500,"height":500},{"@type":"BreadcrumbList","@id":"https:\/\/shopwcseu.com\/producto\/wcs-tube-trap-rust-resistant\/#breadcrumb","itemListElement":[{"@type":"ListItem","position":1,"name":"Home","item":"https:\/\/shopwcseu.com\/es\/"},{"@type":"ListItem","position":2,"name":"Productos","item":"https:\/\/shopwcseu.com\/es\/products\/"},{"@type":"ListItem","position":3,"name":"WCS\u2122 Tube Trap\u2122 &#8211; Rust Resistant"}]},{"@type":"WebSite","@id":"https:\/\/shopwcseu.com\/es\/#website","url":"https:\/\/shopwcseu.com\/es\/","name":"Wildlife Control Supplies EU","description":"La tienda de suministros de material de captura m\u00e1s grande de Europa","potentialAction":[{"@type":"SearchAction","target":{"@type":"EntryPoint","urlTemplate":"https:\/\/shopwcseu.com\/es\/?s={search_term_string}"},"query-input":{"@type":"PropertyValueSpecification","valueRequired":true,"valueName":"search_term_string"}}],"inLanguage":"es"}]}},"_links":{"self":[{"href":"https:\/\/shopwcseu.com\/es\/wp-json\/wp\/v2\/product\/1013","targetHints":{"allow":["GET"]}}],"collection":[{"href":"https:\/\/shopwcseu.com\/es\/wp-json\/wp\/v2\/product"}],"about":[{"href":"https:\/\/shopwcseu.com\/es\/wp-json\/wp\/v2\/types\/product"}],"wp:featuredmedia":[{"embeddable":true,"href":"https:\/\/shopwcseu.com\/es\/wp-json\/wp\/v2\/media\/1014"}],"wp:attachment":[{"href":"https:\/\/shopwcseu.com\/es\/wp-json\/wp\/v2\/media?parent=1013"}],"wp:term":[{"taxonomy":"product_brand","embeddable":true,"href":"https:\/\/shopwcseu.com\/es\/wp-json\/wp\/v2\/product_brand?post=1013"},{"taxonomy":"product_cat","embeddable":true,"href":"https:\/\/shopwcseu.com\/es\/wp-json\/wp\/v2\/product_cat?post=1013"},{"taxonomy":"product_tag","embeddable":true,"href":"https:\/\/shopwcseu.com\/es\/wp-json\/wp\/v2\/product_tag?post=1013"}],"curies":[{"name":"wp","href":"https:\/\/api.w.org\/{rel}","templated":true}]}}