{"id":587,"date":"2018-10-09T10:50:42","date_gmt":"2018-10-09T10:50:42","guid":{"rendered":"http:\/\/shopwcseu.com\/?page_id=587"},"modified":"2022-03-12T11:23:09","modified_gmt":"2022-03-12T11:23:09","slug":"purchase-process","status":"publish","type":"page","link":"https:\/\/shopwcseu.com\/es\/purchase-process\/","title":{"rendered":"Proceso de compra"},"content":{"rendered":"<p>[et_pb_section bb_built=\u00bb1&#8243; fullwidth=\u00bbon\u00bb specialty=\u00bboff\u00bb next_background_color=\u00bb#000000&#8243; _builder_version=\u00bb3.3.1&#8243;][et_pb_fullwidth_post_title _builder_version=\u00bb3.3.1&#8243; background_image=\u00bbhttp:\/\/shopwcseu.com\/wp-content\/uploads\/2018\/09\/header-banner.png\u00bb custom_padding=\u00bb40px||40px|\u00bb \/][\/et_pb_section][et_pb_section bb_built=\u00bb1&#8243; prev_background_color=\u00bb#000000&#8243;][et_pb_row][et_pb_column type=\u00bb4_4&#8243;][et_pb_text _builder_version=\u00bb3.3.1&#8243;]<\/p>\n<p>El proceso de compra en nuestra web es f\u00e1cil, c\u00f3modo y personalizado.<\/p>\n<p>Lo primero que debe hacer es mirar en detalle nuestros productos y elegir el que mejor se adapte a sus necesidades.<br \/>\nUna vez que haya elegido, puede contactarnos a trav\u00e9s de nuestro correo o a trav\u00e9s de nuestros tel\u00e9fonos que encontrar\u00e1 en la secci\u00f3n de <a href=\"http:\/\/shopwcseu.com\/es\/contact\/\">CONTACTO<\/a>.<br \/>\nLuego, le enviaremos un presupuesto en el que encontrar\u00e1 el precio final (IVA y gastos de env\u00edo incluidos) y los m\u00e9todos de pago de nuestra empresa (PayPal o transferencia bancaria).<\/p>\n<p>El pago siempre se realizar\u00e1 por adelantado y, una vez recibido, procederemos al env\u00edo del material, y usted recibir\u00e1 su compra en un plazo de 2\/3 d\u00edas h\u00e1biles.<\/p>\n<p>Para cualquier reclamaci\u00f3n, tiene 15 d\u00edas a partir de la fecha de recepci\u00f3n del pedido.<\/p>\n<p>[\/et_pb_text][\/et_pb_column][\/et_pb_row][\/et_pb_section]<\/p>","protected":false},"excerpt":{"rendered":"<p>[et_pb_section bb_built=\u00bb1&#8243; fullwidth=\u00bbon\u00bb specialty=\u00bboff\u00bb next_background_color=\u00bb#000000&#8243; _builder_version=\u00bb3.3.1&#8243;][et_pb_fullwidth_post_title _builder_version=\u00bb3.3.1&#8243; background_image=\u00bbhttp:\/\/shopwcseu.com\/wp-content\/uploads\/2018\/09\/header-banner.png\u00bb custom_padding=\u00bb40px||40px|\u00bb \/][\/et_pb_section][et_pb_section bb_built=\u00bb1&#8243; prev_background_color=\u00bb#000000&#8243;][et_pb_row][et_pb_column type=\u00bb4_4&#8243;][et_pb_text _builder_version=\u00bb3.3.1&#8243;] El proceso de compra en nuestra web es f\u00e1cil, c\u00f3modo y personalizado. Lo primero que debe hacer es mirar en detalle nuestros productos y elegir el que mejor se adapte a sus necesidades. Una vez que haya elegido, puede contactarnos a [&hellip;]<\/p>\n","protected":false},"author":1,"featured_media":0,"parent":0,"menu_order":0,"comment_status":"closed","ping_status":"closed","template":"","meta":{"footnotes":""},"class_list":["post-587","page","type-page","status-publish","hentry"],"yoast_head":"<!-- This site is optimized with the Yoast SEO plugin v27.0 - https:\/\/yoast.com\/product\/yoast-seo-wordpress\/ -->\n<title>Proceso de compra - Wildlife Control Supplies EU<\/title>\n<meta name=\"robots\" content=\"index, follow, max-snippet:-1, max-image-preview:large, max-video-preview:-1\" \/>\n<link rel=\"canonical\" href=\"https:\/\/shopwcseu.com\/purchase-process\/\" \/>\n<meta property=\"og:locale\" content=\"es_ES\" \/>\n<meta property=\"og:type\" content=\"article\" \/>\n<meta property=\"og:title\" content=\"Proceso de compra - Wildlife Control Supplies EU\" \/>\n<meta property=\"og:description\" content=\"[et_pb_section bb_built=\u00bb1&#8243; fullwidth=\u00bbon\u00bb specialty=\u00bboff\u00bb next_background_color=\u00bb#000000&#8243; _builder_version=\u00bb3.3.1&#8243;][et_pb_fullwidth_post_title _builder_version=\u00bb3.3.1&#8243; background_image=\u00bbhttp:\/\/shopwcseu.com\/wp-content\/uploads\/2018\/09\/header-banner.png\u00bb custom_padding=\u00bb40px||40px|\u00bb \/][\/et_pb_section][et_pb_section bb_built=\u00bb1&#8243; prev_background_color=\u00bb#000000&#8243;][et_pb_row][et_pb_column type=\u00bb4_4&#8243;][et_pb_text _builder_version=\u00bb3.3.1&#8243;] El proceso de compra en nuestra web es f\u00e1cil, c\u00f3modo y personalizado. Lo primero que debe hacer es mirar en detalle nuestros productos y elegir el que mejor se adapte a sus necesidades. Una vez que haya elegido, puede contactarnos a [&hellip;]\" \/>\n<meta property=\"og:url\" content=\"https:\/\/shopwcseu.com\/purchase-process\/\" \/>\n<meta property=\"og:site_name\" content=\"Wildlife Control Supplies EU\" \/>\n<meta property=\"article:modified_time\" content=\"2022-03-12T11:23:09+00:00\" \/>\n<meta name=\"twitter:card\" content=\"summary_large_image\" \/>\n<meta name=\"twitter:label1\" content=\"Tiempo de lectura\" \/>\n\t<meta name=\"twitter:data1\" content=\"3 minutos\" \/>\n<script type=\"application\/ld+json\" class=\"yoast-schema-graph\">{\"@context\":\"https:\/\/schema.org\",\"@graph\":[{\"@type\":\"WebPage\",\"@id\":\"https:\/\/shopwcseu.com\/purchase-process\/\",\"url\":\"https:\/\/shopwcseu.com\/purchase-process\/\",\"name\":\"Proceso de compra - Wildlife Control Supplies EU\",\"isPartOf\":{\"@id\":\"https:\/\/shopwcseu.com\/es\/#website\"},\"datePublished\":\"2018-10-09T10:50:42+00:00\",\"dateModified\":\"2022-03-12T11:23:09+00:00\",\"breadcrumb\":{\"@id\":\"https:\/\/shopwcseu.com\/purchase-process\/#breadcrumb\"},\"inLanguage\":\"es\",\"potentialAction\":[{\"@type\":\"ReadAction\",\"target\":[\"https:\/\/shopwcseu.com\/purchase-process\/\"]}]},{\"@type\":\"BreadcrumbList\",\"@id\":\"https:\/\/shopwcseu.com\/purchase-process\/#breadcrumb\",\"itemListElement\":[{\"@type\":\"ListItem\",\"position\":1,\"name\":\"Home\",\"item\":\"https:\/\/shopwcseu.com\/es\/\"},{\"@type\":\"ListItem\",\"position\":2,\"name\":\"Purchase process\"}]},{\"@type\":\"WebSite\",\"@id\":\"https:\/\/shopwcseu.com\/es\/#website\",\"url\":\"https:\/\/shopwcseu.com\/es\/\",\"name\":\"Wildlife Control Supplies EU\",\"description\":\"La tienda de suministros de material de captura m\u00e1s grande de Europa\",\"potentialAction\":[{\"@type\":\"SearchAction\",\"target\":{\"@type\":\"EntryPoint\",\"urlTemplate\":\"https:\/\/shopwcseu.com\/es\/?s={search_term_string}\"},\"query-input\":{\"@type\":\"PropertyValueSpecification\",\"valueRequired\":true,\"valueName\":\"search_term_string\"}}],\"inLanguage\":\"es\"}]}<\/script>\n<!-- \/ Yoast SEO plugin. -->","yoast_head_json":{"title":"Proceso de compra - Wildlife Control Supplies EU","robots":{"index":"index","follow":"follow","max-snippet":"max-snippet:-1","max-image-preview":"max-image-preview:large","max-video-preview":"max-video-preview:-1"},"canonical":"https:\/\/shopwcseu.com\/purchase-process\/","og_locale":"es_ES","og_type":"article","og_title":"Proceso de compra - Wildlife Control Supplies EU","og_description":"[et_pb_section bb_built=\u00bb1&#8243; fullwidth=\u00bbon\u00bb specialty=\u00bboff\u00bb next_background_color=\u00bb#000000&#8243; _builder_version=\u00bb3.3.1&#8243;][et_pb_fullwidth_post_title _builder_version=\u00bb3.3.1&#8243; background_image=\u00bbhttp:\/\/shopwcseu.com\/wp-content\/uploads\/2018\/09\/header-banner.png\u00bb custom_padding=\u00bb40px||40px|\u00bb \/][\/et_pb_section][et_pb_section bb_built=\u00bb1&#8243; prev_background_color=\u00bb#000000&#8243;][et_pb_row][et_pb_column type=\u00bb4_4&#8243;][et_pb_text _builder_version=\u00bb3.3.1&#8243;] El proceso de compra en nuestra web es f\u00e1cil, c\u00f3modo y personalizado. Lo primero que debe hacer es mirar en detalle nuestros productos y elegir el que mejor se adapte a sus necesidades. Una vez que haya elegido, puede contactarnos a [&hellip;]","og_url":"https:\/\/shopwcseu.com\/purchase-process\/","og_site_name":"Wildlife Control Supplies EU","article_modified_time":"2022-03-12T11:23:09+00:00","twitter_card":"summary_large_image","twitter_misc":{"Tiempo de lectura":"3 minutos"},"schema":{"@context":"https:\/\/schema.org","@graph":[{"@type":"WebPage","@id":"https:\/\/shopwcseu.com\/purchase-process\/","url":"https:\/\/shopwcseu.com\/purchase-process\/","name":"Proceso de compra - Wildlife Control Supplies EU","isPartOf":{"@id":"https:\/\/shopwcseu.com\/es\/#website"},"datePublished":"2018-10-09T10:50:42+00:00","dateModified":"2022-03-12T11:23:09+00:00","breadcrumb":{"@id":"https:\/\/shopwcseu.com\/purchase-process\/#breadcrumb"},"inLanguage":"es","potentialAction":[{"@type":"ReadAction","target":["https:\/\/shopwcseu.com\/purchase-process\/"]}]},{"@type":"BreadcrumbList","@id":"https:\/\/shopwcseu.com\/purchase-process\/#breadcrumb","itemListElement":[{"@type":"ListItem","position":1,"name":"Home","item":"https:\/\/shopwcseu.com\/es\/"},{"@type":"ListItem","position":2,"name":"Purchase process"}]},{"@type":"WebSite","@id":"https:\/\/shopwcseu.com\/es\/#website","url":"https:\/\/shopwcseu.com\/es\/","name":"Wildlife Control Supplies EU","description":"La tienda de suministros de material de captura m\u00e1s grande de Europa","potentialAction":[{"@type":"SearchAction","target":{"@type":"EntryPoint","urlTemplate":"https:\/\/shopwcseu.com\/es\/?s={search_term_string}"},"query-input":{"@type":"PropertyValueSpecification","valueRequired":true,"valueName":"search_term_string"}}],"inLanguage":"es"}]}},"_links":{"self":[{"href":"https:\/\/shopwcseu.com\/es\/wp-json\/wp\/v2\/pages\/587","targetHints":{"allow":["GET"]}}],"collection":[{"href":"https:\/\/shopwcseu.com\/es\/wp-json\/wp\/v2\/pages"}],"about":[{"href":"https:\/\/shopwcseu.com\/es\/wp-json\/wp\/v2\/types\/page"}],"author":[{"embeddable":true,"href":"https:\/\/shopwcseu.com\/es\/wp-json\/wp\/v2\/users\/1"}],"replies":[{"embeddable":true,"href":"https:\/\/shopwcseu.com\/es\/wp-json\/wp\/v2\/comments?post=587"}],"version-history":[{"count":10,"href":"https:\/\/shopwcseu.com\/es\/wp-json\/wp\/v2\/pages\/587\/revisions"}],"predecessor-version":[{"id":679,"href":"https:\/\/shopwcseu.com\/es\/wp-json\/wp\/v2\/pages\/587\/revisions\/679"}],"wp:attachment":[{"href":"https:\/\/shopwcseu.com\/es\/wp-json\/wp\/v2\/media?parent=587"}],"curies":[{"name":"wp","href":"https:\/\/api.w.org\/{rel}","templated":true}]}}