{"id":29,"date":"2018-09-05T07:31:34","date_gmt":"2018-09-05T07:31:34","guid":{"rendered":"http:\/\/www.wildlifeeu.com.mialias.net\/?page_id=29"},"modified":"2024-08-21T18:49:40","modified_gmt":"2024-08-21T18:49:40","slug":"cookies-policy","status":"publish","type":"page","link":"https:\/\/shopwcseu.com\/es\/cookies-policy\/","title":{"rendered":"Pol\u00edtica de cookies"},"content":{"rendered":"<p>[et_pb_section fb_built=\u00bb1&#8243; fullwidth=\u00bbon\u00bb _builder_version=\u00bb3.3.1&#8243;][et_pb_fullwidth_post_title _builder_version=\u00bb3.3.1&#8243; background_image=\u00bbhttp:\/\/shopwcseu.com\/wp-content\/uploads\/2018\/09\/header-banner.png\u00bb custom_padding=\u00bb40px||40px|\u00bb][\/et_pb_fullwidth_post_title][\/et_pb_section][et_pb_section fb_built=\u00bb1&#8243; _builder_version=\u00bb3.3.1&#8243;][et_pb_row _builder_version=\u00bb3.0.47&#8243; background_size=\u00bbinitial\u00bb background_position=\u00bbtop_left\u00bb background_repeat=\u00bbrepeat\u00bb][et_pb_column type=\u00bb4_4&#8243; _builder_version=\u00bb3.0.47&#8243; parallax=\u00bboff\u00bb parallax_method=\u00bbon\u00bb][et_pb_text _builder_version=\u00bb3.3.1&#8243;]<\/p>\n<p>A trav\u00e9s de este sitio web <strong>no se recaban datos de car\u00e1cter personal de los usuarios sin su conocimiento, ni se ceden a terceros.<\/strong> Con la finalidad de ofrecerle el mejor servicio y con el objeto de facilitar el uso, se analizan el n\u00famero de p\u00e1ginas visitadas, el n\u00famero de visitas, as\u00ed como la actividad de los visitantes y su frecuencia de utilizaci\u00f3n. A estos efectos, <strong>Wildlife Control Supplies EU, S.L.<\/strong> utiliza la informaci\u00f3n estad\u00edstica elaborada por su Proveedor de Servicios de Internet.<\/p>\n<p><strong>Wildlife Control Supplies EU, S.L.<\/strong> no utiliza cookies para recoger informaci\u00f3n de los usuarios, niregistra las direcciones IP de acceso. \u00danicamente se utilizan cookies propias, de sesi\u00f3n, con finalidad t\u00e9cnica (aquellas que permiten al usuario la navegaci\u00f3n a trav\u00e9s del sitio web y la utilizaci\u00f3n de las diferentes opciones y servicios que en ella existen).<\/p>\n<p>El portal del que es titular <strong>Wildlife Control Supplies EU, S.L<\/strong>. contiene enlaces a sitios web de terceros, cuyas pol\u00edticas de privacidad son ajenas a la de <strong>Wildlife Control Supplies EU, S.L.<\/strong> Al acceder a tales sitios web usted puede decidir si acepta sus pol\u00edticas de privacidad yde cookies. Con car\u00e1cter general, si navega por internet usted puede aceptar o rechazar las cookies de terceros desde las opciones de configuraci\u00f3n de su navegador.<\/p>\n<p><span style=\"text-decoration: underline;\"><strong>QUI\u00c9N ES EL RESPONSABLE DEL USO DE LAS COOKIES EN LOS SERVICIOS DE WILDLIFE CONTROL SUPPLIES EU, S.L.?<\/strong><\/span><\/p>\n<p>El responsable es<br \/><strong>Wildlife Control Supplies EU, S.L.<\/strong><br \/><strong>B55709216<\/strong><br \/><strong>C\/ Felip II, 289, 1\u00ba, 2\u00aa, 08016, Barcelona<\/strong><br \/><strong>628 658 996<\/strong><br \/><strong><a href=\"mailto:wildlifeeu@gmail.com\">wildlifeeu@gmail.com<\/a><\/strong><\/p>\n<p><strong><span style=\"text-decoration: underline;\">\u00bfPARA QU\u00c9 UTILIZAMOS COOKIES? <\/span><\/strong><\/p>\n<p>\u00a0Los servicios de Wildlife Control Supplies EU, S.L. utilizan Cookies:<\/p>\n<ul>\n<li>Con el objetivo de ofrecer al usuario contenidos e informaci\u00f3n m\u00e1s adecuados a sus intereses y facilitar su navegaci\u00f3n a trav\u00e9s de<br \/>nuestros servicios.<\/li>\n<li>Para registrar las preferencias del usuario y proporcionarle un acceso m\u00e1s r\u00e1pido.<\/li>\n<li>Para personalizar los servicios que <strong>Wildlife Control Supplies EU, S.L<\/strong>. facilitando yofreciendo a cada usuario informaci\u00f3n que es de su inter\u00e9s o quepuede ser de su inter\u00e9s, bas\u00e1ndose para ello en el uso que realiza deestos servicios.<\/li>\n<li>Para conocer todos los servicios de<strong> Wildlife Control Supplies EU, S.L.<\/strong> solicitados por los usuarios durante la navegaci\u00f3n, de forma que podr\u00e1n facilitar u ofrecer informaci\u00f3n adecuada a los gustos y preferencias de cada usuario.<\/li>\n<\/ul>\n<p><span style=\"text-decoration: underline;\"><strong>\u00bfQU\u00c9 TIPOS DE COOKIES HAY EN LOS SERVICIOS DE WILDLIFE CONTROL SUPPLIES EU, S.L. Y CU\u00c1LES SON SUS FINALIDADES?<\/strong><\/span><\/p>\n<p>En funci\u00f3n de su duraci\u00f3n, las Cookies pueden dividirse en:<br \/>\u2022 <strong>Cookies de sesi\u00f3n:<\/strong> Estas expiran cuando el usuario cierra el navegador y se\u00a0borran del ordenador o dispositivo en ese momento.<br \/>\u2022 <strong>Cookies persistentes:<\/strong> Expiran en funci\u00f3n de cuando se cumpla el objetivo para el que sirven, por ejemplo, para que el usuario se mantenga identificado en los Servicios de <strong>Wildlife Control Supplies EU, S.L<\/strong>. o bien cuando se borran manualmente.<\/p>\n<p>En funci\u00f3n de qui\u00e9n crea la Cookie se clasifican en:<br \/>\u2022 <strong>Cookies propias:<\/strong> Son las que env\u00edan al ordenador o dispositivo del usuario, nuestros Servicios y son gestionadas exclusivamente por<strong> Wildlife Control Supplies<\/strong><br \/><strong>EU, S.L.<\/strong><br \/>\u2022 <strong>Cookies de terceros:<\/strong> Aquellas que son enviadas por entidades ajenas a <strong>Wildlife\u00a0<\/strong><strong>Control Supplies EU, S.L.<\/strong> y que se activan cuando se accede desde nuestros Servicios a redes sociales o a visualizar videos.<\/p>\n<p><span style=\"text-decoration: underline;\"><strong>\u00bfQU\u00c9 COOKIES SE PUEDEN INSTALAR EN LOS SERVICIOS DE WILDLIFE CONTROL SUPPLIES EU, S.L.?<\/strong><\/span><\/p>\n<p>El acceso a los Servicios de <strong>Wildlife Control Supplies EU, S.L.<\/strong> implica que se puedan instalar las Cookies, propias y\/o de terceros, que se detallan en el siguiente cuadro:<\/p>\n<p>&nbsp;<\/p>\n<p>[\/et_pb_text][\/et_pb_column][\/et_pb_row][et_pb_row _builder_version=\u00bb3.3.1&#8243;][et_pb_column type=\u00bb1_4&#8243; _builder_version=\u00bb3.3.1&#8243; parallax=\u00bboff\u00bb parallax_method=\u00bbon\u00bb][et_pb_text _builder_version=\u00bb3.3.1&#8243;]Tipo de Cookies<br \/>\n[\/et_pb_text][et_pb_text _builder_version=\u00bb3.3.1&#8243;]<\/p>\n<p>Rendimiento<\/p>\n<p>[\/et_pb_text][\/et_pb_column][et_pb_column type=\u00bb1_4&#8243; _builder_version=\u00bb3.3.1&#8243; parallax=\u00bboff\u00bb parallax_method=\u00bbon\u00bb][et_pb_text _builder_version=\u00bb3.3.1&#8243;]<\/p>\n<p>Descripci\u00f3n<\/p>\n<p>[\/et_pb_text][et_pb_text _builder_version=\u00bb3.3.1&#8243;]<\/p>\n<p>Estas Cookies se utilizan para mejorar la navegaci\u00f3n y optimizar el funcionamiento de nuestros Servicios. Almacenan configuraciones de Servicios para que no tenga que reconfigurarlos cada vez que nos visite.<\/p>\n<p>[\/et_pb_text][\/et_pb_column][et_pb_column type=\u00bb1_4&#8243; _builder_version=\u00bb3.3.1&#8243; parallax=\u00bboff\u00bb parallax_method=\u00bbon\u00bb][et_pb_text _builder_version=\u00bb3.3.1&#8243;]<\/p>\n<p>Finalidad \/ informaci\u00f3n<\/p>\n<p>[\/et_pb_text][et_pb_text _builder_version=\u00bb3.3.1&#8243;]<\/p>\n<p>Ajustes de volumen de reproductores de v\u00eddeo o sonido;\u00a0 las velocidades de transmisi\u00f3n de\u00a0 v\u00eddeo que sean compatibles con su navegador; los objetos guardados en el \u201ccarrito de la compra\u201d en los Servicios de E-commerce; etc.<\/p>\n<p>[\/et_pb_text][\/et_pb_column][et_pb_column type=\u00bb1_4&#8243; _builder_version=\u00bb3.3.1&#8243; parallax=\u00bboff\u00bb parallax_method=\u00bbon\u00bb][et_pb_text _builder_version=\u00bb3.3.1&#8243;]<\/p>\n<p>Plazo de tratamiento<\/p>\n<p>[\/et_pb_text][et_pb_text _builder_version=\u00bb3.3.1&#8243;]<\/p>\n<p>Persistentes<\/p>\n<p>[\/et_pb_text][\/et_pb_column][\/et_pb_row][et_pb_row _builder_version=\u00bb3.3.1&#8243;][et_pb_column type=\u00bb4_4&#8243; _builder_version=\u00bb3.3.1&#8243; parallax=\u00bboff\u00bb parallax_method=\u00bbon\u00bb][et_pb_text _builder_version=\u00bb3.3.1&#8243;]<\/p>\n<p><span style=\"text-decoration: underline;\"><strong>Validez y desactivaci\u00f3n<\/strong><\/span><\/p>\n<p>Las cookies temporales (cookies de sesi\u00f3n) s\u00f3lo se almacenan temporalmente en su ordenador o dispositivo terminal. Cuando cierras el navegador, estas cookies se eliminan autom\u00e1ticamente.<\/p>\n<p>Las cookies permanentes y tecnolog\u00edas similares permanecen almacenadas en su ordenador, tableta o tel\u00e9fono inteligente incluso despu\u00e9s de cerrar el navegador. Esto nos permite reconocerlo, por ejemplo, cuando visite nuestras p\u00e1ginas web m\u00e1s tarde. Por lo tanto, la eliminaci\u00f3n s\u00f3lo se lleva a cabo si se instala una nueva versi\u00f3n de las cookies, si usted se opone a ellas o si las propias cookies se eliminan en su dispositivo.<\/p>\n<p>La configuraci\u00f3n especial del navegador le permite aceptar, bloquear o desactivar todas o algunas de las cookies de su dispositivo.<\/p>\n<p>El manual correspondiente de los navegadores m\u00e1s populares se puede encontrar aqu\u00ed:<\/p>\n<p>\u2022 Chrome https:\/\/support.google.com\/chrome\/answer\/95647?hl=es&amp;ref_topic=34 34352<br \/> \u2022 Explorer https:\/\/support.microsoft.com\/es-es\/help\/17442\/windows-internetexplorer-delete-manage-cookies<br \/> \u2022 Firefox https:\/\/support.mozilla.org\/es\/kb\/habilitar-y-deshabilitar-cookies-sitios-webrastrear-preferencias<br \/> \u2022 Safari https:\/\/support.apple.com\/kb\/PH21411?viewlocale=es_ES&amp;locale=es_ES<\/p>\n<p>Si ha consentido el uso de cookies, puede retirar su consentimiento en cualquier momento. Las cookies existentes ser\u00e1n entonces eliminadas.<\/p>\n<p><strong><span style=\"text-decoration: underline;\">\u00bfQU\u00c9 OCURRE SI SE DESHABILITAN LAS COOKIES<\/span><\/strong>?<\/p>\n<p>En caso de que se deshabiliten las Cookies, no podremos mantener sus preferencias y algunas funcionalidades de los Servicios de <strong>Wildlife Control Supplies EU, S.L.<\/strong> podr\u00edan quedar inoperativas, no pudiendo ofrecerle servicios personalizados.<\/p>\n<p><span style=\"text-decoration: underline;\"><strong>ACTUALIZACIONES Y CAMBIOS EN LA POL\u00cdTICA DE PRIVACIDAD\/COOKIES: <\/strong><\/span><\/p>\n<p>Los Servicios de <strong>Wildlife Control Supplies EU, S.L.<\/strong> pueden modificar esta Pol\u00edtica de Cookies enfunci\u00f3n de exigencias legislativas, reglamentarias, o con la finalidad de adaptar dicha pol\u00edtica a las instrucciones dictadas por la Agencia Espa\u00f1ola de Protecci\u00f3n de Datos,por ello se aconseja a los usuarios que la visiten peri\u00f3dicamente.<\/p>\n<p>[\/et_pb_text][\/et_pb_column][\/et_pb_row][\/et_pb_section]<\/p>\n","protected":false},"excerpt":{"rendered":"<p>[et_pb_section fb_built=\u00bb1&#8243; fullwidth=\u00bbon\u00bb _builder_version=\u00bb3.3.1&#8243;][et_pb_fullwidth_post_title _builder_version=\u00bb3.3.1&#8243; background_image=\u00bbhttp:\/\/shopwcseu.com\/wp-content\/uploads\/2018\/09\/header-banner.png\u00bb custom_padding=\u00bb40px||40px|\u00bb][\/et_pb_fullwidth_post_title][\/et_pb_section][et_pb_section fb_built=\u00bb1&#8243; _builder_version=\u00bb3.3.1&#8243;][et_pb_row _builder_version=\u00bb3.0.47&#8243; background_size=\u00bbinitial\u00bb background_position=\u00bbtop_left\u00bb background_repeat=\u00bbrepeat\u00bb][et_pb_column type=\u00bb4_4&#8243; _builder_version=\u00bb3.0.47&#8243; parallax=\u00bboff\u00bb parallax_method=\u00bbon\u00bb][et_pb_text _builder_version=\u00bb3.3.1&#8243;] A trav\u00e9s de este sitio web no se recaban datos de car\u00e1cter personal de los usuarios sin su conocimiento, ni se ceden a terceros. Con la finalidad de ofrecerle el mejor servicio y con el objeto de [&hellip;]<\/p>\n","protected":false},"author":1,"featured_media":0,"parent":0,"menu_order":0,"comment_status":"closed","ping_status":"closed","template":"","meta":{"footnotes":""},"class_list":["post-29","page","type-page","status-publish","hentry"],"yoast_head":"<!-- This site is optimized with the Yoast SEO plugin v27.0 - https:\/\/yoast.com\/product\/yoast-seo-wordpress\/ -->\n<title>Pol\u00edtica de cookies - Wildlife Control Supplies EU<\/title>\n<meta name=\"robots\" content=\"index, follow, max-snippet:-1, max-image-preview:large, max-video-preview:-1\" \/>\n<link rel=\"canonical\" href=\"https:\/\/shopwcseu.com\/es\/cookies-policy\/\" \/>\n<meta property=\"og:locale\" content=\"es_ES\" \/>\n<meta property=\"og:type\" content=\"article\" \/>\n<meta property=\"og:title\" content=\"Pol\u00edtica de cookies - Wildlife Control Supplies EU\" \/>\n<meta property=\"og:description\" content=\"[et_pb_section fb_built=\u00bb1&#8243; fullwidth=\u00bbon\u00bb _builder_version=\u00bb3.3.1&#8243;][et_pb_fullwidth_post_title _builder_version=\u00bb3.3.1&#8243; background_image=\u00bbhttp:\/\/shopwcseu.com\/wp-content\/uploads\/2018\/09\/header-banner.png\u00bb custom_padding=\u00bb40px||40px|\u00bb][\/et_pb_fullwidth_post_title][\/et_pb_section][et_pb_section fb_built=\u00bb1&#8243; _builder_version=\u00bb3.3.1&#8243;][et_pb_row _builder_version=\u00bb3.0.47&#8243; background_size=\u00bbinitial\u00bb background_position=\u00bbtop_left\u00bb background_repeat=\u00bbrepeat\u00bb][et_pb_column type=\u00bb4_4&#8243; _builder_version=\u00bb3.0.47&#8243; parallax=\u00bboff\u00bb parallax_method=\u00bbon\u00bb][et_pb_text _builder_version=\u00bb3.3.1&#8243;] A trav\u00e9s de este sitio web no se recaban datos de car\u00e1cter personal de los usuarios sin su conocimiento, ni se ceden a terceros. Con la finalidad de ofrecerle el mejor servicio y con el objeto de [&hellip;]\" \/>\n<meta property=\"og:url\" content=\"https:\/\/shopwcseu.com\/es\/cookies-policy\/\" \/>\n<meta property=\"og:site_name\" content=\"Wildlife Control Supplies EU\" \/>\n<meta property=\"article:modified_time\" content=\"2024-08-21T18:49:40+00:00\" \/>\n<meta name=\"twitter:card\" content=\"summary_large_image\" \/>\n<meta name=\"twitter:label1\" content=\"Tiempo de lectura\" \/>\n\t<meta name=\"twitter:data1\" content=\"6 minutos\" \/>\n<script type=\"application\/ld+json\" class=\"yoast-schema-graph\">{\"@context\":\"https:\/\/schema.org\",\"@graph\":[{\"@type\":\"WebPage\",\"@id\":\"https:\/\/shopwcseu.com\/es\/cookies-policy\/\",\"url\":\"https:\/\/shopwcseu.com\/es\/cookies-policy\/\",\"name\":\"Pol\u00edtica de cookies - Wildlife Control Supplies EU\",\"isPartOf\":{\"@id\":\"https:\/\/shopwcseu.com\/es\/#website\"},\"datePublished\":\"2018-09-05T07:31:34+00:00\",\"dateModified\":\"2024-08-21T18:49:40+00:00\",\"breadcrumb\":{\"@id\":\"https:\/\/shopwcseu.com\/es\/cookies-policy\/#breadcrumb\"},\"inLanguage\":\"es\",\"potentialAction\":[{\"@type\":\"ReadAction\",\"target\":[\"https:\/\/shopwcseu.com\/es\/cookies-policy\/\"]}]},{\"@type\":\"BreadcrumbList\",\"@id\":\"https:\/\/shopwcseu.com\/es\/cookies-policy\/#breadcrumb\",\"itemListElement\":[{\"@type\":\"ListItem\",\"position\":1,\"name\":\"Home\",\"item\":\"https:\/\/shopwcseu.com\/es\/\"},{\"@type\":\"ListItem\",\"position\":2,\"name\":\"Pol\u00edtica de cookies\"}]},{\"@type\":\"WebSite\",\"@id\":\"https:\/\/shopwcseu.com\/es\/#website\",\"url\":\"https:\/\/shopwcseu.com\/es\/\",\"name\":\"Wildlife Control Supplies EU\",\"description\":\"La tienda de suministros de material de captura m\u00e1s grande de Europa\",\"potentialAction\":[{\"@type\":\"SearchAction\",\"target\":{\"@type\":\"EntryPoint\",\"urlTemplate\":\"https:\/\/shopwcseu.com\/es\/?s={search_term_string}\"},\"query-input\":{\"@type\":\"PropertyValueSpecification\",\"valueRequired\":true,\"valueName\":\"search_term_string\"}}],\"inLanguage\":\"es\"}]}<\/script>\n<!-- \/ Yoast SEO plugin. -->","yoast_head_json":{"title":"Pol\u00edtica de cookies - Wildlife Control Supplies EU","robots":{"index":"index","follow":"follow","max-snippet":"max-snippet:-1","max-image-preview":"max-image-preview:large","max-video-preview":"max-video-preview:-1"},"canonical":"https:\/\/shopwcseu.com\/es\/cookies-policy\/","og_locale":"es_ES","og_type":"article","og_title":"Pol\u00edtica de cookies - Wildlife Control Supplies EU","og_description":"[et_pb_section fb_built=\u00bb1&#8243; fullwidth=\u00bbon\u00bb _builder_version=\u00bb3.3.1&#8243;][et_pb_fullwidth_post_title _builder_version=\u00bb3.3.1&#8243; background_image=\u00bbhttp:\/\/shopwcseu.com\/wp-content\/uploads\/2018\/09\/header-banner.png\u00bb custom_padding=\u00bb40px||40px|\u00bb][\/et_pb_fullwidth_post_title][\/et_pb_section][et_pb_section fb_built=\u00bb1&#8243; _builder_version=\u00bb3.3.1&#8243;][et_pb_row _builder_version=\u00bb3.0.47&#8243; background_size=\u00bbinitial\u00bb background_position=\u00bbtop_left\u00bb background_repeat=\u00bbrepeat\u00bb][et_pb_column type=\u00bb4_4&#8243; _builder_version=\u00bb3.0.47&#8243; parallax=\u00bboff\u00bb parallax_method=\u00bbon\u00bb][et_pb_text _builder_version=\u00bb3.3.1&#8243;] A trav\u00e9s de este sitio web no se recaban datos de car\u00e1cter personal de los usuarios sin su conocimiento, ni se ceden a terceros. Con la finalidad de ofrecerle el mejor servicio y con el objeto de [&hellip;]","og_url":"https:\/\/shopwcseu.com\/es\/cookies-policy\/","og_site_name":"Wildlife Control Supplies EU","article_modified_time":"2024-08-21T18:49:40+00:00","twitter_card":"summary_large_image","twitter_misc":{"Tiempo de lectura":"6 minutos"},"schema":{"@context":"https:\/\/schema.org","@graph":[{"@type":"WebPage","@id":"https:\/\/shopwcseu.com\/es\/cookies-policy\/","url":"https:\/\/shopwcseu.com\/es\/cookies-policy\/","name":"Pol\u00edtica de cookies - Wildlife Control Supplies EU","isPartOf":{"@id":"https:\/\/shopwcseu.com\/es\/#website"},"datePublished":"2018-09-05T07:31:34+00:00","dateModified":"2024-08-21T18:49:40+00:00","breadcrumb":{"@id":"https:\/\/shopwcseu.com\/es\/cookies-policy\/#breadcrumb"},"inLanguage":"es","potentialAction":[{"@type":"ReadAction","target":["https:\/\/shopwcseu.com\/es\/cookies-policy\/"]}]},{"@type":"BreadcrumbList","@id":"https:\/\/shopwcseu.com\/es\/cookies-policy\/#breadcrumb","itemListElement":[{"@type":"ListItem","position":1,"name":"Home","item":"https:\/\/shopwcseu.com\/es\/"},{"@type":"ListItem","position":2,"name":"Pol\u00edtica de cookies"}]},{"@type":"WebSite","@id":"https:\/\/shopwcseu.com\/es\/#website","url":"https:\/\/shopwcseu.com\/es\/","name":"Wildlife Control Supplies EU","description":"La tienda de suministros de material de captura m\u00e1s grande de Europa","potentialAction":[{"@type":"SearchAction","target":{"@type":"EntryPoint","urlTemplate":"https:\/\/shopwcseu.com\/es\/?s={search_term_string}"},"query-input":{"@type":"PropertyValueSpecification","valueRequired":true,"valueName":"search_term_string"}}],"inLanguage":"es"}]}},"_links":{"self":[{"href":"https:\/\/shopwcseu.com\/es\/wp-json\/wp\/v2\/pages\/29","targetHints":{"allow":["GET"]}}],"collection":[{"href":"https:\/\/shopwcseu.com\/es\/wp-json\/wp\/v2\/pages"}],"about":[{"href":"https:\/\/shopwcseu.com\/es\/wp-json\/wp\/v2\/types\/page"}],"author":[{"embeddable":true,"href":"https:\/\/shopwcseu.com\/es\/wp-json\/wp\/v2\/users\/1"}],"replies":[{"embeddable":true,"href":"https:\/\/shopwcseu.com\/es\/wp-json\/wp\/v2\/comments?post=29"}],"version-history":[{"count":13,"href":"https:\/\/shopwcseu.com\/es\/wp-json\/wp\/v2\/pages\/29\/revisions"}],"predecessor-version":[{"id":1117,"href":"https:\/\/shopwcseu.com\/es\/wp-json\/wp\/v2\/pages\/29\/revisions\/1117"}],"wp:attachment":[{"href":"https:\/\/shopwcseu.com\/es\/wp-json\/wp\/v2\/media?parent=29"}],"curies":[{"name":"wp","href":"https:\/\/api.w.org\/{rel}","templated":true}]}}