{"id":2,"date":"2018-09-04T18:40:48","date_gmt":"2018-09-04T18:40:48","guid":{"rendered":"http:\/\/www.wildlifeeu.com.mialias.net\/?page_id=2"},"modified":"2022-03-12T11:22:41","modified_gmt":"2022-03-12T11:22:41","slug":"wildlife-control-supplies-eu","status":"publish","type":"page","link":"https:\/\/shopwcseu.com\/es\/","title":{"rendered":"Home"},"content":{"rendered":"<p>[et_pb_section bb_built=\u00bb1&#8243; fullwidth=\u00bbon\u00bb specialty=\u00bboff\u00bb next_background_color=\u00bb#dadada\u00bb][et_pb_fullwidth_slider _builder_version=\u00bb3.3.1&#8243;][et_pb_slide _builder_version=\u00bb3.3.1&#8243; heading=\u00bbVisita nuestra tienda\u00bb button_text=\u00bbVer productos\u00bb button_link=\u00bbhttp:\/\/shopwcseu.com\/es\/products\/\u00bb background_color=\u00bbrgba(122,122,122,0)\u00bb use_background_color_gradient=\u00bboff\u00bb background_color_gradient_start=\u00bb#2b87da\u00bb background_color_gradient_end=\u00bb#29c4a9&#8243; background_color_gradient_type=\u00bblinear\u00bb background_color_gradient_direction=\u00bb180deg\u00bb background_color_gradient_direction_radial=\u00bbcenter\u00bb background_color_gradient_start_position=\u00bb0%\u00bb background_color_gradient_end_position=\u00bb100%\u00bb background_color_gradient_overlays_image=\u00bboff\u00bb parallax=\u00bboff\u00bb parallax_method=\u00bbon\u00bb background_size=\u00bbcover\u00bb background_position=\u00bbcenter\u00bb background_repeat=\u00bbno-repeat\u00bb background_blend=\u00bbnormal\u00bb allow_player_pause=\u00bboff\u00bb background_video_pause_outside_viewport=\u00bbon\u00bb use_bg_overlay=\u00bboff\u00bb use_text_overlay=\u00bboff\u00bb text_border_radius=\u00bb3&#8243; alignment=\u00bbcenter\u00bb child_filter_hue_rotate=\u00bb0deg\u00bb child_filter_saturate=\u00bb100%\u00bb child_filter_brightness=\u00bb100%\u00bb child_filter_contrast=\u00bb100%\u00bb child_filter_invert=\u00bb0%\u00bb child_filter_sepia=\u00bb0%\u00bb child_filter_opacity=\u00bb100%\u00bb child_filter_blur=\u00bb0px\u00bb child_mix_blend_mode=\u00bbnormal\u00bb background_layout=\u00bbdark\u00bb text_shadow_style=\u00bbnone\u00bb header_text_shadow_style=\u00bbnone\u00bb body_text_shadow_style=\u00bbnone\u00bb custom_button=\u00bboff\u00bb button_bg_use_color_gradient=\u00bboff\u00bb button_bg_color_gradient_overlays_image=\u00bboff\u00bb button_use_icon=\u00bbon\u00bb button_on_hover=\u00bbon\u00bb button_text_shadow_style=\u00bbnone\u00bb box_shadow_style_button=\u00bbnone\u00bb text_shadow_horizontal_length=\u00bb0em\u00bb text_shadow_vertical_length=\u00bb0em\u00bb text_shadow_blur_strength=\u00bb0em\u00bb header_text_shadow_horizontal_length=\u00bb0em\u00bb header_text_shadow_vertical_length=\u00bb0em\u00bb header_text_shadow_blur_strength=\u00bb0em\u00bb body_text_shadow_horizontal_length=\u00bb0em\u00bb body_text_shadow_vertical_length=\u00bb0em\u00bb body_text_shadow_blur_strength=\u00bb0em\u00bb button_text_shadow_horizontal_length=\u00bb0em\u00bb button_text_shadow_vertical_length=\u00bb0em\u00bb button_text_shadow_blur_strength=\u00bb0em\u00bb background_image=\u00bbhttp:\/\/shopwcseu.com\/wp-content\/uploads\/2018\/10\/IMG_20161120_083401-1.jpg\u00bb]<\/p>\n<p style=\"text-align: center;\">y encuentra el producto que se ajuste a tus necesidades<\/p>\n<p>[\/et_pb_slide][et_pb_slide _builder_version=\u00bb3.3.1&#8243; heading=\u00bb\u00bfNecesitas ayuda?\u00bb button_text=\u00bbContacta con nosotros\u00bb button_link=\u00bbhttp:\/\/shopwcseu.com\/es\/contact\/\u00bb background_color=\u00bbrgba(122,122,122,0)\u00bb use_background_color_gradient=\u00bboff\u00bb background_color_gradient_start=\u00bb#2b87da\u00bb background_color_gradient_end=\u00bb#29c4a9&#8243; background_color_gradient_type=\u00bblinear\u00bb background_color_gradient_direction=\u00bb180deg\u00bb background_color_gradient_direction_radial=\u00bbcenter\u00bb background_color_gradient_start_position=\u00bb0%\u00bb background_color_gradient_end_position=\u00bb100%\u00bb background_color_gradient_overlays_image=\u00bboff\u00bb parallax=\u00bboff\u00bb parallax_method=\u00bbon\u00bb background_size=\u00bbcover\u00bb background_position=\u00bbcenter\u00bb background_repeat=\u00bbno-repeat\u00bb background_blend=\u00bbnormal\u00bb allow_player_pause=\u00bboff\u00bb background_video_pause_outside_viewport=\u00bbon\u00bb use_bg_overlay=\u00bboff\u00bb use_text_overlay=\u00bboff\u00bb text_border_radius=\u00bb3&#8243; alignment=\u00bbcenter\u00bb child_filter_hue_rotate=\u00bb0deg\u00bb child_filter_saturate=\u00bb100%\u00bb child_filter_brightness=\u00bb100%\u00bb child_filter_contrast=\u00bb100%\u00bb child_filter_invert=\u00bb0%\u00bb child_filter_sepia=\u00bb0%\u00bb child_filter_opacity=\u00bb100%\u00bb child_filter_blur=\u00bb0px\u00bb child_mix_blend_mode=\u00bbnormal\u00bb background_layout=\u00bbdark\u00bb text_shadow_style=\u00bbnone\u00bb header_text_shadow_style=\u00bbnone\u00bb body_text_shadow_style=\u00bbnone\u00bb custom_button=\u00bboff\u00bb button_bg_use_color_gradient=\u00bboff\u00bb button_bg_color_gradient_overlays_image=\u00bboff\u00bb button_use_icon=\u00bbon\u00bb button_on_hover=\u00bbon\u00bb button_text_shadow_style=\u00bbnone\u00bb box_shadow_style_button=\u00bbnone\u00bb text_shadow_horizontal_length=\u00bb0em\u00bb text_shadow_vertical_length=\u00bb0em\u00bb text_shadow_blur_strength=\u00bb0em\u00bb header_text_shadow_horizontal_length=\u00bb0em\u00bb header_text_shadow_vertical_length=\u00bb0em\u00bb header_text_shadow_blur_strength=\u00bb0em\u00bb body_text_shadow_horizontal_length=\u00bb0em\u00bb body_text_shadow_vertical_length=\u00bb0em\u00bb body_text_shadow_blur_strength=\u00bb0em\u00bb button_text_shadow_horizontal_length=\u00bb0em\u00bb button_text_shadow_vertical_length=\u00bb0em\u00bb button_text_shadow_blur_strength=\u00bb0em\u00bb background_image=\u00bbhttp:\/\/shopwcseu.com\/wp-content\/uploads\/2018\/10\/IMG_20161120_082916-1.jpg\u00bb]<\/p>\n<p style=\"text-align: center;\">\u00a1Env\u00edenos un mensaje o una llamada telef\u00f3nica y le ayudaremos!<\/p>\n<p>[\/et_pb_slide][\/et_pb_fullwidth_slider][\/et_pb_section][et_pb_section bb_built=\u00bb1&#8243; specialty=\u00bboff\u00bb prev_background_color=\u00bb#ffffff\u00bb _builder_version=\u00bb3.3.1&#8243; background_color=\u00bb#dadada\u00bb next_background_color=\u00bb#ffffff\u00bb][et_pb_row _builder_version=\u00bb3.3.1&#8243;][et_pb_column type=\u00bb4_4&#8243;][et_pb_text _builder_version=\u00bb3.3.1&#8243;]<\/p>\n<h2 style=\"text-align: center;\">DESCARGUE NUESTRO CATALOGO<\/h2>\n<p style=\"text-align: center;\">Y vea nuestra lista de productos disponibles offline desde cualquier lugar<\/p>\n<p>[\/et_pb_text][et_pb_button _builder_version=\u00bb3.3.1&#8243; button_text=\u00bbDownload catalogue\u00bb button_url=\u00bbhttp:\/\/shopwcseu.com\/wp-content\/uploads\/2018\/09\/CATALOGO-TOTAL_2018.pdf\u00bb button_alignment=\u00bbcenter\u00bb \/][\/et_pb_column][\/et_pb_row][\/et_pb_section][et_pb_section bb_built=\u00bb1&#8243; prev_background_color=\u00bb#dadada\u00bb next_background_color=\u00bb#dadada\u00bb _builder_version=\u00bb3.3.1&#8243; background_image=\u00bbhttp:\/\/shopwcseu.com\/wp-content\/uploads\/2018\/10\/IMG_0373-1.jpg\u00bb][et_pb_row _builder_version=\u00bb3.3.1&#8243; custom_padding=\u00bb80px||80px|\u00bb][et_pb_column type=\u00bb4_4&#8243;][et_pb_text _builder_version=\u00bb3.3.1&#8243;]<\/p>\n<h2 style=\"color: #fff; text-align: center; max-width: 650px; margin: 0 auto; line-height: 1.5; text-shadow: 0 2px 5px #000;\">Somos una empresa distribuidora de captura, manejo y repelente de vida silvestre.<\/h2>\n<p style=\"color: #fff; text-align: center; max-width: 650px; margin: 40px auto 0 auto; line-height: 2; text-shadow: 0 2px 5px #000; font-size: 18px;\">Distribuimos material de WCS desde los Estados Unidos. Adem\u00e1s de vender los productos, somos profesionales de la captura desde hace 22 a\u00f1os. Cuando compra uno de nuestros productos, tambi\u00e9n adquiere asesoramiento y calidad. Le atenderemos en todo momento sin tener que preocuparse por d\u00f3nde est\u00e1 su dinero o su mercanc\u00eda.<\/p>\n<p>[\/et_pb_text][\/et_pb_column][\/et_pb_row][\/et_pb_section][et_pb_section bb_built=\u00bb1&#8243; specialty=\u00bboff\u00bb prev_background_color=\u00bb#ffffff\u00bb _builder_version=\u00bb3.3.1&#8243; background_color=\u00bb#dadada\u00bb][et_pb_row _builder_version=\u00bb3.3.1&#8243;][et_pb_column type=\u00bb4_4&#8243;][et_pb_text _builder_version=\u00bb3.3.1&#8243;]<\/p>\n<h2 style=\"text-align: center;\">\u00bfQuieres m\u00e1s?<\/h2>\n<p style=\"text-align: center;\">\u00a1Puedes ver nuestro listado de productos online!<\/p>\n<p>[\/et_pb_text][et_pb_button _builder_version=\u00bb3.3.1&#8243; button_text=\u00bb\u00a1Echale un vistazo!\u00bb button_url=\u00bbhttp:\/\/shopwcseu.com\/es\/products\u00bb button_alignment=\u00bbcenter\u00bb \/][\/et_pb_column][\/et_pb_row][\/et_pb_section]<\/p>","protected":false},"excerpt":{"rendered":"<p>[et_pb_section bb_built=\u00bb1&#8243; fullwidth=\u00bbon\u00bb specialty=\u00bboff\u00bb next_background_color=\u00bb#dadada\u00bb][et_pb_fullwidth_slider _builder_version=\u00bb3.3.1&#8243;][et_pb_slide _builder_version=\u00bb3.3.1&#8243; heading=\u00bbVisita nuestra tienda\u00bb button_text=\u00bbVer productos\u00bb button_link=\u00bbhttp:\/\/shopwcseu.com\/es\/products\/\u00bb background_color=\u00bbrgba(122,122,122,0)\u00bb use_background_color_gradient=\u00bboff\u00bb background_color_gradient_start=\u00bb#2b87da\u00bb background_color_gradient_end=\u00bb#29c4a9&#8243; background_color_gradient_type=\u00bblinear\u00bb background_color_gradient_direction=\u00bb180deg\u00bb background_color_gradient_direction_radial=\u00bbcenter\u00bb background_color_gradient_start_position=\u00bb0%\u00bb background_color_gradient_end_position=\u00bb100%\u00bb background_color_gradient_overlays_image=\u00bboff\u00bb parallax=\u00bboff\u00bb parallax_method=\u00bbon\u00bb background_size=\u00bbcover\u00bb background_position=\u00bbcenter\u00bb background_repeat=\u00bbno-repeat\u00bb background_blend=\u00bbnormal\u00bb allow_player_pause=\u00bboff\u00bb background_video_pause_outside_viewport=\u00bbon\u00bb use_bg_overlay=\u00bboff\u00bb use_text_overlay=\u00bboff\u00bb text_border_radius=\u00bb3&#8243; alignment=\u00bbcenter\u00bb child_filter_hue_rotate=\u00bb0deg\u00bb child_filter_saturate=\u00bb100%\u00bb child_filter_brightness=\u00bb100%\u00bb child_filter_contrast=\u00bb100%\u00bb child_filter_invert=\u00bb0%\u00bb child_filter_sepia=\u00bb0%\u00bb child_filter_opacity=\u00bb100%\u00bb child_filter_blur=\u00bb0px\u00bb child_mix_blend_mode=\u00bbnormal\u00bb background_layout=\u00bbdark\u00bb text_shadow_style=\u00bbnone\u00bb header_text_shadow_style=\u00bbnone\u00bb body_text_shadow_style=\u00bbnone\u00bb custom_button=\u00bboff\u00bb button_bg_use_color_gradient=\u00bboff\u00bb button_bg_color_gradient_overlays_image=\u00bboff\u00bb button_use_icon=\u00bbon\u00bb button_on_hover=\u00bbon\u00bb button_text_shadow_style=\u00bbnone\u00bb box_shadow_style_button=\u00bbnone\u00bb [&hellip;]<\/p>\n","protected":false},"author":1,"featured_media":0,"parent":0,"menu_order":0,"comment_status":"closed","ping_status":"closed","template":"","meta":{"footnotes":""},"class_list":["post-2","page","type-page","status-publish","hentry"],"yoast_head":"<!-- This site is optimized with the Yoast SEO plugin v27.0 - https:\/\/yoast.com\/product\/yoast-seo-wordpress\/ -->\n<title>Home - Wildlife Control Supplies EU<\/title>\n<meta name=\"description\" content=\"(English) Wildlife Control Supplies EU - Marketing, distribution, manufacture, import, and export of traps and material for the capture and management of wildlife.\" \/>\n<meta name=\"robots\" content=\"index, follow, max-snippet:-1, max-image-preview:large, max-video-preview:-1\" \/>\n<link rel=\"canonical\" href=\"https:\/\/shopwcseu.com\/es\/\" \/>\n<meta property=\"og:locale\" content=\"es_ES\" \/>\n<meta property=\"og:type\" content=\"article\" \/>\n<meta property=\"og:title\" content=\"Home - Wildlife Control Supplies EU\" \/>\n<meta property=\"og:description\" content=\"(English) Wildlife Control Supplies EU - Marketing, distribution, manufacture, import, and export of traps and material for the capture and management of wildlife.\" \/>\n<meta property=\"og:url\" content=\"https:\/\/shopwcseu.com\/es\/\" \/>\n<meta property=\"og:site_name\" content=\"Wildlife Control Supplies EU\" \/>\n<meta property=\"article:modified_time\" content=\"2022-03-12T11:22:41+00:00\" \/>\n<meta name=\"twitter:card\" content=\"summary_large_image\" \/>\n<meta name=\"twitter:label1\" content=\"Tiempo de lectura\" \/>\n\t<meta name=\"twitter:data1\" content=\"13 minutos\" \/>\n<script type=\"application\/ld+json\" class=\"yoast-schema-graph\">{\"@context\":\"https:\/\/schema.org\",\"@graph\":[{\"@type\":\"WebPage\",\"@id\":\"https:\/\/shopwcseu.com\/es\/\",\"url\":\"https:\/\/shopwcseu.com\/es\/\",\"name\":\"Home - Wildlife Control Supplies EU\",\"isPartOf\":{\"@id\":\"https:\/\/shopwcseu.com\/es\/#website\"},\"datePublished\":\"2018-09-04T18:40:48+00:00\",\"dateModified\":\"2022-03-12T11:22:41+00:00\",\"description\":\"(English) Wildlife Control Supplies EU - Marketing, distribution, manufacture, import, and export of traps and material for the capture and management of wildlife.\",\"breadcrumb\":{\"@id\":\"https:\/\/shopwcseu.com\/es\/#breadcrumb\"},\"inLanguage\":\"es\",\"potentialAction\":[{\"@type\":\"ReadAction\",\"target\":[\"https:\/\/shopwcseu.com\/es\/\"]}]},{\"@type\":\"BreadcrumbList\",\"@id\":\"https:\/\/shopwcseu.com\/es\/#breadcrumb\",\"itemListElement\":[{\"@type\":\"ListItem\",\"position\":1,\"name\":\"Home\",\"item\":\"https:\/\/shopwcseu.com\/es\/\"},{\"@type\":\"ListItem\",\"position\":2,\"name\":\"Home\"}]},{\"@type\":\"WebSite\",\"@id\":\"https:\/\/shopwcseu.com\/es\/#website\",\"url\":\"https:\/\/shopwcseu.com\/es\/\",\"name\":\"Wildlife Control Supplies EU\",\"description\":\"La tienda de suministros de material de captura m\u00e1s grande de Europa\",\"potentialAction\":[{\"@type\":\"SearchAction\",\"target\":{\"@type\":\"EntryPoint\",\"urlTemplate\":\"https:\/\/shopwcseu.com\/es\/?s={search_term_string}\"},\"query-input\":{\"@type\":\"PropertyValueSpecification\",\"valueRequired\":true,\"valueName\":\"search_term_string\"}}],\"inLanguage\":\"es\"}]}<\/script>\n<!-- \/ Yoast SEO plugin. -->","yoast_head_json":{"title":"Home - Wildlife Control Supplies EU","description":"(English) Wildlife Control Supplies EU - Marketing, distribution, manufacture, import, and export of traps and material for the capture and management of wildlife.","robots":{"index":"index","follow":"follow","max-snippet":"max-snippet:-1","max-image-preview":"max-image-preview:large","max-video-preview":"max-video-preview:-1"},"canonical":"https:\/\/shopwcseu.com\/es\/","og_locale":"es_ES","og_type":"article","og_title":"Home - Wildlife Control Supplies EU","og_description":"(English) Wildlife Control Supplies EU - Marketing, distribution, manufacture, import, and export of traps and material for the capture and management of wildlife.","og_url":"https:\/\/shopwcseu.com\/es\/","og_site_name":"Wildlife Control Supplies EU","article_modified_time":"2022-03-12T11:22:41+00:00","twitter_card":"summary_large_image","twitter_misc":{"Tiempo de lectura":"13 minutos"},"schema":{"@context":"https:\/\/schema.org","@graph":[{"@type":"WebPage","@id":"https:\/\/shopwcseu.com\/es\/","url":"https:\/\/shopwcseu.com\/es\/","name":"Home - Wildlife Control Supplies EU","isPartOf":{"@id":"https:\/\/shopwcseu.com\/es\/#website"},"datePublished":"2018-09-04T18:40:48+00:00","dateModified":"2022-03-12T11:22:41+00:00","description":"(English) Wildlife Control Supplies EU - Marketing, distribution, manufacture, import, and export of traps and material for the capture and management of wildlife.","breadcrumb":{"@id":"https:\/\/shopwcseu.com\/es\/#breadcrumb"},"inLanguage":"es","potentialAction":[{"@type":"ReadAction","target":["https:\/\/shopwcseu.com\/es\/"]}]},{"@type":"BreadcrumbList","@id":"https:\/\/shopwcseu.com\/es\/#breadcrumb","itemListElement":[{"@type":"ListItem","position":1,"name":"Home","item":"https:\/\/shopwcseu.com\/es\/"},{"@type":"ListItem","position":2,"name":"Home"}]},{"@type":"WebSite","@id":"https:\/\/shopwcseu.com\/es\/#website","url":"https:\/\/shopwcseu.com\/es\/","name":"Wildlife Control Supplies EU","description":"La tienda de suministros de material de captura m\u00e1s grande de Europa","potentialAction":[{"@type":"SearchAction","target":{"@type":"EntryPoint","urlTemplate":"https:\/\/shopwcseu.com\/es\/?s={search_term_string}"},"query-input":{"@type":"PropertyValueSpecification","valueRequired":true,"valueName":"search_term_string"}}],"inLanguage":"es"}]}},"_links":{"self":[{"href":"https:\/\/shopwcseu.com\/es\/wp-json\/wp\/v2\/pages\/2","targetHints":{"allow":["GET"]}}],"collection":[{"href":"https:\/\/shopwcseu.com\/es\/wp-json\/wp\/v2\/pages"}],"about":[{"href":"https:\/\/shopwcseu.com\/es\/wp-json\/wp\/v2\/types\/page"}],"author":[{"embeddable":true,"href":"https:\/\/shopwcseu.com\/es\/wp-json\/wp\/v2\/users\/1"}],"replies":[{"embeddable":true,"href":"https:\/\/shopwcseu.com\/es\/wp-json\/wp\/v2\/comments?post=2"}],"version-history":[{"count":69,"href":"https:\/\/shopwcseu.com\/es\/wp-json\/wp\/v2\/pages\/2\/revisions"}],"predecessor-version":[{"id":1070,"href":"https:\/\/shopwcseu.com\/es\/wp-json\/wp\/v2\/pages\/2\/revisions\/1070"}],"wp:attachment":[{"href":"https:\/\/shopwcseu.com\/es\/wp-json\/wp\/v2\/media?parent=2"}],"curies":[{"name":"wp","href":"https:\/\/api.w.org\/{rel}","templated":true}]}}